{"id":10032,"date":"2024-01-23T12:37:18","date_gmt":"2024-01-23T11:37:18","guid":{"rendered":"https:\/\/birdofparadise.pt\/herkunft-unserer-zutaten\/"},"modified":"2024-01-23T14:01:03","modified_gmt":"2024-01-23T13:01:03","slug":"herkunft-unserer-zutaten","status":"publish","type":"page","link":"https:\/\/birdofparadise.pt\/de\/herkunft-unserer-zutaten\/","title":{"rendered":"Herkunft unserer Zutaten"},"content":{"rendered":"\t\t<div data-elementor-type=\"wp-page\" data-elementor-id=\"10032\" class=\"elementor elementor-10032 elementor-9999\">\n\t\t\t\t<div class=\"elementor-element elementor-element-415ca90 e-flex e-con-boxed e-con e-parent\" data-id=\"415ca90\" data-element_type=\"container\" data-e-type=\"container\">\n\t\t\t\t\t<div class=\"e-con-inner\">\n\t\t\t\t<div class=\"elementor-element elementor-element-14241b9 elementor-widget elementor-widget-heading\" data-id=\"14241b9\" data-element_type=\"widget\" data-e-type=\"widget\" data-widget_type=\"heading.default\">\n\t\t\t\t<div class=\"elementor-widget-container\">\n\t\t\t\t\t<h3 class=\"elementor-heading-title elementor-size-default\">Herkunft unserer Zutaten<\/h3>\t\t\t\t<\/div>\n\t\t\t\t<\/div>\n\t\t\t\t\t<\/div>\n\t\t\t\t<\/div>\n\t\t<div class=\"elementor-element elementor-element-45d38e2 e-flex e-con-boxed e-con e-parent\" data-id=\"45d38e2\" data-element_type=\"container\" data-e-type=\"container\">\n\t\t\t\t\t<div class=\"e-con-inner\">\n\t\t\t\t<div class=\"elementor-element elementor-element-d878b51 elementor-widget elementor-widget-text-editor\" data-id=\"d878b51\" data-element_type=\"widget\" data-e-type=\"widget\" data-widget_type=\"text-editor.default\">\n\t\t\t\t<div class=\"elementor-widget-container\">\n\t\t\t\t\t\t\t\t\t<p><a href=\"https:\/\/birdofparadise.pt\/wp-content\/uploads\/2024\/01\/MapChart_Map-e1706010402303.png\"><img fetchpriority=\"high\" decoding=\"async\" class=\"size-full wp-image-10003 aligncenter\" src=\"https:\/\/birdofparadise.pt\/wp-content\/uploads\/2024\/01\/MapChart_Map-e1706010402303.png\" alt=\"\" width=\"600\" height=\"316\"><\/a><\/p>\n<table width=\"1155\">\n<tbody>\n<tr>\n<td width=\"160\">S\u00dcDAFRIKA<\/td>\n<td width=\"995\">Rooibos<\/td>\n<\/tr>\n<tr>\n<td>DEUTSCHLAND<\/td>\n<td width=\"995\">K\u00fcmmel, Schnittlauch, Estragon, Majoran, Senf, Petersilie, Thymian<\/td>\n<\/tr>\n<tr>\n<td>\u00d6STERREICH<\/td>\n<td width=\"995\">Frauenmantel, Melisse, Minze, Senf, Brennnessel, Pastinake, Liebst\u00f6ckel<\/td>\n<\/tr>\n<tr>\n<td>BOSNIEN<\/td>\n<td width=\"995\">Wacholder, Lorbeer, Salbei, B\u00e4rlauch<\/td>\n<\/tr>\n<tr>\n<td>BRASILIEN<\/td>\n<td width=\"995\">Tonkabohne<\/td>\n<\/tr>\n<tr>\n<td>BRASILIEN<\/td>\n<td width=\"995\">Gr\u00fcner Mate<\/td>\n<\/tr>\n<tr>\n<td>BURKINA-FASO<\/td>\n<td width=\"995\">Hibiskus<\/td>\n<\/tr>\n<tr>\n<td>KAMBODGE<\/td>\n<td width=\"995\">Schwarzer Kampot-Pfeffer IGP, Roter Kampot-Pfeffer IGP<\/td>\n<\/tr>\n<tr>\n<td>CHINA<\/td>\n<td width=\"995\">Gr\u00fcner Tee, Schwarzer Tee<\/td>\n<\/tr>\n<tr>\n<td>\u00c4GYPTEN<\/td>\n<td width=\"995\">Basilikum, Majoran, Zwiebel, Hibiskus<\/td>\n<\/tr>\n<tr>\n<td>SPANIEN<\/td>\n<td width=\"995\">Zitrone (Schale), Orange (Schalen), S\u00fc\u00dfholz, Lakritze, Thymian, Zitronenthymian, Eisenkraut<\/td>\n<\/tr>\n<tr>\n<td>FRANKREICH<\/td>\n<td width=\"995\">Oregano, Rosmarin, Bohnenkraut, Thymian, Zitronenthymian, Schwarze Johannisbeere, Schafgarbe, Klette, Borretsch, Ysop, Olivenbaum, Oregano, L\u00f6wenzahn, Lindenbl\u00fcten, Lindenbl\u00e4tter, Lavendel Kornblume, Malve, Ringelblume, Anis, K\u00fcmmel, Koriandersamen, K\u00fcmmel, Fenchel, Nigella, Mohn, Melisse, Minze, Pfefferminze, Salbei Knoblauch, Schalotte, Zwiebel, Wei\u00dfdorn, Birke, Heidekraut, Hagebutte, Himbeere, Esche, Enzian, Eibisch, Heidelbeere, Heidelbeere, Kiefer (Knospen), Wiesenk\u00f6nigin, Holunder, Weinrebe- Piment d&#8217;Espelette, Bockshornklee, Majoran<\/td>\n<\/tr>\n<tr>\n<td>GRIECHENLAND<\/td>\n<td width=\"995\">Lorbeer, Oregano, Rosmarin, Thymian<\/td>\n<\/tr>\n<tr>\n<td>GUATEMALA<\/td>\n<td width=\"995\">Kardamom, Jamaika-Chili<\/td>\n<\/tr>\n<tr>\n<td>UNGARN<\/td>\n<td width=\"995\">Rote Bete, Pastinaken, Paprika, Lauch<\/td>\n<\/tr>\n<tr>\n<td>INDIEN (Kerala)<\/td>\n<td width=\"995\">Gr\u00fcner Pfeffer, Schwarzer und Gr\u00fcner Tee, Senf<\/td>\n<\/tr>\n<tr>\n<td>IRAN<\/td>\n<td width=\"995\">Damaszener Rose, Safran, K\u00fcmmel, Sumach<\/td>\n<\/tr>\n<tr>\n<td>ITALIEN<\/td>\n<td width=\"995\">Lakritze, Tomate<\/td>\n<\/tr>\n<tr>\n<td>JAPAN<\/td>\n<td width=\"995\">Matcha Tee<\/td>\n<\/tr>\n<tr>\n<td>LITAUEN<\/td>\n<td width=\"995\">K\u00fcmmel<\/td>\n<\/tr>\n<tr>\n<td>MADAGASCAR<\/td>\n<td width=\"995\">Schwarzer Pfeffer, Kurkuma, Vanille Rosa Beeren, Zimt Rohre, Zimt geschabte Rinde, Zimt ungeschabte Rinde, Combava -Ingwer, Nelken<\/td>\n<\/tr>\n<tr>\n<td>MAROKKO<\/td>\n<td width=\"995\">Bigaradier, Knospen, Bl\u00e4tter und Rinde von Orangenb\u00e4umen, Zitronenschale, Eisenkraut<\/td>\n<\/tr>\n<tr>\n<td>PARAGUAY<\/td>\n<td width=\"995\">Rohrzucker<\/td>\n<\/tr>\n<tr>\n<td>PERU<\/td>\n<td width=\"995\">Ingwer<\/td>\n<\/tr>\n<tr>\n<td>PORTUGAL<\/td>\n<td width=\"995\">Zitronengras, Eukalyptus, Thymian, Zitronenthymian, Eisenkraut<\/td>\n<\/tr>\n<tr>\n<td>SRI-LANKA<\/td>\n<td width=\"995\">Zitronengras, Nelke, Muskatnuss<\/td>\n<\/tr>\n<tr>\n<td>T\u00dcRKEI<\/td>\n<td width=\"995\">Anis, Kreuzk\u00fcmmel, Fenchel, Kirschschw\u00e4nze<\/td>\n<\/tr>\n<\/tbody>\n<\/table>\n\t\t\t\t\t\t\t\t<\/div>\n\t\t\t\t<\/div>\n\t\t\t\t\t<\/div>\n\t\t\t\t<\/div>\n\t\t\t\t<\/div>\n\t\t","protected":false},"excerpt":{"rendered":"<p>Herkunft unserer Zutaten S\u00dcDAFRIKA Rooibos DEUTSCHLAND K\u00fcmmel, Schnittlauch, Estragon, Majoran, Senf, Petersilie, Thymian \u00d6STERREICH Frauenmantel, Melisse, Minze, Senf, Brennnessel, Pastinake, Liebst\u00f6ckel BOSNIEN Wacholder, Lorbeer, Salbei, B\u00e4rlauch BRASILIEN Tonkabohne BRASILIEN Gr\u00fcner Mate BURKINA-FASO Hibiskus KAMBODGE Schwarzer Kampot-Pfeffer IGP, Roter Kampot-Pfeffer IGP CHINA Gr\u00fcner Tee, Schwarzer Tee \u00c4GYPTEN Basilikum, Majoran, Zwiebel, Hibiskus SPANIEN Zitrone (Schale), Orange (Schalen), [&hellip;]<\/p>\n","protected":false},"author":1,"featured_media":10005,"parent":0,"menu_order":0,"comment_status":"closed","ping_status":"closed","template":"elementor_theme","meta":{"footnotes":""},"class_list":["post-10032","page","type-page","status-publish","has-post-thumbnail","hentry"],"_links":{"self":[{"href":"https:\/\/birdofparadise.pt\/de\/wp-json\/wp\/v2\/pages\/10032","targetHints":{"allow":["GET"]}}],"collection":[{"href":"https:\/\/birdofparadise.pt\/de\/wp-json\/wp\/v2\/pages"}],"about":[{"href":"https:\/\/birdofparadise.pt\/de\/wp-json\/wp\/v2\/types\/page"}],"author":[{"embeddable":true,"href":"https:\/\/birdofparadise.pt\/de\/wp-json\/wp\/v2\/users\/1"}],"replies":[{"embeddable":true,"href":"https:\/\/birdofparadise.pt\/de\/wp-json\/wp\/v2\/comments?post=10032"}],"version-history":[{"count":0,"href":"https:\/\/birdofparadise.pt\/de\/wp-json\/wp\/v2\/pages\/10032\/revisions"}],"wp:featuredmedia":[{"embeddable":true,"href":"https:\/\/birdofparadise.pt\/de\/wp-json\/wp\/v2\/media\/10005"}],"wp:attachment":[{"href":"https:\/\/birdofparadise.pt\/de\/wp-json\/wp\/v2\/media?parent=10032"}],"curies":[{"name":"wp","href":"https:\/\/api.w.org\/{rel}","templated":true}]}}