{"id":7916,"date":"2023-11-05T18:52:45","date_gmt":"2023-11-05T17:52:45","guid":{"rendered":"https:\/\/birdofparadise.pt\/allgemeine-geschaeftsbedingungen\/"},"modified":"2024-10-13T16:29:45","modified_gmt":"2024-10-13T15:29:45","slug":"allgemeine-geschaeftsbedingungen","status":"publish","type":"page","link":"https:\/\/birdofparadise.pt\/de\/allgemeine-gesch%C3%A4ftsbedingungen\/","title":{"rendered":"Allgemeine Gesch\u00e4ftsbedingungen"},"content":{"rendered":"\t\t<div data-elementor-type=\"wp-page\" data-elementor-id=\"7916\" class=\"elementor elementor-7916 elementor-6749\">\n\t\t\t\t<div class=\"elementor-element elementor-element-b0c6ffe e-flex e-con-boxed e-con e-parent\" data-id=\"b0c6ffe\" data-element_type=\"container\" data-e-type=\"container\">\n\t\t\t\t\t<div class=\"e-con-inner\">\n\t\t\t\t<div class=\"elementor-element elementor-element-3b56cc5 elementor-widget elementor-widget-text-editor\" data-id=\"3b56cc5\" data-element_type=\"widget\" data-e-type=\"widget\" data-widget_type=\"text-editor.default\">\n\t\t\t\t<div class=\"elementor-widget-container\">\n\t\t\t\t\t\t\t\t\t<h3>1. Annahme der Allgemeinen Gesch\u00e4ftsbedingungen<\/h3>\n<p>Wenn Sie auf der Website von Bird of Paradise einen Kauf t\u00e4tigen, erkl\u00e4ren Sie sich mit diesen Allgemeinen Gesch\u00e4ftsbedingungen einverstanden. Bitte lesen Sie sie sorgf\u00e4ltig durch, bevor Sie eine Bestellung aufgeben.<\/p>\n<h3>2. Produkte und Bestellungen<\/h3>\n<h4>2.1. Beschreibung der Produkte<\/h4>\n<p>Wir bem\u00fchen uns, genaue Beschreibungen unserer Produkte zu liefern. Es kann jedoch zu Abweichungen kommen. Die Bilder basieren zwar auf Mustern jedes von uns verkauften Produkts, dienen aber nur der Veranschaulichung. Nat\u00fcrliche Abweichungen von einer Partie zur n\u00e4chsten k\u00f6nnen vorkommen, ohne dass die Qualit\u00e4t des Produkts dadurch beeintr\u00e4chtigt wird.<\/p>\n<h4>2.2. Befehle<\/h4>\n<p>Wenn Sie eine Bestellung aufgeben, garantieren Sie uns, dass Sie das gesetzliche Mindestalter f\u00fcr den Kauf der Produkte haben.<\/p>\n<h3>3. Preis und Zahlung<\/h3>\n<h4>3.1. Preis<\/h4>\n<p>Die Preise der Produkte sind in Euro angegeben. Sie k\u00f6nnen ohne Vorank\u00fcndigung ge\u00e4ndert werden, au\u00dfer bei bereits best\u00e4tigten Bestellungen.<\/p>\n<h4>3.2. Zahlung<\/h4>\n<p>Zahlungen werden auf sichere Weise verarbeitet. Die verf\u00fcgbaren Zahlungsoptionen werden w\u00e4hrend des Bestellvorgangs angegeben.<\/p>\n<h3>4. Lieferung<\/h3>\n<h4>4.1. Kosten f\u00fcr die Lieferung<\/h4>\n<p>Die Lieferkosten werden w\u00e4hrend des Bestellvorgangs angegeben. Sie h\u00e4ngen vom Zielort und dem Gewicht der Bestellung ab. Bei einer Bestellung \u00fcber 40 Euro erlassen wir Ihnen die Versandkosten.<\/p>\n<h4>4.2. Lieferfristen<\/h4>\n<p>Die gesch\u00e4tzten Lieferzeiten sind unverbindlich. Wir verpflichten uns, Ihre Bestellung am n\u00e4chsten Werktag oder am selben Tag zu versenden, wenn die Bestellung vor 13 Uhr (UTC+1) aufgegeben wird. Alle unsere Tees, die auf der Website verkauft werden, sind auf Lager und versandfertig, mit Ausnahme von Zubeh\u00f6r, f\u00fcr das wir uns eine Frist von maximal 72 Stunden einr\u00e4umen, falls der Artikel nicht auf Lager ist.  Wir sind nicht f\u00fcr Verz\u00f6gerungen verantwortlich, die den Transportunternehmen zuzuschreiben sind. Wir verpflichten uns, Ihnen eine Sendungsverfolgung zur Verf\u00fcgung zu stellen.<\/p>\n<h3>5. Widerrufsrecht<\/h3>\n<h4>5.1. Widerrufsfrist<\/h4>\n<p>Gem\u00e4\u00df der Gesetzgebung der Europ\u00e4ischen Union haben Sie das Recht, Ihren Kauf innerhalb von 14 Tagen nach Erhalt der Produkte zu widerrufen, au\u00dfer bei Produkten, die vom Widerrufsrecht ausgeschlossen sind (siehe unsere Richtlinien f\u00fcr R\u00fccksendungen und R\u00fcckerstattungen).<\/p>\n<h4>5.2. Ausnahmen vom Widerrufsrecht<\/h4>\n<p>Ge\u00f6ffnete Beutel sind gem\u00e4\u00df EU-Recht vom Widerrufsrecht ausgeschlossen.<\/p>\n<h3>6. R\u00fcckerstattungen und R\u00fccksendungen<\/h3>\n<p>Einzelheiten zu R\u00fcckerstattungen und R\u00fccksendungen sind in unseren Richtlinien f\u00fcr R\u00fcckerstattungen und R\u00fccksendungen angegeben, die auf unserer Website verf\u00fcgbar sind.<\/p>\n<h3>7. Beschr\u00e4nkung der Haftung<\/h3>\n<p>Bird of Paradise haftet nicht f\u00fcr indirekte Sch\u00e4den, Folgesch\u00e4den oder Sondersch\u00e4den, die sich aus der Verwendung unserer Produkte ergeben. Es obliegt dem Kunden, sich \u00fcber medikament\u00f6se Kontraindikationen oder einen bestimmten medizinischen Zustand zu informieren, der den Genuss des Tees unerw\u00fcnscht macht.<\/p>\n<h3>8. \u00c4nderungen der Allgemeinen Gesch\u00e4ftsbedingungen<\/h3>\n<p>Wir behalten uns das Recht vor, die vorliegenden Allgemeinen Gesch\u00e4ftsbedingungen jederzeit zu \u00e4ndern. Die \u00c4nderungen werden wirksam, sobald sie auf unserer Website ver\u00f6ffentlicht werden.<\/p>\n<h3>9. Kontakt<\/h3>\n<p>Wenn Sie Fragen zu Ihren Bestellungen oder diesen Allgemeinen Gesch\u00e4ftsbedingungen haben, kontaktieren Sie uns bitte unter <a href=\"mailto:info@birdofparadise.pt\">info@birdofparadise.pt<\/a><\/p>\n<p>Vielen Dank, dass Sie Bird of Paradise vertrauen!<\/p>\n\t\t\t\t\t\t\t\t<\/div>\n\t\t\t\t<\/div>\n\t\t\t\t\t<\/div>\n\t\t\t\t<\/div>\n\t\t\t\t<\/div>\n\t\t","protected":false},"excerpt":{"rendered":"<p>1. Annahme der Allgemeinen Gesch\u00e4ftsbedingungen Wenn Sie auf der Website von Bird of Paradise einen Kauf t\u00e4tigen, erkl\u00e4ren Sie sich mit diesen Allgemeinen Gesch\u00e4ftsbedingungen einverstanden. Bitte lesen Sie sie sorgf\u00e4ltig durch, bevor Sie eine Bestellung aufgeben. 2. Produkte und Bestellungen 2.1. Beschreibung der Produkte Wir bem\u00fchen uns, genaue Beschreibungen unserer Produkte zu liefern. Es kann [&hellip;]<\/p>\n","protected":false},"author":1,"featured_media":0,"parent":0,"menu_order":0,"comment_status":"closed","ping_status":"closed","template":"","meta":{"footnotes":""},"class_list":["post-7916","page","type-page","status-publish","hentry"],"_links":{"self":[{"href":"https:\/\/birdofparadise.pt\/de\/wp-json\/wp\/v2\/pages\/7916","targetHints":{"allow":["GET"]}}],"collection":[{"href":"https:\/\/birdofparadise.pt\/de\/wp-json\/wp\/v2\/pages"}],"about":[{"href":"https:\/\/birdofparadise.pt\/de\/wp-json\/wp\/v2\/types\/page"}],"author":[{"embeddable":true,"href":"https:\/\/birdofparadise.pt\/de\/wp-json\/wp\/v2\/users\/1"}],"replies":[{"embeddable":true,"href":"https:\/\/birdofparadise.pt\/de\/wp-json\/wp\/v2\/comments?post=7916"}],"version-history":[{"count":0,"href":"https:\/\/birdofparadise.pt\/de\/wp-json\/wp\/v2\/pages\/7916\/revisions"}],"wp:attachment":[{"href":"https:\/\/birdofparadise.pt\/de\/wp-json\/wp\/v2\/media?parent=7916"}],"curies":[{"name":"wp","href":"https:\/\/api.w.org\/{rel}","templated":true}]}}