{"id":7969,"date":"2023-05-12T07:43:02","date_gmt":"2023-05-12T06:43:02","guid":{"rendered":"https:\/\/birdofparadise.pt\/wer-sind-wir\/"},"modified":"2024-03-13T20:33:35","modified_gmt":"2024-03-13T19:33:35","slug":"wer-wir-sind","status":"publish","type":"page","link":"https:\/\/birdofparadise.pt\/de\/wer-wir-sind\/","title":{"rendered":"Wer wir sind"},"content":{"rendered":"\t\t<div data-elementor-type=\"wp-page\" data-elementor-id=\"7969\" class=\"elementor elementor-7969 elementor-177\">\n\t\t\t\t<div class=\"elementor-element elementor-element-01ef04d e-grid e-con-boxed e-con e-parent\" data-id=\"01ef04d\" data-element_type=\"container\" data-e-type=\"container\">\n\t\t\t\t\t<div class=\"e-con-inner\">\n\t\t\t\t<div class=\"elementor-element elementor-element-d6961d4 elementor-widget elementor-widget-image\" data-id=\"d6961d4\" data-element_type=\"widget\" data-e-type=\"widget\" data-widget_type=\"image.default\">\n\t\t\t\t<div class=\"elementor-widget-container\">\n\t\t\t\t\t\t\t\t\t\t\t\t\t\t\t<img fetchpriority=\"high\" decoding=\"async\" width=\"1280\" height=\"854\" src=\"https:\/\/birdofparadise.pt\/wp-content\/uploads\/2023\/05\/photo_2023-09-12_21-35-15.jpg\" class=\"attachment-full size-full wp-image-7625\" alt=\"Boutique de th\u00e9\" srcset=\"https:\/\/birdofparadise.pt\/wp-content\/uploads\/2023\/05\/photo_2023-09-12_21-35-15.jpg 1280w, https:\/\/birdofparadise.pt\/wp-content\/uploads\/2023\/05\/photo_2023-09-12_21-35-15-300x200.jpg 300w, https:\/\/birdofparadise.pt\/wp-content\/uploads\/2023\/05\/photo_2023-09-12_21-35-15-1024x683.jpg 1024w, https:\/\/birdofparadise.pt\/wp-content\/uploads\/2023\/05\/photo_2023-09-12_21-35-15-768x512.jpg 768w, https:\/\/birdofparadise.pt\/wp-content\/uploads\/2023\/05\/photo_2023-09-12_21-35-15-1200x800.jpg 1200w, https:\/\/birdofparadise.pt\/wp-content\/uploads\/2023\/05\/photo_2023-09-12_21-35-15-600x400.jpg 600w, https:\/\/birdofparadise.pt\/wp-content\/uploads\/2023\/05\/photo_2023-09-12_21-35-15-850x567.jpg 850w\" sizes=\"(max-width: 1280px) 100vw, 1280px\" \/>\t\t\t\t\t\t\t\t\t\t\t\t\t\t\t<\/div>\n\t\t\t\t<\/div>\n\t\t\t\t<div class=\"elementor-element elementor-element-8cfb05d elementor-widget elementor-widget-text-editor\" data-id=\"8cfb05d\" data-element_type=\"widget\" data-e-type=\"widget\" data-widget_type=\"text-editor.default\">\n\t\t\t\t<div class=\"elementor-widget-container\">\n\t\t\t\t\t\t\t\t\t<h4>Wer wir sind<\/h4>\n<p>Willkommen bei Bird of Paradise, einem Familienunternehmen, das aus unserer gemeinsamen Leidenschaft f\u00fcr Tee und Gesundheit entstanden ist. Bei uns ist jede Tasse Tee viel mehr als nur ein Getr\u00e4nk. Es ist eine Einladung, ein ausgewogenes Leben zu f\u00fchren, K\u00f6rper und Geist zu n\u00e4hren und die Harmonie zu pflegen, die f\u00fcr eine dauerhafte Gesundheit unerl\u00e4sslich ist.<\/p>\n<h5>Unsere Geschichte<\/h5>\n<p>Bird of Paradise wurde als Familienunternehmen gegr\u00fcndet und ist das Ergebnis einer tiefen Leidenschaft f\u00fcr Tee, verbunden mit unserer Verpflichtung zu Qualit\u00e4t, biologischem Anbau und umweltfreundlichen Produktionsmethoden. Wir glauben fest an die Idee, dass das, was wir konsumieren, einen direkten Einfluss auf unser Wohlbefinden hat.<\/p>\n<h5>Unsere Vision<\/h5>\n<p>Wir bem\u00fchen uns, unseren Kunden Tees von au\u00dfergew\u00f6hnlicher Qualit\u00e4t anzubieten, die biologisch und nachhaltig angebaut werden. Unsere Verpflichtung zu umweltfreundlichen Praktiken geht Hand in Hand mit unserem Glauben an die gesundheitsf\u00f6rdernde Kraft der Pflanzen.<\/p>\n<h5>Die Kraft der Pflanzen<\/h5>\n<p>In einer Welt, in der die industrielle Ern\u00e4hrung und die allopathische Medizin ihre Grenzen offenbaren, glauben wir an die Kraft der pflanzlichen Therapien. Unsere Teeauswahl ist nicht nur eine Einladung, exquisite Geschmacksrichtungen zu genie\u00dfen, sondern auch eine Reise zu einem ges\u00fcnderen und ausgewogeneren Leben.<\/p>\n<h5>Die Harmonie wiederfinden<\/h5>\n<p>Wir glauben daran, dass wir wieder eine gesunde Beziehung zu unserem K\u00f6rper und Geist aufbauen m\u00fcssen. Tee als nat\u00fcrliches Heilmittel bietet einen Weg zu innerer Gelassenheit und Harmonie. Es ist eine M\u00f6glichkeit, sich wieder mit der Natur zu verbinden, auf sich selbst zu achten und ein wertvolles Gleichgewicht in unserem gesch\u00e4ftigen Leben zu schaffen.<\/p>\n<h5>Der Weg zur Langlebigkeit<\/h5>\n<p>Bei Bird of Paradise sehen wir Tee als Begleiter auf dem Weg zu einem langen Leben. Durch die Wahl hochwertiger, nachhaltig angebauter Produkte investieren wir in unsere Gesundheit und die unseres Planeten und schaffen so eine dauerhafte Allianz zwischen pers\u00f6nlichem Wohlbefinden und Umweltfreundlichkeit.<\/p>\n\n<p>Begleiten Sie uns auf diesem sinnlichen und wohltuenden Abenteuer. Entdecken Sie bei Bird of Paradise die Essenz des Tees, wo jedes Blatt eine Geschichte \u00fcber Tradition, Gesundheit und die Liebe zum Leben erz\u00e4hlt.<\/p>\t\t\t\t\t\t\t\t<\/div>\n\t\t\t\t<\/div>\n\t\t\t\t\t<\/div>\n\t\t\t\t<\/div>\n\t\t\t\t<\/div>\n\t\t","protected":false},"excerpt":{"rendered":"<p>Wer wir sind Willkommen bei Bird of Paradise, einem Familienunternehmen, das aus unserer gemeinsamen Leidenschaft f\u00fcr Tee und Gesundheit entstanden ist. Bei uns ist jede Tasse Tee viel mehr als nur ein Getr\u00e4nk. Es ist eine Einladung, ein ausgewogenes Leben zu f\u00fchren, K\u00f6rper und Geist zu n\u00e4hren und die Harmonie zu pflegen, die f\u00fcr eine [&hellip;]<\/p>\n","protected":false},"author":1,"featured_media":0,"parent":0,"menu_order":0,"comment_status":"closed","ping_status":"closed","template":"template-homepage.php","meta":{"footnotes":""},"class_list":["post-7969","page","type-page","status-publish","hentry"],"_links":{"self":[{"href":"https:\/\/birdofparadise.pt\/de\/wp-json\/wp\/v2\/pages\/7969","targetHints":{"allow":["GET"]}}],"collection":[{"href":"https:\/\/birdofparadise.pt\/de\/wp-json\/wp\/v2\/pages"}],"about":[{"href":"https:\/\/birdofparadise.pt\/de\/wp-json\/wp\/v2\/types\/page"}],"author":[{"embeddable":true,"href":"https:\/\/birdofparadise.pt\/de\/wp-json\/wp\/v2\/users\/1"}],"replies":[{"embeddable":true,"href":"https:\/\/birdofparadise.pt\/de\/wp-json\/wp\/v2\/comments?post=7969"}],"version-history":[{"count":0,"href":"https:\/\/birdofparadise.pt\/de\/wp-json\/wp\/v2\/pages\/7969\/revisions"}],"wp:attachment":[{"href":"https:\/\/birdofparadise.pt\/de\/wp-json\/wp\/v2\/media?parent=7969"}],"curies":[{"name":"wp","href":"https:\/\/api.w.org\/{rel}","templated":true}]}}