{"id":9685,"date":"2023-05-12T07:43:09","date_gmt":"2023-05-12T06:43:09","guid":{"rendered":"https:\/\/birdofparadise.pt\/unsere-gesellschaft\/"},"modified":"2024-02-09T12:30:52","modified_gmt":"2024-02-09T11:30:52","slug":"unsere-gesellschaft","status":"publish","type":"page","link":"https:\/\/birdofparadise.pt\/de\/unsere-gesellschaft\/","title":{"rendered":"Unsere Gesellschaft"},"content":{"rendered":"\t\t<div data-elementor-type=\"wp-page\" data-elementor-id=\"9685\" class=\"elementor elementor-9685 elementor-178\">\n\t\t\t\t<div class=\"elementor-element elementor-element-a5b6543 e-flex e-con-boxed e-con e-parent\" data-id=\"a5b6543\" data-element_type=\"container\" data-e-type=\"container\">\n\t\t\t\t\t<div class=\"e-con-inner\">\n\t\t\t\t<div class=\"elementor-element elementor-element-50a5393 elementor-widget elementor-widget-heading\" data-id=\"50a5393\" data-element_type=\"widget\" data-e-type=\"widget\" data-widget_type=\"heading.default\">\n\t\t\t\t<div class=\"elementor-widget-container\">\n\t\t\t\t\t<h3 class=\"elementor-heading-title elementor-size-default\">Unsere Gesellschaft<\/h3>\t\t\t\t<\/div>\n\t\t\t\t<\/div>\n\t\t<div class=\"elementor-element elementor-element-211d539 e-con-full e-grid e-con e-child\" data-id=\"211d539\" data-element_type=\"container\" data-e-type=\"container\">\n\t\t\t\t<div class=\"elementor-element elementor-element-a3c54fd elementor-widget elementor-widget-image\" data-id=\"a3c54fd\" data-element_type=\"widget\" data-e-type=\"widget\" data-widget_type=\"image.default\">\n\t\t\t\t<div class=\"elementor-widget-container\">\n\t\t\t\t\t\t\t\t\t\t\t\t\t\t\t<img fetchpriority=\"high\" decoding=\"async\" width=\"900\" height=\"900\" src=\"https:\/\/birdofparadise.pt\/wp-content\/uploads\/2024\/01\/AdobeStock_244188601_notre_societe-1.png\" class=\"attachment-large size-large wp-image-9665\" alt=\"\" srcset=\"https:\/\/birdofparadise.pt\/wp-content\/uploads\/2024\/01\/AdobeStock_244188601_notre_societe-1.png 1000w, https:\/\/birdofparadise.pt\/wp-content\/uploads\/2024\/01\/AdobeStock_244188601_notre_societe-1-300x300.png 300w, https:\/\/birdofparadise.pt\/wp-content\/uploads\/2024\/01\/AdobeStock_244188601_notre_societe-1-150x150.png 150w, https:\/\/birdofparadise.pt\/wp-content\/uploads\/2024\/01\/AdobeStock_244188601_notre_societe-1-768x768.png 768w, https:\/\/birdofparadise.pt\/wp-content\/uploads\/2024\/01\/AdobeStock_244188601_notre_societe-1-600x600.png 600w, https:\/\/birdofparadise.pt\/wp-content\/uploads\/2024\/01\/AdobeStock_244188601_notre_societe-1-850x850.png 850w, https:\/\/birdofparadise.pt\/wp-content\/uploads\/2024\/01\/AdobeStock_244188601_notre_societe-1-100x100.png 100w, https:\/\/birdofparadise.pt\/wp-content\/uploads\/2024\/01\/AdobeStock_244188601_notre_societe-1-96x96.png 96w, https:\/\/birdofparadise.pt\/wp-content\/uploads\/2024\/01\/AdobeStock_244188601_notre_societe-1-460x460.png 460w\" sizes=\"(max-width: 900px) 100vw, 900px\" \/>\t\t\t\t\t\t\t\t\t\t\t\t\t\t\t<\/div>\n\t\t\t\t<\/div>\n\t\t\t\t<div class=\"elementor-element elementor-element-acccac2 elementor-widget__width-inherit elementor-widget elementor-widget-text-editor\" data-id=\"acccac2\" data-element_type=\"widget\" data-e-type=\"widget\" data-widget_type=\"text-editor.default\">\n\t\t\t\t<div class=\"elementor-widget-container\">\n\t\t\t\t\t\t\t\t\t<p>Willkommen bei Bird of Paradise, wo Tee \u00fcber das blo\u00dfe Getr\u00e4nk hinausgeht und zu einer Reise ins Herz der menschlichen Verbindung wird. Als kleines Familienunternehmen definieren wir den Online-Einkauf von Tee neu, indem wir den Schwerpunkt auf Servicequalit\u00e4t und pers\u00f6nliche Interaktion legen. Unsere Sammlung sorgf\u00e4ltig ausgew\u00e4hlter Teesorten spiegelt unsere Verpflichtung zu Spitzenleistungen wider und stellt sicher, dass jede Tasse einen &#8222;Duft des Paradieses auf Erden&#8220; tr\u00e4gt.<\/p>\n<p>Bei Bird of Paradise gehen wir \u00fcber den blo\u00dfen Verkauf von Tee hinaus; wir schaffen ein erstklassiges Online-Erlebnis. Vom Moment, in dem Sie unsere sorgf\u00e4ltig ausgew\u00e4hlten Produkte durchst\u00f6bern, bis zur Ankunft Ihres Pakets ist jedes Detail von unserer Hingabe gepr\u00e4gt, Ihre Teemomente zu etwas Au\u00dfergew\u00f6hnlichem zu machen. <\/p>\n<p>G\u00f6nnen Sie sich mit Bird of Paradise einen Schluck Wohlbefinden. Unsere Tees sind viel mehr als nur Mischungen; sie sind Momente der Selbstf\u00fcrsorge, die Gesundheit und Gl\u00fcck f\u00f6rdern. Werden Sie Teil unserer Familie, in der jede Interaktion, jede Tasse eine Einladung ist, die einfachen Freuden des Lebens zu genie\u00dfen. Entdecken Sie die Freude an hochwertigen Tees, die akribisch ausgew\u00e4hlt, sorgf\u00e4ltig verpackt und geliefert werden, damit Sie sich gut, gesund und verw\u00f6hnt f\u00fchlen &#8211; denn bei Bird of Paradise glauben wir daran, jeden Moment des Tees in den Geschmack des Paradieses zu verwandeln.<\/p>\n\t\t\t\t\t\t\t\t<\/div>\n\t\t\t\t<\/div>\n\t\t\t\t<\/div>\n\t\t\t\t\t<\/div>\n\t\t\t\t<\/div>\n\t\t\t\t<\/div>\n\t\t","protected":false},"excerpt":{"rendered":"<p>Unsere Gesellschaft Willkommen bei Bird of Paradise, wo Tee \u00fcber das blo\u00dfe Getr\u00e4nk hinausgeht und zu einer Reise ins Herz der menschlichen Verbindung wird. Als kleines Familienunternehmen definieren wir den Online-Einkauf von Tee neu, indem wir den Schwerpunkt auf Servicequalit\u00e4t und pers\u00f6nliche Interaktion legen. Unsere Sammlung sorgf\u00e4ltig ausgew\u00e4hlter Teesorten spiegelt unsere Verpflichtung zu Spitzenleistungen wider [&hellip;]<\/p>\n","protected":false},"author":1,"featured_media":0,"parent":0,"menu_order":0,"comment_status":"closed","ping_status":"closed","template":"template-homepage.php","meta":{"footnotes":""},"class_list":["post-9685","page","type-page","status-publish","hentry"],"_links":{"self":[{"href":"https:\/\/birdofparadise.pt\/de\/wp-json\/wp\/v2\/pages\/9685","targetHints":{"allow":["GET"]}}],"collection":[{"href":"https:\/\/birdofparadise.pt\/de\/wp-json\/wp\/v2\/pages"}],"about":[{"href":"https:\/\/birdofparadise.pt\/de\/wp-json\/wp\/v2\/types\/page"}],"author":[{"embeddable":true,"href":"https:\/\/birdofparadise.pt\/de\/wp-json\/wp\/v2\/users\/1"}],"replies":[{"embeddable":true,"href":"https:\/\/birdofparadise.pt\/de\/wp-json\/wp\/v2\/comments?post=9685"}],"version-history":[{"count":0,"href":"https:\/\/birdofparadise.pt\/de\/wp-json\/wp\/v2\/pages\/9685\/revisions"}],"wp:attachment":[{"href":"https:\/\/birdofparadise.pt\/de\/wp-json\/wp\/v2\/media?parent=9685"}],"curies":[{"name":"wp","href":"https:\/\/api.w.org\/{rel}","templated":true}]}}