{"id":9826,"date":"2023-09-12T08:57:54","date_gmt":"2023-09-12T07:57:54","guid":{"rendered":"https:\/\/birdofparadise.pt\/qualitaets-charta\/"},"modified":"2024-01-19T13:10:41","modified_gmt":"2024-01-19T12:10:41","slug":"qualitaets-charta","status":"publish","type":"page","link":"https:\/\/birdofparadise.pt\/de\/qualitaets-charta\/","title":{"rendered":"Qualit\u00e4ts-Charta"},"content":{"rendered":"\t\t<div data-elementor-type=\"wp-page\" data-elementor-id=\"9826\" class=\"elementor elementor-9826 elementor-2\">\n\t\t\t\t<div class=\"elementor-element elementor-element-53a7167 e-flex e-con-boxed e-con e-parent\" data-id=\"53a7167\" data-element_type=\"container\" data-e-type=\"container\">\n\t\t\t\t\t<div class=\"e-con-inner\">\n\t\t\t\t<div class=\"elementor-element elementor-element-3873f97 elementor-widget elementor-widget-heading\" data-id=\"3873f97\" data-element_type=\"widget\" data-e-type=\"widget\" data-widget_type=\"heading.default\">\n\t\t\t\t<div class=\"elementor-widget-container\">\n\t\t\t\t\t<h2 class=\"elementor-heading-title elementor-size-default\">Qualit\u00e4ts-Charta<\/h2>\t\t\t\t<\/div>\n\t\t\t\t<\/div>\n\t\t\t\t\t<\/div>\n\t\t\t\t<\/div>\n\t\t<div class=\"elementor-element elementor-element-ff3e5cc e-grid e-con-boxed e-con e-parent\" data-id=\"ff3e5cc\" data-element_type=\"container\" data-e-type=\"container\">\n\t\t\t\t\t<div class=\"e-con-inner\">\n\t\t\t\t<div class=\"elementor-element elementor-element-2b087a1 elementor-widget elementor-widget-image\" data-id=\"2b087a1\" data-element_type=\"widget\" data-e-type=\"widget\" data-widget_type=\"image.default\">\n\t\t\t\t<div class=\"elementor-widget-container\">\n\t\t\t\t\t\t\t\t\t\t\t\t\t\t\t<img fetchpriority=\"high\" decoding=\"async\" width=\"900\" height=\"675\" src=\"https:\/\/birdofparadise.pt\/wp-content\/uploads\/2024\/01\/IMG20140407132946-1024x768.jpg\" class=\"attachment-large size-large wp-image-9768\" alt=\"\" srcset=\"https:\/\/birdofparadise.pt\/wp-content\/uploads\/2024\/01\/IMG20140407132946-1024x768.jpg 1024w, https:\/\/birdofparadise.pt\/wp-content\/uploads\/2024\/01\/IMG20140407132946-300x225.jpg 300w, https:\/\/birdofparadise.pt\/wp-content\/uploads\/2024\/01\/IMG20140407132946-768x576.jpg 768w, https:\/\/birdofparadise.pt\/wp-content\/uploads\/2024\/01\/IMG20140407132946-1536x1152.jpg 1536w, https:\/\/birdofparadise.pt\/wp-content\/uploads\/2024\/01\/IMG20140407132946-2048x1536.jpg 2048w, https:\/\/birdofparadise.pt\/wp-content\/uploads\/2024\/01\/IMG20140407132946-600x450.jpg 600w, https:\/\/birdofparadise.pt\/wp-content\/uploads\/2024\/01\/IMG20140407132946-850x638.jpg 850w\" sizes=\"(max-width: 900px) 100vw, 900px\" \/>\t\t\t\t\t\t\t\t\t\t\t\t\t\t\t<\/div>\n\t\t\t\t<\/div>\n\t\t\t\t<div class=\"elementor-element elementor-element-391f4bf elementor-drop-cap-yes elementor-drop-cap-view-default elementor-widget elementor-widget-text-editor\" data-id=\"391f4bf\" data-element_type=\"widget\" data-e-type=\"widget\" data-settings=\"{&quot;drop_cap&quot;:&quot;yes&quot;}\" data-widget_type=\"text-editor.default\">\n\t\t\t\t<div class=\"elementor-widget-container\">\n\t\t\t\t\t\t\t\t\t<p>Willkommen bei Bird of Paradise, wo unsere Qualit\u00e4tscharta auf dem Engagement f\u00fcr Ihre Zufriedenheit und dem Respekt f\u00fcr die Umwelt beruht. Wir sind stolz darauf, Ihnen Tees von au\u00dfergew\u00f6hnlicher Qualit\u00e4t aus biologischem Anbau anbieten zu k\u00f6nnen. Wenn Sie sich f\u00fcr Bird of Paradise entscheiden, entscheiden Sie sich f\u00fcr Produkte, die nicht nur Ihren Gaumen verw\u00f6hnen, sondern auch Ihre Gesundheit und das nat\u00fcrliche Gleichgewicht unseres Planeten sch\u00fctzen.<\/p>\n<p>Wir legen besonderen Wert auf die Auswahl von Tees, die mit naturschonenden Methoden angebaut werden. Jedes Blatt, das wir anbieten, zeugt von unserem Engagement f\u00fcr nachhaltige landwirtschaftliche Praktiken. Bei Bird of Paradise geht die Qualit\u00e4t unserer Produkte \u00fcber den Geschmack hinaus und umfasst Ihr Wohlbefinden und das unseres Planeten. Entscheiden Sie sich mit unseren Tees f\u00fcr ein Geschmackserlebnis, das Qualit\u00e4t, Gesundheit und Umweltfreundlichkeit vereint.<\/p>\n<p><a href=\"https:\/\/birdofparadise.pt\/wp-content\/uploads\/2024\/01\/mh65q3yw.png\"><img decoding=\"async\" class=\"alignnone size-medium wp-image-9758\" src=\"https:\/\/birdofparadise.pt\/wp-content\/uploads\/2024\/01\/mh65q3yw-300x225.png\" alt=\"\" width=\"300\" height=\"225\" srcset=\"https:\/\/birdofparadise.pt\/wp-content\/uploads\/2024\/01\/mh65q3yw-300x225.png 300w, https:\/\/birdofparadise.pt\/wp-content\/uploads\/2024\/01\/mh65q3yw-1024x768.png 1024w, https:\/\/birdofparadise.pt\/wp-content\/uploads\/2024\/01\/mh65q3yw-768x576.png 768w, https:\/\/birdofparadise.pt\/wp-content\/uploads\/2024\/01\/mh65q3yw-600x450.png 600w, https:\/\/birdofparadise.pt\/wp-content\/uploads\/2024\/01\/mh65q3yw-850x638.png 850w, https:\/\/birdofparadise.pt\/wp-content\/uploads\/2024\/01\/mh65q3yw.png 1280w\" sizes=\"(max-width: 300px) 100vw, 300px\" \/><\/a><\/p>\n<p><a href=\"https:\/\/birdofparadise.pt\/wp-content\/uploads\/2024\/01\/2014-04-06-10-08-46.jpg\"><img decoding=\"async\" class=\"alignnone size-medium wp-image-9810\" src=\"https:\/\/birdofparadise.pt\/wp-content\/uploads\/2024\/01\/2014-04-06-10-08-46-300x300.jpg\" alt=\"\" width=\"300\" height=\"300\" srcset=\"https:\/\/birdofparadise.pt\/wp-content\/uploads\/2024\/01\/2014-04-06-10-08-46-300x300.jpg 300w, https:\/\/birdofparadise.pt\/wp-content\/uploads\/2024\/01\/2014-04-06-10-08-46-1024x1024.jpg 1024w, https:\/\/birdofparadise.pt\/wp-content\/uploads\/2024\/01\/2014-04-06-10-08-46-150x150.jpg 150w, https:\/\/birdofparadise.pt\/wp-content\/uploads\/2024\/01\/2014-04-06-10-08-46-768x768.jpg 768w, https:\/\/birdofparadise.pt\/wp-content\/uploads\/2024\/01\/2014-04-06-10-08-46-1536x1536.jpg 1536w, https:\/\/birdofparadise.pt\/wp-content\/uploads\/2024\/01\/2014-04-06-10-08-46-1200x1200.jpg 1200w, https:\/\/birdofparadise.pt\/wp-content\/uploads\/2024\/01\/2014-04-06-10-08-46-600x600.jpg 600w, https:\/\/birdofparadise.pt\/wp-content\/uploads\/2024\/01\/2014-04-06-10-08-46-850x850.jpg 850w, https:\/\/birdofparadise.pt\/wp-content\/uploads\/2024\/01\/2014-04-06-10-08-46-100x100.jpg 100w, https:\/\/birdofparadise.pt\/wp-content\/uploads\/2024\/01\/2014-04-06-10-08-46-96x96.jpg 96w, https:\/\/birdofparadise.pt\/wp-content\/uploads\/2024\/01\/2014-04-06-10-08-46-460x460.jpg 460w, https:\/\/birdofparadise.pt\/wp-content\/uploads\/2024\/01\/2014-04-06-10-08-46.jpg 1936w\" sizes=\"(max-width: 300px) 100vw, 300px\" \/><\/a><\/p>\n\t\t\t\t\t\t\t\t<\/div>\n\t\t\t\t<\/div>\n\t\t\t\t\t<\/div>\n\t\t\t\t<\/div>\n\t\t\t\t<\/div>\n\t\t","protected":false},"excerpt":{"rendered":"<p>Qualit\u00e4ts-Charta Willkommen bei Bird of Paradise, wo unsere Qualit\u00e4tscharta auf dem Engagement f\u00fcr Ihre Zufriedenheit und dem Respekt f\u00fcr die Umwelt beruht. Wir sind stolz darauf, Ihnen Tees von au\u00dfergew\u00f6hnlicher Qualit\u00e4t aus biologischem Anbau anbieten zu k\u00f6nnen. Wenn Sie sich f\u00fcr Bird of Paradise entscheiden, entscheiden Sie sich f\u00fcr Produkte, die nicht nur Ihren Gaumen [&hellip;]<\/p>\n","protected":false},"author":1,"featured_media":0,"parent":0,"menu_order":0,"comment_status":"closed","ping_status":"closed","template":"elementor_header_footer","meta":{"footnotes":""},"class_list":["post-9826","page","type-page","status-publish","hentry"],"_links":{"self":[{"href":"https:\/\/birdofparadise.pt\/de\/wp-json\/wp\/v2\/pages\/9826","targetHints":{"allow":["GET"]}}],"collection":[{"href":"https:\/\/birdofparadise.pt\/de\/wp-json\/wp\/v2\/pages"}],"about":[{"href":"https:\/\/birdofparadise.pt\/de\/wp-json\/wp\/v2\/types\/page"}],"author":[{"embeddable":true,"href":"https:\/\/birdofparadise.pt\/de\/wp-json\/wp\/v2\/users\/1"}],"replies":[{"embeddable":true,"href":"https:\/\/birdofparadise.pt\/de\/wp-json\/wp\/v2\/comments?post=9826"}],"version-history":[{"count":0,"href":"https:\/\/birdofparadise.pt\/de\/wp-json\/wp\/v2\/pages\/9826\/revisions"}],"wp:attachment":[{"href":"https:\/\/birdofparadise.pt\/de\/wp-json\/wp\/v2\/media?parent=9826"}],"curies":[{"name":"wp","href":"https:\/\/api.w.org\/{rel}","templated":true}]}}