{"id":13957,"date":"2024-06-03T11:29:41","date_gmt":"2024-06-03T10:29:41","guid":{"rendered":"https:\/\/birdofparadise.pt\/produit\/schlaftee\/"},"modified":"2025-04-02T12:15:09","modified_gmt":"2025-04-02T11:15:09","slug":"tee-zum-einschlafen","status":"publish","type":"product","link":"https:\/\/birdofparadise.pt\/de\/produit\/schlafender-tee\/","title":{"rendered":"Tee zum Einschlafen"},"content":{"rendered":"<p>Entspannen Sie sich und schlafen Sie in einer ruhigen Nacht mit unserem Schlaftee ein. Diese Mischung aus ausgew\u00e4hlten Kr\u00e4utern und Rooibos ist perfekt, um K\u00f6rper und Geist zu entspannen.<\/p>\n<p>Unsere sorgf\u00e4ltig ausgew\u00e4hlten Inhaltsstoffe, darunter Melissenbl\u00e4tter, Fenchel und Lavendelbl\u00fcten, werden seit Jahrhunderten verwendet, um eine beruhigende Wirkung auf den K\u00f6rper auszu\u00fcben und einen tiefen, erholsamen Schlaf zu f\u00f6rdern.<\/p>\n<p>Bockshornkleesamen und Passionsblume k\u00f6nnen den K\u00f6rper auf nat\u00fcrliche Weise beruhigen, w\u00e4hrend Tonkabohne und Orangen\u00f6l einen angenehmen Geschmack verleihen.<\/p>\n<p>Unser Betthupferl enth\u00e4lt weder Koffein noch Tee und ist somit die ideale Wahl, um Ihren Abend ausklingen zu lassen. Dar\u00fcber hinaus stammen alle unsere Rohstoffe aus kontrolliert biologischem Anbau und werden in Portugal verpackt.<\/p>\n<p>Geschmacklich bietet unser Schlaftee eine subtile Mischung aus Orange und Vanille, die f\u00fcr einen k\u00f6stlichen und beruhigenden Geschmack sorgt.<\/p>\n<h6>Zusammensetzung:<\/h6>\n<p>Zitronengrasbl\u00e4tter*, Bockshornkleesamen*, Fenchel*, Apfelst\u00fccke*, Passionsblume*, Zitronengras*, nat\u00fcrliches Bourbon-Vanille-Aroma, Rooibos* (S\u00fcdafrika), Gr\u00fcner Rooibos* (S\u00fcdafrika), Orangen\u00f6l*, Lavendelbl\u00fcten*. Orangenschale*, Tonkabohne*, Ringelblumenbl\u00fcten*.<\/p>\n<p>* Zutaten aus \u00f6kologischem Landbau DE-\u00d6KO-039 (Zertifiziert nach der EU-Verordnung \u00fcber den \u00f6kologischen Landbau. EU-Landwirtschaft \/Landwirtschaft au\u00dferhalb der EU). Produkt in seiner endg\u00fcltigen Form (Verpackung) nicht bio-zertifiziert. <\/p>\n<h6>Tipps zur Vorbereitung:<\/h6>\n<ul>\n<li>Dosierung : 12 &#8211; 15 g\/L<\/li>\n<li>Infusionszeit : 2 &#8211; 4 Minuten<\/li>\n<li>Temperatur der Infusion : 80\u00b0 C<\/li>\n<\/ul>\n","protected":false},"excerpt":{"rendered":"<p>Abends gibt es nichts Angenehmeres, als einen Kr\u00e4utertee oder eine Tasse feinen Tee zu genie\u00dfen.<\/p>\n<p>F\u00fcr einen erholsamen Schlaf ist es jedoch am besten, auf Stimulanzien zu verzichten und koffeinfreie Kr\u00e4utertees oder Tees mit geringem Theingehalt zu w\u00e4hlen.<\/p>\n<p>Welche Tees st\u00f6ren den Schlaf nicht?<\/p>\n<p>Wie Kaffee enth\u00e4lt auch Tee Thein (das gleiche Molek\u00fcl wie Koffein), eine Substanz, die Ihnen Energie gibt, aber auch Ihren Schlaf st\u00f6ren kann, wenn sie nach 17 Uhr konsumiert wird.<\/p>\n<p>Wie macht sie das? Durch die Bindung an Adenosinrezeptoren, das Schlafmolek\u00fcl.<\/p>\n<p>Die Folge sind Einschlafprobleme und ein weniger erholsamer Schlaf. Gl\u00fccklicherweise ist das Koffein im Tee mit Tanninen verbunden und wird viel langsamer freigesetzt als beim Kaffeegenuss.<\/p>\n<p>Die stimulierende Wirkung ist daher weniger stark.<\/p>\n<p>Wie &#8222;entfernen&#8220; Sie das Thein aus dem Tee?<\/p>\n<p>F\u00fcr manche Menschen, die sehr empfindlich auf Thein reagieren, ist der Tee m\u00f6glicherweise nicht geeignet. Aber es ist einfach, sie loszuwerden, indem man das erste Wasser wegwirft.<\/p>\n<p>Theine wird in den ersten drei\u00dfig Sekunden nach der Infusion freigesetzt.<\/p>\n<p>Um das Thein auf nat\u00fcrliche Weise aus Ihrem Tee zu entfernen, k\u00f6nnen Sie dieses &#8222;erste Wasser&#8220; wegsch\u00fctten und dann den Aufguss erneut beginnen, indem Sie Wasser (nat\u00fcrlich mit der richtigen Temperatur) \u00fcber die Teebl\u00e4tter gie\u00dfen.<\/p>\n<p>Andererseits verlieren Sie auch einen Teil der Antioxidantien des Tees, die f\u00fcr seine positive Wirkung verantwortlich sind und die ebenfalls in den ersten Sekunden des Ziehens verloren gehen!<\/p>\n","protected":false},"featured_media":18179,"comment_status":"open","ping_status":"closed","template":"","meta":[],"product_cat":[190,184],"product_tag":[],"class_list":{"0":"post-13957","1":"product","2":"type-product","3":"status-publish","4":"has-post-thumbnail","6":"product_brand-bird-of-paradise","7":"product_cat-krautertees-de","8":"product_cat-therapeutische-tees-de","10":"first","11":"outofstock","12":"taxable","13":"shipping-taxable","14":"product-type-variable"},"_links":{"self":[{"href":"https:\/\/birdofparadise.pt\/de\/wp-json\/wp\/v2\/product\/13957","targetHints":{"allow":["GET"]}}],"collection":[{"href":"https:\/\/birdofparadise.pt\/de\/wp-json\/wp\/v2\/product"}],"about":[{"href":"https:\/\/birdofparadise.pt\/de\/wp-json\/wp\/v2\/types\/product"}],"replies":[{"embeddable":true,"href":"https:\/\/birdofparadise.pt\/de\/wp-json\/wp\/v2\/comments?post=13957"}],"version-history":[{"count":0,"href":"https:\/\/birdofparadise.pt\/de\/wp-json\/wp\/v2\/product\/13957\/revisions"}],"wp:featuredmedia":[{"embeddable":true,"href":"https:\/\/birdofparadise.pt\/de\/wp-json\/wp\/v2\/media\/18179"}],"wp:attachment":[{"href":"https:\/\/birdofparadise.pt\/de\/wp-json\/wp\/v2\/media?parent=13957"}],"wp:term":[{"taxonomy":"product_cat","embeddable":true,"href":"https:\/\/birdofparadise.pt\/de\/wp-json\/wp\/v2\/product_cat?post=13957"},{"taxonomy":"product_tag","embeddable":true,"href":"https:\/\/birdofparadise.pt\/de\/wp-json\/wp\/v2\/product_tag?post=13957"}],"curies":[{"name":"wp","href":"https:\/\/api.w.org\/{rel}","templated":true}]}}