{"id":14240,"date":"2024-06-17T16:24:38","date_gmt":"2024-06-17T15:24:38","guid":{"rendered":"https:\/\/birdofparadise.pt\/?post_type=product&#038;p=14240"},"modified":"2024-10-04T02:46:34","modified_gmt":"2024-10-04T01:46:34","slug":"japanische-tee-degustationsbox","status":"publish","type":"product","link":"https:\/\/birdofparadise.pt\/de\/produit\/verkostungsbox-mit-japanischen-bio-tees\/","title":{"rendered":"Verkostungsbox mit japanischen Bio-Tees"},"content":{"rendered":"<p>Diese pr\u00e4chtige verkostungsbox mit japanischen Bio-Tees enth\u00e4lt 4 emblematische japanische Tees, die sorgf\u00e4ltig in sch\u00f6n dekorierten Metallboxen verpackt sind. Das Holzgeh\u00e4use ist fein mit dem ber\u00fchmten japanischen Wellenmotiv graviert. Erh\u00e4ltlich in 2 Varianten: 4x20g und 4x50g.<\/p>\n<p>Die folgenden japanischen Tees sind erh\u00e4ltlich:<\/p>\n<ol>\n<li><strong>Sencha von Fuji Japan*:<\/strong> Sencha, eine Art ged\u00e4mpfter gr\u00fcner Tee mit flachen Bl\u00e4ttern, ist die am meisten konsumierte Teesorte in Japan. Wir haben diese Mischung ausgew\u00e4hlt, die repr\u00e4sentativ f\u00fcr den Geist des japanischen Tees von heute ist;<\/li>\n<li><strong>Hojicha*:<\/strong> Dieser gr\u00fcne Tee wird ger\u00f6stet, wodurch ein Gro\u00dfteil seiner Adstringenz verloren geht. Ein leicht zu trinkender Lik\u00f6r mit einem geringen Teegehalt;<\/li>\n<li><strong>Gyokuro aus Japan Kyoto*:<\/strong> Der edelste, raffinierteste und wertvollste Gr\u00fcntee der Welt;<\/li>\n<li><strong>Tamaryokucha aus Japan*:<\/strong> Tamaryokucha aus Japan hat einen zarten Kr\u00e4utergeschmack, der durch seine s\u00fc\u00dfen und w\u00fcrzigen Noten bereichert wird.<\/li>\n<\/ol>\n<p>*Aus kontrolliert biologischem Anbau<\/p>\n<p><strong>Tipps zur Vorbereitung:<\/strong><\/p>\n<p><strong>Fuji Japanese Sencha: <\/strong>Dosierung: 2-3 Gramm pro Tasse &#8211; etwa 4-5 Teel\u00f6ffel pro Liter. Wasser: nach dem Aufkochen mit auf 60\u00b0-70\u00b0C abgek\u00fchltem Wasser aufgie\u00dfen und ziehen lassen. Infusionszeit: 1,5-2 Minuten.<\/p>\n<p><strong>Hojicha<\/strong>: Dosierung: 12 &#8211; 15 g\/L, Ziehzeit: 2 &#8211; 3 Minuten, Ziehtemperatur: 70 &#8211; 80\u00b0C<\/p>\n<p><strong>Gyokuro aus Japan Kyoto: <\/strong>Einen Qualit\u00e4ts-Gyokuro erkennen Sie an der Klarheit des Aufgusses (fast durchsichtig).<br \/>\nF\u00fcr eine einfachere Methode lassen Sie etwa 1 Teel\u00f6ffel (ca. 1,5 g) in 200 ml Wasser bei 70\u00b0C f\u00fcr 3 Minuten ziehen.<\/p>\n<p><strong>Tamaryokucha aus Japan<\/strong>: F\u00fcr die Zubereitung einer Tasse Tamaryokucha empfehlen wir, etwa 2 Gramm Tee auf 150 ml Wasser zu verwenden. Diese Menge ergibt einen ausgewogenen und geschmackvollen Aufguss. Die Temperatur, bei der der Tee aufgebr\u00fcht wird, ist entscheidend f\u00fcr die Entfaltung der Aromen des Tamaryokucha. Wir empfehlen, den Tee bei einer Temperatur zwischen 70 und 80 Grad Celsius ziehen zu lassen. Zu hei\u00dfes Wasser kann die Bl\u00e4tter verbrennen und die Qualit\u00e4t des Tees ver\u00e4ndern.<\/p>\n<p><strong>Zertifizierung:<\/strong><\/p>\n<p>Bio: Produkt aus \u00f6kologischem Landbau DE-\u00d6KO-039<\/p>\n<p><a href=\"https:\/\/birdofparadise.pt\/wp-content\/uploads\/2024\/06\/Logo_DE-OKO-039-01.png\"><img decoding=\"async\" class=\"alignnone size-medium wp-image-13740\" src=\"https:\/\/birdofparadise.pt\/wp-content\/uploads\/2024\/06\/Logo_DE-OKO-039-01-300x117.png\" alt=\"DE-\u00d6KO-039\" width=\"300\" height=\"117\" srcset=\"https:\/\/birdofparadise.pt\/wp-content\/uploads\/2024\/06\/Logo_DE-OKO-039-01-300x117.png 300w, https:\/\/birdofparadise.pt\/wp-content\/uploads\/2024\/06\/Logo_DE-OKO-039-01.png 533w\" sizes=\"(max-width: 300px) 100vw, 300px\" \/><\/a>Zertifiziert nach der Europ\u00e4ischen Verordnung f\u00fcr den \u00f6kologischen Landbau.<br \/>\nLandwirtschaft EU<br \/>\nLandwirtschaft au\u00dferhalb der EU<\/p>\n","protected":false},"excerpt":{"rendered":"<p>Diese wundersch\u00f6ne japanische Bio-Tee-Probierbox enth\u00e4lt 4 ikonische japanische Tees, die sorgf\u00e4ltig in h\u00fcbsch verzierten Metalldosen verpackt sind. Die Holzschatulle ist fein mit dem ber\u00fchmten japanischen Wellenmuster graviert. Erh\u00e4ltlich in 2 Varianten: 4x20g und 4x50g.<\/p>\n<p>Eine ideale Probierbox f\u00fcr Feinschmecker, die japanischen Gr\u00fcntee lieben.<\/p>\n","protected":false},"featured_media":14273,"comment_status":"open","ping_status":"closed","template":"","meta":[],"product_cat":[219,154],"product_tag":[],"class_list":{"0":"post-14240","1":"product","2":"type-product","3":"status-publish","4":"has-post-thumbnail","6":"product_brand-bird-of-paradise","7":"product_cat-geschenkboxen","8":"product_cat-japan-de","10":"first","11":"instock","12":"taxable","13":"shipping-taxable","14":"purchasable","15":"product-type-variable","16":"has-default-attributes"},"_links":{"self":[{"href":"https:\/\/birdofparadise.pt\/de\/wp-json\/wp\/v2\/product\/14240","targetHints":{"allow":["GET"]}}],"collection":[{"href":"https:\/\/birdofparadise.pt\/de\/wp-json\/wp\/v2\/product"}],"about":[{"href":"https:\/\/birdofparadise.pt\/de\/wp-json\/wp\/v2\/types\/product"}],"replies":[{"embeddable":true,"href":"https:\/\/birdofparadise.pt\/de\/wp-json\/wp\/v2\/comments?post=14240"}],"version-history":[{"count":0,"href":"https:\/\/birdofparadise.pt\/de\/wp-json\/wp\/v2\/product\/14240\/revisions"}],"wp:featuredmedia":[{"embeddable":true,"href":"https:\/\/birdofparadise.pt\/de\/wp-json\/wp\/v2\/media\/14273"}],"wp:attachment":[{"href":"https:\/\/birdofparadise.pt\/de\/wp-json\/wp\/v2\/media?parent=14240"}],"wp:term":[{"taxonomy":"product_cat","embeddable":true,"href":"https:\/\/birdofparadise.pt\/de\/wp-json\/wp\/v2\/product_cat?post=14240"},{"taxonomy":"product_tag","embeddable":true,"href":"https:\/\/birdofparadise.pt\/de\/wp-json\/wp\/v2\/product_tag?post=14240"}],"curies":[{"name":"wp","href":"https:\/\/api.w.org\/{rel}","templated":true}]}}