{"id":15192,"date":"2024-10-06T16:26:20","date_gmt":"2024-10-06T15:26:20","guid":{"rendered":"https:\/\/birdofparadise.pt\/?post_type=product&#038;p=15192"},"modified":"2025-03-22T19:53:50","modified_gmt":"2025-03-22T18:53:50","slug":"set-aus-6-untersetzern-aus-holz-blume-des-lebens-azulejos-mit-stander","status":"publish","type":"product","link":"https:\/\/birdofparadise.pt\/de\/produit\/set-aus-6-untersetzern-aus-holz-blume-des-lebens-azulejos-mit-stander\/","title":{"rendered":"Set aus 6 Untersetzern aus Holz Blume des Lebens \u201eAzulejos\u201c mit St\u00e4nder"},"content":{"rendered":"<p>Set aus 6 Untersetzern aus Holz Blume des Lebens \u201eAzulejos\u201c mit St\u00e4nder: Eine nat\u00fcrliche und handgefertigte Note f\u00fcr Ihre Innendekoration.<\/p>\n<p>Dieses Set aus 6 Untersetzern\/Tassen aus Holz mit einem speziellen St\u00e4nder ist ein elegantes und praktisches Accessoire, das Ihrem Tisch und Ihrer Teestunde eine subtile W\u00e4rme verleiht. Es wird in Handarbeit aus Birkensperrholz hergestellt und sch\u00fctzt Ihre Oberfl\u00e4chen vor Wasserflecken und Sch\u00e4den, die durch die Hitze der Tassen entstehen.<\/p>\n<p>Sein einzigartiges Muster, das auf der Blume des Lebens basiert, von der es abgeleitet ist, erinnert an einige Blumenmuster auf portugiesischen Kacheln, weshalb es auch \u201eAzulejos\u201c genannt wird. Dieses Set ist in drei Ausf\u00fchrungen erh\u00e4ltlich: Gewachstes Naturholz, lackiertes Mahagoniholz und Bronze.<\/p>\n<p>Seine Vorteile:<\/p>\n<ul>\n<li>Nat\u00fcrlich und nachhaltig: Holz ist ein erneuerbares und widerstandsf\u00e4higes Material, das ideal f\u00fcr den t\u00e4glichen Gebrauch ist.<\/li>\n<li>Einzigartig und handgefertigt: Jeder Untersetzer ist einzigartig, mit seiner eigenen Holzmaserung und Schattierung, die Ihrer Einrichtung einen rustikalen Charme verleiht. Sie werden in Handarbeit hergestellt.<\/li>\n<li>Wirksamer Schutz: Er sch\u00fctzt Ihre Oberfl\u00e4chen vor Wasserspuren und Hitzespuren von Tassen.<\/li>\n<li>Angenehmes Gef\u00fchl: Die Holzstruktur sorgt f\u00fcr eine angenehme Haptik und bringt einen Hauch von Natur auf Ihren Tisch.<\/li>\n<\/ul>\n<p>Ein perfektes Geschenk: Verschenken Sie dieses Set an einen geliebten Menschen als originelles und praktisches Geschenk. Es wird ein ideales Geschenk f\u00fcr Dekorationsliebhaber und diejenigen sein, die nat\u00fcrliche Kunstprodukte m\u00f6gen.<\/p>\n<p>Pflegehinweise : Um die Sch\u00f6nheit Ihres Untersetzer-\/Tassensets zu erhalten, sollten Sie es von Hand mit einem feuchten Tuch reinigen. Vermeiden Sie es, das Set in Wasser zu tauchen oder in der Sp\u00fclmaschine zu reinigen.<\/p>\n<p>Ma\u00dfe: Durchmesser: 10 cm, Dicke: 3 mm<\/p>\n<p class=\"p1\">\n","protected":false},"excerpt":{"rendered":"<p>Set aus 6 Untersetzern aus Holz Blume des Lebens \u201eAzulejos\u201c mit St\u00e4nder: Dieses atypische Objekt ist ein unverzichtbares Accessoire f\u00fcr Ihre Abende mit Freunden und wird Ihr Tee-Set elegant begleiten. Mit verschiedenen Formen, Designs und Farben werden Sie Ihre G\u00e4ste jedes Mal aufs Neue \u00fcberraschen. Bringen Sie einen Hauch von Natur in Ihr Zuhause mit diesem eleganten und funktionalen Untersetzer\/Tassen-Set aus Holz.<\/p>\n","protected":false},"featured_media":15633,"comment_status":"open","ping_status":"closed","template":"","meta":[],"product_cat":[256],"product_tag":[],"class_list":{"0":"post-15192","1":"product","2":"type-product","3":"status-publish","4":"has-post-thumbnail","6":"product_brand-bird-of-paradise","7":"product_cat-zubehor","9":"first","10":"instock","11":"taxable","12":"shipping-taxable","13":"purchasable","14":"product-type-variable"},"_links":{"self":[{"href":"https:\/\/birdofparadise.pt\/de\/wp-json\/wp\/v2\/product\/15192","targetHints":{"allow":["GET"]}}],"collection":[{"href":"https:\/\/birdofparadise.pt\/de\/wp-json\/wp\/v2\/product"}],"about":[{"href":"https:\/\/birdofparadise.pt\/de\/wp-json\/wp\/v2\/types\/product"}],"replies":[{"embeddable":true,"href":"https:\/\/birdofparadise.pt\/de\/wp-json\/wp\/v2\/comments?post=15192"}],"version-history":[{"count":0,"href":"https:\/\/birdofparadise.pt\/de\/wp-json\/wp\/v2\/product\/15192\/revisions"}],"wp:featuredmedia":[{"embeddable":true,"href":"https:\/\/birdofparadise.pt\/de\/wp-json\/wp\/v2\/media\/15633"}],"wp:attachment":[{"href":"https:\/\/birdofparadise.pt\/de\/wp-json\/wp\/v2\/media?parent=15192"}],"wp:term":[{"taxonomy":"product_cat","embeddable":true,"href":"https:\/\/birdofparadise.pt\/de\/wp-json\/wp\/v2\/product_cat?post=15192"},{"taxonomy":"product_tag","embeddable":true,"href":"https:\/\/birdofparadise.pt\/de\/wp-json\/wp\/v2\/product_tag?post=15192"}],"curies":[{"name":"wp","href":"https:\/\/api.w.org\/{rel}","templated":true}]}}