{"id":15867,"date":"2024-11-08T11:10:30","date_gmt":"2024-11-08T10:10:30","guid":{"rendered":"https:\/\/birdofparadise.pt\/?post_type=product&#038;p=15867"},"modified":"2024-11-08T15:23:26","modified_gmt":"2024-11-08T14:23:26","slug":"ivan-chai-fermentiert-mit-sanddorn-granulat","status":"publish","type":"product","link":"https:\/\/birdofparadise.pt\/de\/produit\/ivan-chai-fermentiert-mit-sanddorn-granulat\/","title":{"rendered":"IVAN CHAI fermentiert mit Sanddorn Granulat"},"content":{"rendered":"<p>Der fermentierte Ivan Chai mit Sanddorn Granulat ist ein einzigartiges und schmackhaftes Getr\u00e4nk, das aus einer harmonischen Kombination von zwei Sch\u00e4tzen der Natur entstanden ist. Die sorgf\u00e4ltig fermentierten Bl\u00fcten des Schmalbl\u00e4ttrigen Weidenr\u00f6schens bieten einen s\u00fc\u00dfen und leicht s\u00e4uerlichen Geschmack, der an Honig und rote Fr\u00fcchte erinnert. Sanddorngranulat, reich an Vitamin C und Antioxidantien, bietet eine fruchtig-s\u00e4uerliche Note und eine Explosion von Geschmack und Vorteilen. <strong>Liste der anerkannten Vorteile<\/strong>:<\/p>\n<ul>\n<li>Reich an Vitaminen und Mineralien: Fermentierter IVAN CHAI und Sanddorn sind ausgezeichnete Quellen f\u00fcr wichtige Vitamine und Mineralien, einschlie\u00dflich Vitamin C, Vitamin E, Kalium, Magnesium und Eisen;<\/li>\n<li>Starke Antioxidantien: Beide Inhaltsstoffe haben starke antioxidative Eigenschaften, die helfen, die Zellen vor Sch\u00e4den durch freie Radikale zu sch\u00fctzen, vorzeitiges Altern zu verhindern und das Immunsystem zu st\u00e4rken;<\/li>\n<li>Entz\u00fcndungshemmende Eigenschaften: Fermentierter IVAN CHAI und Sanddorn haben entz\u00fcndungshemmende Eigenschaften, die helfen k\u00f6nnen, Schmerzen und Entz\u00fcndungen zu lindern;<\/li>\n<li>F\u00f6rdert die Verdauung: Fermentierter IVAN CHAI kann helfen, die Verdauung zu verbessern und Verdauungsprobleme zu lindern, w\u00e4hrend Sanddorn die Produktion von Magensaft f\u00f6rdert;<\/li>\n<li>Beruhigende Wirkung: Fermentierter IVAN CHAI hat eine beruhigende und entspannende Wirkung, ideal zum Entspannen nach einem langen Tag;<\/li>\n<li>Energieboost: Sanddorn ist f\u00fcr seine anregende und energiespendende Wirkung bekannt, w\u00e4hrend fermentiertes IVAN CHAI helfen kann, die Konzentration zu verbessern.<\/li>\n<\/ul>\n<p><strong>Hinweise f\u00fcr die Verwendung<\/strong>: Um die Vorteile dieses Tees voll auszusch\u00f6pfen, sollten Sie ihn 5-10 Minuten lang ziehen lassen. Sie k\u00f6nnen nach Belieben Honig oder Zucker hinzuf\u00fcgen. Ernte im Sommer 2024.<br \/>\nAus einem \u00f6kologisch sauberen Gebiet: Karpaten, Ukraine.<\/p>\n","protected":false},"excerpt":{"rendered":"<p class=\"p1\">Ivan Chai fermentiert mit Sanddorn Granulat ist ein einzigartiges, wohlschmeckendes Getr\u00e4nk, das aus einer harmonischen Kombination zweier Sch\u00e4tze der Natur entstanden ist. Die sorgf\u00e4ltig fermentierten Bl\u00fcten des Schmalbl\u00e4ttrigen Weidenr\u00f6schens bieten einen s\u00fc\u00dfen, leicht s\u00e4uerlichen Geschmack, der an Honig und rote Fr\u00fcchte erinnert. Sanddorngranulat, das reich an Vitamin C und Antioxidantien ist, sorgt f\u00fcr eine fruchtig-s\u00e4uerliche Note und eine Explosion von Geschmack und Nutzen.<\/p>\n<p class=\"p1\">Was ist der Unterschied zwischen gew\u00f6hnlichem Ivan Chai und granuliertem Ivan Chai? Granulierter Tee unterscheidet sich von gro\u00dfbl\u00e4ttrigem Tee dadurch, dass er einen reicheren und lebhafteren Geschmack hat. Die Bl\u00e4tter von granuliertem und fermentiertem Tee sind viel st\u00e4rker als gew\u00f6hnlicher Tee und werden vielen Liebhabern dieses k\u00f6stlichen und gesunden landwirtschaftlichen Getr\u00e4nks gefallen.<\/p>\n","protected":false},"featured_media":15888,"comment_status":"open","ping_status":"closed","template":"","meta":[],"product_cat":[184],"product_tag":[],"class_list":{"0":"post-15867","1":"product","2":"type-product","3":"status-publish","4":"has-post-thumbnail","6":"product_brand-bird-of-paradise","7":"product_cat-therapeutische-tees-de","8":"product_shipping_class-1t50-de","10":"first","11":"instock","12":"taxable","13":"shipping-taxable","14":"purchasable","15":"product-type-variable"},"_links":{"self":[{"href":"https:\/\/birdofparadise.pt\/de\/wp-json\/wp\/v2\/product\/15867","targetHints":{"allow":["GET"]}}],"collection":[{"href":"https:\/\/birdofparadise.pt\/de\/wp-json\/wp\/v2\/product"}],"about":[{"href":"https:\/\/birdofparadise.pt\/de\/wp-json\/wp\/v2\/types\/product"}],"replies":[{"embeddable":true,"href":"https:\/\/birdofparadise.pt\/de\/wp-json\/wp\/v2\/comments?post=15867"}],"version-history":[{"count":0,"href":"https:\/\/birdofparadise.pt\/de\/wp-json\/wp\/v2\/product\/15867\/revisions"}],"wp:featuredmedia":[{"embeddable":true,"href":"https:\/\/birdofparadise.pt\/de\/wp-json\/wp\/v2\/media\/15888"}],"wp:attachment":[{"href":"https:\/\/birdofparadise.pt\/de\/wp-json\/wp\/v2\/media?parent=15867"}],"wp:term":[{"taxonomy":"product_cat","embeddable":true,"href":"https:\/\/birdofparadise.pt\/de\/wp-json\/wp\/v2\/product_cat?post=15867"},{"taxonomy":"product_tag","embeddable":true,"href":"https:\/\/birdofparadise.pt\/de\/wp-json\/wp\/v2\/product_tag?post=15867"}],"curies":[{"name":"wp","href":"https:\/\/api.w.org\/{rel}","templated":true}]}}