{"id":15935,"date":"2024-11-07T21:35:37","date_gmt":"2024-11-07T20:35:37","guid":{"rendered":"https:\/\/birdofparadise.pt\/produit\/ivan-chai-fermentiert-a-grosse-blatter\/"},"modified":"2024-11-08T15:24:32","modified_gmt":"2024-11-08T14:24:32","slug":"ivan-chai-fermentiert-a-grosse-blatter","status":"publish","type":"product","link":"https:\/\/birdofparadise.pt\/de\/produit\/ivan-chai-fermentiert-gro%C3%9Fbl%C3%A4ttrig\/","title":{"rendered":"IVAN CHAI fermentiert gro\u00dfbl\u00e4ttrig"},"content":{"rendered":"<p>Ivan Chai, Weidenr\u00f6schen, Koporye Tee. Die Fermentation ist ein Prozess, bei dem die Pflanze durch ihre eigenen Enzyme oxidiert wird, wodurch der Gehalt an n\u00fctzlichen Verbindungen im gebrauten Getr\u00e4nk erheblich erh\u00f6ht wird. Dabei werden auch Alkaloide zerst\u00f6rt, die wir nicht ben\u00f6tigen.<\/p>\n<p><strong>Liste der anerkannten Vorteile:<\/strong><\/p>\n<ul>\n<li>Erh\u00f6ht die Schutzfunktionen des K\u00f6rpers durch die Stimulierung des Immunsystems;<\/li>\n<li>Ist ein entz\u00fcndungshemmendes und umh\u00fcllendes Mittel;<\/li>\n<li>Beruhigt das Nervensystem und verbessert die Leistungsf\u00e4higkeit;<\/li>\n<li>Alkalisiert und reinigt das Blut;<\/li>\n<li>Hilft bei der Ausscheidung von Toxinen, Schwermetallen und Strahlung aus dem K\u00f6rper;<\/li>\n<li>Ist ein wirksames schmerzstillendes und fiebersenkendes Mittel;<\/li>\n<li>Gibt Kraft bei Ersch\u00f6pfung;<\/li>\n<li>Normalisiert den Blutdruck;<\/li>\n<li>Verbessert die Gesundheit der Prostata.<\/li>\n<\/ul>\n<p>Ivan Chai hat fast keine Kalorien und versorgt Ihren K\u00f6rper mit wichtigen Vitaminen und vielen anderen n\u00fctzlichen Stoffen, die dabei helfen, den Hunger zu kontrollieren.<\/p>\n<p><strong>Ratschl\u00e4ge zur Vorbereitung:<\/strong><\/p>\n<p>In einer klassischen Teekanne: 2-3 Teel\u00f6ffel der Pflanzen auf 500 ml kochendes Wasser. Ziehen Sie den Tee 10 bis 20 Minuten lang. Die Proportionen werden individuell gew\u00e4hlt.<br \/>\nEin Tee kann 3-4 Mal aufgegossen werden, wobei die Ziehzeit jedes Mal leicht erh\u00f6ht wird. Die positiven Eigenschaften des Ivan Chai Getr\u00e4nks bleiben bis zu 3 Tage lang erhalten. In einer Thermoskanne: f\u00fcr 1 Liter. 3 Teel\u00f6ffel. Gie\u00dfen Sie 90\u00b0C hei\u00dfes Wasser. Die Thermoskanne mit einem Deckel verschlie\u00dfen und 30 Minuten stehen lassen.<br \/>\nZur Beruhigung des zentralen Nervensystems und bei Schlaflosigkeit: 2 Tassen. \u00dcbergie\u00dfen Sie 1 Tasse mit kochendem Wasser.<br \/>\n15 Minuten stehen lassen, bis die Br\u00fche gezogen ist.<br \/>\nWeidenr\u00f6schen hat eine leicht beruhigende Wirkung, indem es die Erregbarkeit des Nervensystems reduziert, die Nervosit\u00e4t verringert und wirksam bei Stress und Angstzust\u00e4nden hilft. Ernte im Sommer 2024.<br \/>\nAus einem \u00f6kologisch sauberen Gebiet: Karpaten, Ukraine.<\/p>\n","protected":false},"excerpt":{"rendered":"<p>IVAN CHAI fermentiert gro\u00dfbl\u00e4ttrig, ein Schatz der Natur, bietet Ihnen ein wohlschmeckendes und revitalisierendes Getr\u00e4nk, das reich an Vorteilen f\u00fcr K\u00f6rper und Geist ist.<\/p>\n<p>&nbsp;<\/p>\n","protected":false},"featured_media":15874,"comment_status":"open","ping_status":"closed","template":"","meta":[],"product_cat":[184],"product_tag":[],"class_list":{"0":"post-15935","1":"product","2":"type-product","3":"status-publish","4":"has-post-thumbnail","6":"product_brand-bird-of-paradise","7":"product_cat-therapeutische-tees-de","9":"first","10":"instock","11":"taxable","12":"shipping-taxable","13":"purchasable","14":"product-type-variable"},"_links":{"self":[{"href":"https:\/\/birdofparadise.pt\/de\/wp-json\/wp\/v2\/product\/15935","targetHints":{"allow":["GET"]}}],"collection":[{"href":"https:\/\/birdofparadise.pt\/de\/wp-json\/wp\/v2\/product"}],"about":[{"href":"https:\/\/birdofparadise.pt\/de\/wp-json\/wp\/v2\/types\/product"}],"replies":[{"embeddable":true,"href":"https:\/\/birdofparadise.pt\/de\/wp-json\/wp\/v2\/comments?post=15935"}],"version-history":[{"count":0,"href":"https:\/\/birdofparadise.pt\/de\/wp-json\/wp\/v2\/product\/15935\/revisions"}],"wp:featuredmedia":[{"embeddable":true,"href":"https:\/\/birdofparadise.pt\/de\/wp-json\/wp\/v2\/media\/15874"}],"wp:attachment":[{"href":"https:\/\/birdofparadise.pt\/de\/wp-json\/wp\/v2\/media?parent=15935"}],"wp:term":[{"taxonomy":"product_cat","embeddable":true,"href":"https:\/\/birdofparadise.pt\/de\/wp-json\/wp\/v2\/product_cat?post=15935"},{"taxonomy":"product_tag","embeddable":true,"href":"https:\/\/birdofparadise.pt\/de\/wp-json\/wp\/v2\/product_tag?post=15935"}],"curies":[{"name":"wp","href":"https:\/\/api.w.org\/{rel}","templated":true}]}}