{"id":16123,"date":"2025-03-21T19:51:30","date_gmt":"2025-03-21T18:51:30","guid":{"rendered":"https:\/\/birdofparadise.pt\/?post_type=product&#038;p=16123"},"modified":"2025-03-31T10:25:26","modified_gmt":"2025-03-31T09:25:26","slug":"the-erfrischung-aus-der-herbe-zitrone-minze","status":"publish","type":"product","link":"https:\/\/birdofparadise.pt\/de\/produit\/erfrischender-kr%C3%A4utertee-bio-zitrone-minze\/","title":{"rendered":"Erfrischender Kr\u00e4utertee Zitrone-Minze"},"content":{"rendered":"<p>Unser Erfrischender Kr\u00e4utertee Zitrone-Minze bringt Frische in Ihre Tasse. Diese Mischung aus Bl\u00e4ttern der Lockenminze, Hagebuttenschalen, Apfelst\u00fccken, Zitronenverbene, Zitronen- und Minz\u00f6l sowie Zitronenschalen ist die perfekte Erg\u00e4nzung f\u00fcr alle Liebhaber von Kr\u00e4utertees und ein echtes Geschmackserlebnis f\u00fcr alle Sinne. <\/p>\n<p>Die Bl\u00e4tter der Lockenminze und Pfefferminze sorgen f\u00fcr eine angenehme Frische, w\u00e4hrend die Hagebuttenschalen und Apfelst\u00fccke eine s\u00fc\u00dfe Note verleihen. Zitronenverbene ist eine besondere Zutat in dieser Mischung, da sie einen einzigartigen Zitrusgeschmack mit einem Hauch von Grapefruit und Limette verleiht.  Diese Pflanze, die zur Familie der <em>Verbenaceae<\/em> geh\u00f6rt, ist eine aromatische und dekorative Pflanze. Sie ist reich an Antioxidantien, Flavonoiden und \u00e4therischen \u00d6len. Eisenkraut wird h\u00e4ufig zur Behandlung von Verdauungsst\u00f6rungen, Schlafst\u00f6rungen und zur Reduzierung von Stress und Angstzust\u00e4nden verwendet. Die Minze ist seit der Antike f\u00fcr ihre zahlreichen traditionellen therapeutischen Eigenschaften bekannt und gesch\u00e4tzt. Ihre krampfl\u00f6senden, schmerzlindernden, entz\u00fcndungshemmenden und antimikrobiellen Eigenschaften machen sie zu einer bevorzugten Pflanze bei der Behandlung verschiedener Verdauungs-, Atemwegs- und neurologischer St\u00f6rungen. Ihre beruhigende und entspannende Wirkung auf das zentrale Nervensystem macht sie zu einem nat\u00fcrlichen Heilmittel gegen Stress und Angstzust\u00e4nde.     <\/p>\n<h6>Zutaten:<\/h6>\n<p>Gr\u00fcne Minzbl\u00e4tter (Krause)* (29,8%), Hagebuttenschalen*, Apfelst\u00fccke*, Zitronenverbene* (5%), Zitronen\u00f6l*, Pfefferminzbl\u00e4tter* (2,5%), Zitronenschalen*, Pfefferminz\u00f6l.<\/p>\n<p>*Zutaten aus \u00f6kologischem Landbau DE-\u00d6KO-039 (Zertifiziert nach der EU-Verordnung \u00fcber den \u00f6kologischen Landbau. EU-Landwirtschaft \/Landwirtschaft au\u00dferhalb der EU). Produkt in seiner endg\u00fcltigen Form (Verpackung) nicht bio-zertifiziert. <\/p>\n<p>Durchschnittliche N\u00e4hrstoffversorgung f\u00fcr das zubereitete Produkt (3g\/100 ml):<\/p>\n<table class=\"xmt-4 xtext-2xl xtext-[#222222] md:xtext-3xl\" style=\"height: 428px;\" width=\"1063\">\n<thead class=\"xborder-b-2 xborder-[#222222] xtext-left\">\n<tr>\n<th class=\"xp-1\">Ern\u00e4hrung<\/th>\n<th class=\"xp-1\">Menge<\/th>\n<\/tr>\n<\/thead>\n<tbody>\n<tr>\n<td class=\"xp-1\">Energie<\/td>\n<td class=\"xp-1\">9 kJ \/ 2 kcal<\/td>\n<\/tr>\n<tr>\n<td class=\"xp-1\">Fettgehalt<\/td>\n<td class=\"xp-1\">&lt; 0.1 g<\/td>\n<\/tr>\n<tr>\n<td class=\"xp-1\">Fetts\u00e4uren<\/td>\n<td class=\"xp-1\">&lt; 0.1 g<\/td>\n<\/tr>\n<tr>\n<td class=\"xp-1\">Kohlenhydrate<\/td>\n<td class=\"xp-1\">&lt; 0.1 g<\/td>\n<\/tr>\n<tr>\n<td class=\"xp-1\">Zucker<\/td>\n<td class=\"xp-1\">&lt; 0.1 g<\/td>\n<\/tr>\n<tr>\n<td class=\"xp-1\">Protein<\/td>\n<td class=\"xp-1\">0.2 g<\/td>\n<\/tr>\n<tr>\n<td class=\"xp-1\">Salz<\/td>\n<td class=\"xp-1\">&lt; 0.01 g<\/td>\n<\/tr>\n<\/tbody>\n<\/table>\n<div class=\"xmt-6\">\n<div class=\"xrounded-lg xbg-[#f5f5f5] xpx-6 xpy-4\">\n<h6>Ratschl\u00e4ge zur Vorbereitung:<\/h6>\n<ul>\n<li class=\"xtext-xl xfont-semibold xtext-[#484848]\"><strong><em>Wassertemperatur<\/em><\/strong>: 100 \u00b0C<\/li>\n<li class=\"xtext-xl xfont-semibold xtext-[#484848]\"><em><strong>Dauer der Infusion<\/strong><\/em>5-8 Minuten<\/li>\n<li class=\"xtext-xl xfont-semibold xtext-[#484848]\"><strong><em>Dosierung<\/em><\/strong>2,5 g \/ 200 ml<\/li>\n<\/ul>\n<\/div>\n<\/div>\n","protected":false},"excerpt":{"rendered":"<p>Dieser erfrischende Kr\u00e4utertee Zitrone-Minze bringt Frische in Ihre Tasse. Diese Mischung aus Bl\u00e4ttern der Lockenminze, Hagebuttenschalen, Apfelst\u00fccken, Zitronenverbene, Zitronen- und Minz\u00f6l sowie Zitronenschalen ist eine perfekte Erg\u00e4nzung f\u00fcr alle Kr\u00e4uterteeliebhaber und ein wahres Geschmackserlebnis f\u00fcr die Sinne. <\/p>\n<p>Dieser Tee kann durch seine Inhaltsstoffe dem K\u00f6rper helfen, Entz\u00fcndungen zu reduzieren, das Immunsystem zu stimulieren und Stresssymptome zu lindern. Dar\u00fcber hinaus hat er eine beruhigende Wirkung auf K\u00f6rper und Geist und kann bei Schlaflosigkeit helfen. <\/p>\n","protected":false},"featured_media":17608,"comment_status":"open","ping_status":"closed","template":"","meta":[],"product_cat":[239,176,190,184],"product_tag":[],"class_list":{"0":"post-16123","1":"product","2":"type-product","3":"status-publish","4":"has-post-thumbnail","6":"product_brand-bird-of-paradise","7":"product_cat-fruhling","8":"product_cat-fruhlingstees-de","9":"product_cat-krautertees-de","10":"product_cat-therapeutische-tees-de","12":"first","13":"instock","14":"taxable","15":"shipping-taxable","16":"purchasable","17":"product-type-variable"},"_links":{"self":[{"href":"https:\/\/birdofparadise.pt\/de\/wp-json\/wp\/v2\/product\/16123","targetHints":{"allow":["GET"]}}],"collection":[{"href":"https:\/\/birdofparadise.pt\/de\/wp-json\/wp\/v2\/product"}],"about":[{"href":"https:\/\/birdofparadise.pt\/de\/wp-json\/wp\/v2\/types\/product"}],"replies":[{"embeddable":true,"href":"https:\/\/birdofparadise.pt\/de\/wp-json\/wp\/v2\/comments?post=16123"}],"version-history":[{"count":0,"href":"https:\/\/birdofparadise.pt\/de\/wp-json\/wp\/v2\/product\/16123\/revisions"}],"wp:featuredmedia":[{"embeddable":true,"href":"https:\/\/birdofparadise.pt\/de\/wp-json\/wp\/v2\/media\/17608"}],"wp:attachment":[{"href":"https:\/\/birdofparadise.pt\/de\/wp-json\/wp\/v2\/media?parent=16123"}],"wp:term":[{"taxonomy":"product_cat","embeddable":true,"href":"https:\/\/birdofparadise.pt\/de\/wp-json\/wp\/v2\/product_cat?post=16123"},{"taxonomy":"product_tag","embeddable":true,"href":"https:\/\/birdofparadise.pt\/de\/wp-json\/wp\/v2\/product_tag?post=16123"}],"curies":[{"name":"wp","href":"https:\/\/api.w.org\/{rel}","templated":true}]}}