{"id":16861,"date":"2025-03-21T18:35:36","date_gmt":"2025-03-21T17:35:36","guid":{"rendered":"https:\/\/birdofparadise.pt\/produit\/the-bien-etre-zinc-vitamine-c\/"},"modified":"2025-03-31T11:42:45","modified_gmt":"2025-03-31T10:42:45","slug":"wohlfuehltee-zink-vitamin-c","status":"publish","type":"product","link":"https:\/\/birdofparadise.pt\/de\/produit\/wohlf%C3%BChltee-mit-zink-vitamin-c\/","title":{"rendered":"Wohlf\u00fchltee Zink Vitamin C"},"content":{"rendered":"<p>Unser Wohlf\u00fchltee Zink Vitamin C bietet eine einzigartige Kombination von Geschmack und gesundheitlichen Vorteilen.<\/p>\n<p>Der Wohlf\u00fchltee Zink Vitamin C enth\u00e4lt eine exquisite Auswahl an Kr\u00e4utern und Fr\u00fcchten: Apfelst\u00fccke, Hibiskusbl\u00fcten, Zitronengras, schwarze Holunderbeeren, Aroniabeeren, Basilikum, Orangenschalen, Gojibeeren sowie Limetten- und Zitronenschalen machen diesen Tee zu einem wahren Genuss.<\/p>\n<p>Zur Unterst\u00fctzung des Immunsystems enth\u00e4lt es Zinkgluconat, Ascorbins\u00e4ure (Vitamin C). Zink ist f\u00fcr seine regulierende Wirkung auf das Immunsystem bekannt und kann helfen, unsere Abwehrkr\u00e4fte zu st\u00e4rken. Ascorbins\u00e4ure, auch bekannt als Vitamin C, ist wichtig f\u00fcr viele Stoffwechselprozesse im K\u00f6rper. Eine Tasse Wohlf\u00fchltee Zink Vitamin C dient daher nicht nur der Entspannung, sondern tr\u00e4gt auch zum Wohlbefinden des K\u00f6rpers bei.   <\/p>\n<h6>Zutaten:<\/h6>\n<p>Apfelst\u00fccke*, Hibiskusbl\u00fcten*, Zitronengras*, Holunderbeeren*, Aroniabeeren*, Basilikum*, Orangenschale*, nat\u00fcrliches Aroma, Gojibeeren*, Limettenschale*, Zinkgluconat, Ascorbins\u00e4ure (Vitamin C).<\/p>\n<p>*Zutaten aus \u00f6kologischem Landbau DE-\u00d6KO-039 (Zertifiziert nach der EU-Verordnung \u00fcber den \u00f6kologischen Landbau. EU-Landwirtschaft \/Landwirtschaft au\u00dferhalb der EU). Produkt in seiner endg\u00fcltigen Form (Verpackung) nicht bio-zertifiziert. <\/p>\n<table class=\"xmt-4 xtext-2xl xtext-[#222222] md:xtext-3xl\">\n<thead class=\"xborder-b-2 xborder-[#222222] xtext-left\">\n<tr>\n<th class=\"xp-1\">Ern\u00e4hrung<\/th>\n<th class=\"xp-1\">Menge<\/th>\n<\/tr>\n<\/thead>\n<tbody>\n<tr>\n<td class=\"xp-1\">Energie<\/td>\n<td class=\"xp-1\">9 kJ \/ 2 kcal<\/td>\n<\/tr>\n<tr>\n<td class=\"xp-1\">Fettgehalt<\/td>\n<td class=\"xp-1\">&lt; 0.1 g<\/td>\n<\/tr>\n<tr>\n<td class=\"xp-1\">Fetts\u00e4uren<\/td>\n<td class=\"xp-1\">&lt; 0.1 g<\/td>\n<\/tr>\n<tr>\n<td class=\"xp-1\">Kohlenhydrate<\/td>\n<td class=\"xp-1\">&lt; 0.1 g<\/td>\n<\/tr>\n<tr>\n<td class=\"xp-1\">Zucker<\/td>\n<td class=\"xp-1\">&lt; 0.1 g<\/td>\n<\/tr>\n<tr>\n<td class=\"xp-1\">Protein<\/td>\n<td class=\"xp-1\">0.2 g<\/td>\n<\/tr>\n<tr>\n<td class=\"xp-1\">Natriumchlorid (NaCl)<\/td>\n<td class=\"xp-1\">&lt; 0.01 g<\/td>\n<\/tr>\n<\/tbody>\n<\/table>\n<div>Durchschnittlicher N\u00e4hrwert f\u00fcr das zubereitete Produkt (3g\/100 ml)<\/div>\n<div class=\"xmt-6\">\n<h6><\/h6>\n<h6>Ratschl\u00e4ge zur Vorbereitung:<\/h6>\n<div class=\"xrounded-lg xbg-[#f5f5f5] xpx-6 xpy-4\">\n<ul>\n<li class=\"xtext-xl xfont-semibold xtext-[#484848]\"><strong><em>Wassertemperatur:<\/em><\/strong> 100 \u00b0C<\/li>\n<li class=\"xtext-xl xfont-semibold xtext-[#484848]\"><strong><em>Zeit f\u00fcr die Infusion:<\/em><\/strong> 5-8 Minuten<\/li>\n<li class=\"xtext-xl xfont-semibold xtext-[#484848]\"><strong><em>Dosierung:<\/em><\/strong> 2,5 g \/ 200 ml<\/li>\n<\/ul>\n<\/div>\n<\/div>\n","protected":false},"excerpt":{"rendered":"<p>Der Wohlf\u00fchltee Zink Vitamin C f\u00fcr K\u00f6rper und Geist mit seinen nat\u00fcrlichen Aromen von Orange und Zitrone bietet eine erfrischende Zitronennote. Dank der enthaltenen Inhaltsstoffe wie Zinkgluconat und Ascorbins\u00e4ure ist dieser Tee auch besonders gesundheitsf\u00f6rdernd. Zink ist f\u00fcr seine regulierende Wirkung auf das Immunsystem bekannt und kann helfen, unsere Abwehrkr\u00e4fte zu st\u00e4rken. Ascorbins\u00e4ure, auch bekannt als Vitamin C, unterst\u00fctzt ebenfalls das Immunsystem und ist wichtig f\u00fcr viele Stoffwechselprozesse im K\u00f6rper. Ein t\u00e4gliches Ritual, um K\u00f6rper und Geist etwas Gutes zu tun. Ob am Morgen als Tonikum oder am Abend als Entspannungshilfe, dieser Tee ist immer die richtige Wahl.     <\/p>\n","protected":false},"featured_media":17661,"comment_status":"open","ping_status":"closed","template":"","meta":[],"product_cat":[146,239,176,190,184],"product_tag":[],"class_list":{"0":"post-16861","1":"product","2":"type-product","3":"status-publish","4":"has-post-thumbnail","6":"product_brand-bird-of-paradise","7":"product_cat-biologischer-landbau","8":"product_cat-fruhling","9":"product_cat-fruhlingstees-de","10":"product_cat-krautertees-de","11":"product_cat-therapeutische-tees-de","13":"first","14":"instock","15":"taxable","16":"shipping-taxable","17":"purchasable","18":"product-type-variable"},"_links":{"self":[{"href":"https:\/\/birdofparadise.pt\/de\/wp-json\/wp\/v2\/product\/16861","targetHints":{"allow":["GET"]}}],"collection":[{"href":"https:\/\/birdofparadise.pt\/de\/wp-json\/wp\/v2\/product"}],"about":[{"href":"https:\/\/birdofparadise.pt\/de\/wp-json\/wp\/v2\/types\/product"}],"replies":[{"embeddable":true,"href":"https:\/\/birdofparadise.pt\/de\/wp-json\/wp\/v2\/comments?post=16861"}],"version-history":[{"count":0,"href":"https:\/\/birdofparadise.pt\/de\/wp-json\/wp\/v2\/product\/16861\/revisions"}],"wp:featuredmedia":[{"embeddable":true,"href":"https:\/\/birdofparadise.pt\/de\/wp-json\/wp\/v2\/media\/17661"}],"wp:attachment":[{"href":"https:\/\/birdofparadise.pt\/de\/wp-json\/wp\/v2\/media?parent=16861"}],"wp:term":[{"taxonomy":"product_cat","embeddable":true,"href":"https:\/\/birdofparadise.pt\/de\/wp-json\/wp\/v2\/product_cat?post=16861"},{"taxonomy":"product_tag","embeddable":true,"href":"https:\/\/birdofparadise.pt\/de\/wp-json\/wp\/v2\/product_tag?post=16861"}],"curies":[{"name":"wp","href":"https:\/\/api.w.org\/{rel}","templated":true}]}}