{"id":8198,"date":"2023-10-21T10:43:43","date_gmt":"2023-10-21T09:43:43","guid":{"rendered":"https:\/\/birdofparadise.pt\/produit\/kraeutertee-gelassenheit-bio\/"},"modified":"2025-04-01T10:36:15","modified_gmt":"2025-04-01T09:36:15","slug":"kraeutertee-gelassenheit","status":"publish","type":"product","link":"https:\/\/birdofparadise.pt\/de\/produit\/krautertee-gelassenheit-bio\/","title":{"rendered":"Kr\u00e4utertee Gelassenheit"},"content":{"rendered":"<p>Der Kr\u00e4utertee Gelassenheit hilft, Stress abzubauen und einen erholsamen Schlaf zu f\u00f6rdern. Hergestellt aus hochwertigen biologischen Inhaltsstoffen, bietet sie eine ausgewogene und beruhigende Weichheit.<\/p>\n<p>Zutaten: Apfel*, Zitronengras*, Hagebutte*, Kamille*, Tulsi*, Ringelblumenbl\u00fcten*, Schwarzer Pfeffer*, Pfefferminze*, Lavendel*, Stevia*, Immortellebl\u00fcten*, Kardamom*, Baldrian*.<\/p>\n<p>*Aus kontrolliert biologischem Anbau FR-BIO-01 (Zertifiziert gem\u00e4\u00df der EU-Verordnung \u00fcber den \u00f6kologischen Landbau. Landwirtschaft in der EU \/ Landwirtschaft au\u00dferhalb der EU). Produkt in seiner endg\u00fcltigen Form (Verpackung) nicht bio-zertifiziert. <\/p>\n<h6>Ratschl\u00e4ge zur Vorbereitung:<\/h6>\n<ul>\n<li><strong><em>Dosierung<\/em><\/strong>: 20 &#8211; 25 g\/L<\/li>\n<li><strong><em>Zeit f\u00fcr die Infusion<\/em><\/strong> : 7 &#8211; 10 Min<\/li>\n<li><strong><em>Temperatur der Infusion<\/em><\/strong> : 100\u00b0 C<\/li>\n<\/ul>\n","protected":false},"excerpt":{"rendered":"<p>Kr\u00e4utertee Gelassenheit :<\/p>\n<p>Ein nat\u00fcrlicher Kr\u00e4utertee, der hilft, Stress abzubauen und einen erholsamen Schlaf zu f\u00f6rdern. Hergestellt aus hochwertigen biologischen Inhaltsstoffen, bietet sie eine ausgewogene und beruhigende Weichheit.<\/p>\n<p>Er wird mit den folgenden Inhaltsstoffen aus biologischem Anbau hergestellt:<\/p>\n<ul>\n<li>Der Apfel hilft, Stress abzubauen und den Geist zu beruhigen;<\/li>\n<li>Zitronengras ist ein starkes entz\u00fcndungshemmendes Mittel, das bei der Schmerzlinderung und der Reduzierung von Entz\u00fcndungen hilft;<\/li>\n<li>Die Hagebutte ist eine Heilpflanze mit beruhigenden und entspannenden Eigenschaften;<\/li>\n<li>Kamille hilft, Stress abzubauen, den Geist zu beruhigen und die Schlafqualit\u00e4t zu verbessern;<\/li>\n<li>Tulsi hilft, Stress abzubauen, Schmerzen zu lindern und einen erholsamen Schlaf zu f\u00f6rdern;<\/li>\n<li>Die Bl\u00fcten der Ringelblume haben beruhigende und entspannende Eigenschaften, die helfen, Stress abzubauen;<\/li>\n<li>Schwarzer Pfeffer ist eine verdauungsf\u00f6rdernde Pflanze, die hilft, Schmerzen zu lindern und die Verdauung zu verbessern;<\/li>\n<li>Pfefferminze hat beruhigende, stimulierende und entz\u00fcndungshemmende Eigenschaften, die helfen, Stress abzubauen, den Geist zu beruhigen und die Konzentration zu verbessern;<\/li>\n<li>Lavendel ist eine Heilpflanze, die entspannende, krampfl\u00f6sende und entz\u00fcndungshemmende Eigenschaften hat;<\/li>\n<\/ul>\n<p>Die S\u00fc\u00dfe der Blumen tanzt mit dem Apfel, um eine sanfte und ausgewogene Tasse zu bieten, die die Energien beruhigt.<\/p>\n<p>Kurz vor dem Schlafengehen f\u00f6rdert sie einen tiefen und erholsamen Schlaf f\u00fcr Gro\u00df und Klein.<\/p>\n<p>Empfehlung zur Vorbereitung:<\/p>\n<p>Erhitzen Sie eine Tasse Wasser in einem Blumenkocher oder einer Teekanne. F\u00fcgen Sie die entsprechende Menge (ca. 4-5 g\/Tasse) Kr\u00e4utertee Gelassenheit hinzu. Lassen Sie den Tee 7 bis 10 Minuten ziehen. Filtern und warm servieren<\/p>\n","protected":false},"featured_media":17928,"comment_status":"open","ping_status":"closed","template":"","meta":[],"product_cat":[190,184],"product_tag":[],"class_list":{"0":"post-8198","1":"product","2":"type-product","3":"status-publish","4":"has-post-thumbnail","6":"product_brand-bird-of-paradise","7":"product_cat-krautertees-de","8":"product_cat-therapeutische-tees-de","10":"first","11":"outofstock","12":"taxable","13":"shipping-taxable","14":"product-type-variable"},"_links":{"self":[{"href":"https:\/\/birdofparadise.pt\/de\/wp-json\/wp\/v2\/product\/8198","targetHints":{"allow":["GET"]}}],"collection":[{"href":"https:\/\/birdofparadise.pt\/de\/wp-json\/wp\/v2\/product"}],"about":[{"href":"https:\/\/birdofparadise.pt\/de\/wp-json\/wp\/v2\/types\/product"}],"replies":[{"embeddable":true,"href":"https:\/\/birdofparadise.pt\/de\/wp-json\/wp\/v2\/comments?post=8198"}],"version-history":[{"count":0,"href":"https:\/\/birdofparadise.pt\/de\/wp-json\/wp\/v2\/product\/8198\/revisions"}],"wp:featuredmedia":[{"embeddable":true,"href":"https:\/\/birdofparadise.pt\/de\/wp-json\/wp\/v2\/media\/17928"}],"wp:attachment":[{"href":"https:\/\/birdofparadise.pt\/de\/wp-json\/wp\/v2\/media?parent=8198"}],"wp:term":[{"taxonomy":"product_cat","embeddable":true,"href":"https:\/\/birdofparadise.pt\/de\/wp-json\/wp\/v2\/product_cat?post=8198"},{"taxonomy":"product_tag","embeddable":true,"href":"https:\/\/birdofparadise.pt\/de\/wp-json\/wp\/v2\/product_tag?post=8198"}],"curies":[{"name":"wp","href":"https:\/\/api.w.org\/{rel}","templated":true}]}}