{"id":8222,"date":"2023-10-21T10:43:43","date_gmt":"2023-10-21T09:43:43","guid":{"rendered":"https:\/\/birdofparadise.pt\/produit\/rooibus-bio\/"},"modified":"2025-03-31T19:26:21","modified_gmt":"2025-03-31T18:26:21","slug":"rooibos","status":"publish","type":"product","link":"https:\/\/birdofparadise.pt\/de\/produit\/rooibos-bio\/","title":{"rendered":"Rooibos"},"content":{"rendered":"<h6>Rooibos:<\/h6>\n<p>Zutaten: Nat\u00fcrlicher Rooibos, nicht aromatisiert*.<\/p>\n<p>*Zutaten aus \u00f6kologischem Landbau FR-BIO-01 (Zertifiziert gem\u00e4\u00df der EU-Verordnung \u00fcber den \u00f6kologischen Landbau. Landwirtschaft in der EU \/ Landwirtschaft au\u00dferhalb der EU). Produkt in seiner endg\u00fcltigen Form (Verpackung) nicht bio-zertifiziert. <\/p>\n<h6>Ratschl\u00e4ge zur Vorbereitung:<\/h6>\n<ul>\n<li>Dosierung: 15 &#8211; 20 g\/L<\/li>\n<li>Ziehzeit: 7 &#8211; 10 Min.<\/li>\n<li>Infusionstemperatur: 100 \u00b0 C<\/li>\n<\/ul>\n","protected":false},"excerpt":{"rendered":"<p>Rooibos ist ein Strauch aus S\u00fcdafrika, der vor Jahrhunderten von den indigenen Khoisan entdeckt und sp\u00e4ter von den holl\u00e4ndischen Kolonialherren im 17.<\/p>\n<p>Es ist bekannt f\u00fcr seinen hohen Gehalt an Antioxidantien und hat entz\u00fcndungshemmende Eigenschaften, die helfen k\u00f6nnen, Oxidation und Entz\u00fcndungen im K\u00f6rper zu reduzieren. Es enth\u00e4lt auch Aspalathin, eine einzigartige Verbindung mit potenziellen Vorteilen f\u00fcr die kardiovaskul\u00e4re Gesundheit durch Senkung des Blutdrucks und Verbesserung der Blutzirkulation.<\/p>\n<p>Neben seinen gesundheitlichen Vorteilen wird Rooibos auch wegen seines unverwechselbaren aromatischen Profils gesch\u00e4tzt. Er hat eine leuchtend rote Farbe und einen s\u00fc\u00dfen, frischen Geschmack mit Noten von Vanille und Bittermandel.<\/p>\n<p>Um Rooibos zuzubereiten, verwenden Sie 15 bis 20 g pro Liter leicht warmes Wasser (Aufgusstemperatur 100\u00b0C), um die entgiftenden und belebenden Eigenschaften der Mischung zu optimieren.<\/p>\n<p>Rooibos kann hei\u00df oder eisgek\u00fchlt getrunken werden, als entspannendes Getr\u00e4nk oder als 28-t\u00e4gige Kur f\u00fcr eine effektive und beruhigende Entgiftung.<\/p>\n","protected":false},"featured_media":17862,"comment_status":"open","ping_status":"closed","template":"","meta":[],"product_cat":[130,184],"product_tag":[],"class_list":{"0":"post-8222","1":"product","2":"type-product","3":"status-publish","4":"has-post-thumbnail","6":"product_brand-bird-of-paradise","7":"product_cat-rooibos-de","8":"product_cat-therapeutische-tees-de","10":"first","11":"instock","12":"taxable","13":"shipping-taxable","14":"purchasable","15":"product-type-variable"},"_links":{"self":[{"href":"https:\/\/birdofparadise.pt\/de\/wp-json\/wp\/v2\/product\/8222","targetHints":{"allow":["GET"]}}],"collection":[{"href":"https:\/\/birdofparadise.pt\/de\/wp-json\/wp\/v2\/product"}],"about":[{"href":"https:\/\/birdofparadise.pt\/de\/wp-json\/wp\/v2\/types\/product"}],"replies":[{"embeddable":true,"href":"https:\/\/birdofparadise.pt\/de\/wp-json\/wp\/v2\/comments?post=8222"}],"version-history":[{"count":0,"href":"https:\/\/birdofparadise.pt\/de\/wp-json\/wp\/v2\/product\/8222\/revisions"}],"wp:featuredmedia":[{"embeddable":true,"href":"https:\/\/birdofparadise.pt\/de\/wp-json\/wp\/v2\/media\/17862"}],"wp:attachment":[{"href":"https:\/\/birdofparadise.pt\/de\/wp-json\/wp\/v2\/media?parent=8222"}],"wp:term":[{"taxonomy":"product_cat","embeddable":true,"href":"https:\/\/birdofparadise.pt\/de\/wp-json\/wp\/v2\/product_cat?post=8222"},{"taxonomy":"product_tag","embeddable":true,"href":"https:\/\/birdofparadise.pt\/de\/wp-json\/wp\/v2\/product_tag?post=8222"}],"curies":[{"name":"wp","href":"https:\/\/api.w.org\/{rel}","templated":true}]}}