{"id":8232,"date":"2023-10-21T10:43:43","date_gmt":"2023-10-21T09:43:43","guid":{"rendered":"https:\/\/birdofparadise.pt\/produit\/china-sencha-lu-yu-gruentee-bio\/"},"modified":"2025-03-31T15:10:57","modified_gmt":"2025-03-31T14:10:57","slug":"gruener-tee-china-sencha-lu-yu","status":"publish","type":"product","link":"https:\/\/birdofparadise.pt\/de\/produit\/gr%C3%BCner-tee-china-sencha-lu-yu\/","title":{"rendered":"Gr\u00fcner Tee China Sencha Lu Yu"},"content":{"rendered":"<p>Gr\u00fcner Tee Sencha Lu Yu ist bekannt daf\u00fcr, dass er aufgrund seines hohen Koffein-\/Teingehalts besonders anregend wirkt. Dar\u00fcber hinaus besitzt er antioxidative Eigenschaften, die f\u00fcr unser Immunsystem von Vorteil sind. <\/p>\n<p>Dies ist ein leichter Tee mit gro\u00dfen, flach gepressten Bl\u00e4ttern. Seine Tasse ist goldgelb. Sein Geschmack ist s\u00fc\u00df und w\u00fcrzig. Ein Klassiker unter den chinesischen gr\u00fcnen Tees.   <\/p>\n<h6><span style=\"vertical-align: inherit;\"><span style=\"vertical-align: inherit;\">Zutaten : <\/span><\/span><\/h6>\n<p><span style=\"vertical-align: inherit;\"><span style=\"vertical-align: inherit;\">100 % Gr\u00fcner Tee Natur*.<\/span><\/span><\/p>\n<p>*Zutaten aus \u00f6kologischem Landbau FR-BIO-01 (Zertifiziert gem\u00e4\u00df der EU-Verordnung \u00fcber den \u00f6kologischen Landbau. Landwirtschaft in der EU \/ Landwirtschaft au\u00dferhalb der EU). Produkt in seiner endg\u00fcltigen Form (Verpackung) nicht bio-zertifiziert. <\/p>\n<h6>Ratschl\u00e4ge zur Vorbereitung:<\/h6>\n<ul>\n<li><span style=\"vertical-align: inherit;\"><span style=\"vertical-align: inherit;\">Dosierung: 12 &#8211; 15 g\/L<\/span><\/span><\/li>\n<li><span style=\"vertical-align: inherit;\"><span style=\"vertical-align: inherit;\">Zeit <\/span><\/span><span style=\"vertical-align: inherit;\"><span style=\"vertical-align: inherit;\">Ziehzeit: 2 &#8211; 3 Minuten <\/span><\/span><span style=\"vertical-align: inherit;\"><span style=\"vertical-align: inherit;\">Min<\/span><\/span><\/li>\n<li><span style=\"vertical-align: inherit;\"><span style=\"vertical-align: inherit;\">Infusionstemperatur: 70 &#8211; 80\u00b0 C<\/span><\/span><\/li>\n<\/ul>\n","protected":false},"excerpt":{"rendered":"<p>Leichter Sencha-Gr\u00fcntee mit gro\u00dfen, flach gepressten Bl\u00e4ttern. Goldgelbe Tasse. S\u00fc\u00df und w\u00fcrzig im Geschmack.<span style=\"vertical-align: inherit;\"><span style=\"vertical-align: inherit;\"><br \/>\n<\/span><\/span><\/p>\n","protected":false},"featured_media":17708,"comment_status":"open","ping_status":"closed","template":"","meta":[],"product_cat":[187,149,172,165,184],"product_tag":[],"class_list":{"0":"post-8232","1":"product","2":"type-product","3":"status-publish","4":"has-post-thumbnail","6":"product_brand-bird-of-paradise","7":"product_cat-grune-tees-de","8":"product_cat-china-de","9":"product_cat-fruhstuckstees-de","10":"product_cat-klassische-tees-de","11":"product_cat-therapeutische-tees-de","13":"first","14":"instock","15":"taxable","16":"shipping-taxable","17":"purchasable","18":"product-type-variable"},"_links":{"self":[{"href":"https:\/\/birdofparadise.pt\/de\/wp-json\/wp\/v2\/product\/8232","targetHints":{"allow":["GET"]}}],"collection":[{"href":"https:\/\/birdofparadise.pt\/de\/wp-json\/wp\/v2\/product"}],"about":[{"href":"https:\/\/birdofparadise.pt\/de\/wp-json\/wp\/v2\/types\/product"}],"replies":[{"embeddable":true,"href":"https:\/\/birdofparadise.pt\/de\/wp-json\/wp\/v2\/comments?post=8232"}],"version-history":[{"count":0,"href":"https:\/\/birdofparadise.pt\/de\/wp-json\/wp\/v2\/product\/8232\/revisions"}],"wp:featuredmedia":[{"embeddable":true,"href":"https:\/\/birdofparadise.pt\/de\/wp-json\/wp\/v2\/media\/17708"}],"wp:attachment":[{"href":"https:\/\/birdofparadise.pt\/de\/wp-json\/wp\/v2\/media?parent=8232"}],"wp:term":[{"taxonomy":"product_cat","embeddable":true,"href":"https:\/\/birdofparadise.pt\/de\/wp-json\/wp\/v2\/product_cat?post=8232"},{"taxonomy":"product_tag","embeddable":true,"href":"https:\/\/birdofparadise.pt\/de\/wp-json\/wp\/v2\/product_tag?post=8232"}],"curies":[{"name":"wp","href":"https:\/\/api.w.org\/{rel}","templated":true}]}}