{"id":8241,"date":"2023-10-21T10:43:43","date_gmt":"2023-10-21T09:43:43","guid":{"rendered":"https:\/\/birdofparadise.pt\/produit\/pu-erh-tee-bio\/"},"modified":"2025-03-31T17:31:53","modified_gmt":"2025-03-31T16:31:53","slug":"pu-erh-tee","status":"publish","type":"product","link":"https:\/\/birdofparadise.pt\/de\/produit\/pu-erh-tee-bio\/","title":{"rendered":"Pu Erh Tee"},"content":{"rendered":"<p>Pu Erh Tee: Kr\u00e4ftiger roter Tee. Erdige Lik\u00f6r und dunkle Tasse.<\/p>\n<p><strong>Zutaten: <\/strong>100 % Pu Erh Natur*.<\/p>\n<p>*Zutaten aus \u00f6kologischem Landbau FR-BIO-01 (Zertifiziert gem\u00e4\u00df der EU-Verordnung \u00fcber den \u00f6kologischen Landbau. Landwirtschaft in der EU \/ Landwirtschaft au\u00dferhalb der EU). Produkt in seiner endg\u00fcltigen Form (Verpackung) nicht bio-zertifiziert. <\/p>\n<p><em><strong>Dosierung <\/strong><\/em> : 12 g\/L<br \/>\n<em><strong>Zeit f\u00fcr die Infusion<\/strong><\/em> : 4 &#8211; 5 Min<br \/>\n<em><strong>Temperatur der Infusion<\/strong><\/em> : 100\u00b0 C<\/p>\n","protected":false},"excerpt":{"rendered":"<p>Pu erh Tee (in China auch dunkler Tee genannt) ist ein fermentierter Tee aus der Camellia Sinensis, einer Teepflanze, die seit Jahrtausenden in Yunnan in China angebaut wird. Er ist nach der Stadt Pu erh benannt, einem uralten Handelszentrum in der Provinz Yunnan. Man erkennt ihn an seiner dunkelroten Farbe, seinem holzigen Geschmack und seiner zarten Schaumnote.<\/p>\n<p>Die chinesische Tradition erkennt die Vorteile von the pu erh schon seit Urzeiten an.<\/p>\n<ul>\n<li>Sie verwendet ihn insbesondere wegen seiner Wirkung auf die Verdauung.<\/li>\n<li>Es soll auch eine entgiftende Wirkung haben und den Gewichtsverlust f\u00f6rdern.<\/li>\n<\/ul>\n<p>&nbsp;<\/p>\n","protected":false},"featured_media":17817,"comment_status":"open","ping_status":"closed","template":"","meta":[],"product_cat":[180,149,165,184],"product_tag":[212],"class_list":{"0":"post-8241","1":"product","2":"type-product","3":"status-publish","4":"has-post-thumbnail","6":"product_brand-bird-of-paradise","7":"product_cat-pu-erh-tees-de","8":"product_cat-china-de","9":"product_cat-klassische-tees-de","10":"product_cat-therapeutische-tees-de","11":"product_tag-pu-erh-tees","13":"first","14":"instock","15":"taxable","16":"shipping-taxable","17":"purchasable","18":"product-type-variable"},"_links":{"self":[{"href":"https:\/\/birdofparadise.pt\/de\/wp-json\/wp\/v2\/product\/8241","targetHints":{"allow":["GET"]}}],"collection":[{"href":"https:\/\/birdofparadise.pt\/de\/wp-json\/wp\/v2\/product"}],"about":[{"href":"https:\/\/birdofparadise.pt\/de\/wp-json\/wp\/v2\/types\/product"}],"replies":[{"embeddable":true,"href":"https:\/\/birdofparadise.pt\/de\/wp-json\/wp\/v2\/comments?post=8241"}],"version-history":[{"count":0,"href":"https:\/\/birdofparadise.pt\/de\/wp-json\/wp\/v2\/product\/8241\/revisions"}],"wp:featuredmedia":[{"embeddable":true,"href":"https:\/\/birdofparadise.pt\/de\/wp-json\/wp\/v2\/media\/17817"}],"wp:attachment":[{"href":"https:\/\/birdofparadise.pt\/de\/wp-json\/wp\/v2\/media?parent=8241"}],"wp:term":[{"taxonomy":"product_cat","embeddable":true,"href":"https:\/\/birdofparadise.pt\/de\/wp-json\/wp\/v2\/product_cat?post=8241"},{"taxonomy":"product_tag","embeddable":true,"href":"https:\/\/birdofparadise.pt\/de\/wp-json\/wp\/v2\/product_tag?post=8241"}],"curies":[{"name":"wp","href":"https:\/\/api.w.org\/{rel}","templated":true}]}}