{"id":8294,"date":"2023-12-17T17:32:54","date_gmt":"2023-12-17T16:32:54","guid":{"rendered":"https:\/\/birdofparadise.pt\/?post_type=product&#038;p=8294"},"modified":"2025-04-01T15:13:39","modified_gmt":"2025-04-01T14:13:39","slug":"moringa-blaetter","status":"publish","type":"product","link":"https:\/\/birdofparadise.pt\/de\/produit\/moringa-bl%C3%A4tter\/","title":{"rendered":"MORINGA-Bl\u00e4tter"},"content":{"rendered":"<p><strong>Zutaten : <\/strong>MORINGA* Bl\u00e4tter (Schnitt 2-10 mm)<\/p>\n<p>*Zutaten aus \u00f6kologischem Landbau FR-BIO-01 (Zertifiziert gem\u00e4\u00df der EU-Verordnung \u00fcber den \u00f6kologischen Landbau. Landwirtschaft in der EU \/ Landwirtschaft au\u00dferhalb der EU). Produkt in seiner endg\u00fcltigen Form (Verpackung) nicht bio-zertifiziert. <\/p>\n<p>URSPRUNG<strong>:<\/strong> Indien<\/p>\n<p><strong>Lateinische Bezeichnung : <\/strong><em>Moringa oleifera<\/em><\/p>\n<h6>Ratschl\u00e4ge zur Vorbereitung:<\/h6>\n<ul>\n<li><em><br \/>\n  <strong>Dosierung<\/strong><br \/>\n<\/em> : 10 g\/L<\/li>\n<li><em><br \/>\n  <strong>Zeit f\u00fcr die Infusion<\/strong><br \/>\n<\/em> : 5-10 Min<\/li>\n<li><strong><em>Temperatur der Infusion<\/em><\/strong> : 100\u00b0 C<\/li>\n<\/ul>\n","protected":false},"excerpt":{"rendered":"<h6>Geschichte des Moringa :<\/h6>\n<p>Moringa ist eine Magnolienblattpflanze, die auch als Baum des vielf\u00e4ltigen Nutzens oder als Baum des Lebens bekannt ist. Sie wird seit \u00fcber 4000 Jahren in Indien angebaut und in der traditionellen ayurvedischen Medizin zur Behandlung einer Vielzahl von Krankheiten, einschlie\u00dflich Infektionen, An\u00e4mie, Diabetes und sogar Depressionen, eingesetzt.<\/p>\n<h6><strong>Vorteile von Moringa :<\/strong><\/h6>\n<p>Moringabl\u00e4tter sind reich an den Vitaminen A und C sowie an mehreren anderen B-Vitaminen. Sie enthalten au\u00dferdem eine Vielzahl von Spurenelementen wie Kalzium, Kalium und Eisen. Ihr au\u00dfergew\u00f6hnlich hoher N\u00e4hrstoffgehalt macht sie besonders gesundheitsf\u00f6rdernd. Beispielsweise enthalten sie im Verh\u00e4ltnis zum Gewicht 17-mal so viel Kalzium wie Milch, 15-mal so viel Kalium wie Bananen und 25-mal so viel Eisen wie Spinat. Dar\u00fcber hinaus sind Moringabl\u00e4tter eine hervorragende Quelle f\u00fcr essentielle Aminos\u00e4uren, darunter Isoleucin, Leucin, Lysin, Methionin, Phenylalanin, Threonin, Tryptophan und Valin.<\/p>\n<h6><strong>Moringa-Dosierung :<\/strong><\/h6>\n<p>Moringabl\u00e4tter werden normalerweise als Tee oder Pulver verzehrt. Sie k\u00f6nnen Gerichten zugesetzt werden, um deren N\u00e4hrwert zu verbessern. Sportler verwenden sie h\u00e4ufig als Nahrungserg\u00e4nzungsmittel, um lang anhaltende Energie zu erhalten und die k\u00f6rperliche Leistungsf\u00e4higkeit zu unterst\u00fctzen, ohne die unerw\u00fcnschten Nebenwirkungen zu erleiden, die mit langsamen Zuckern im Blut verbunden sind. Au\u00dferdem werden Moringabl\u00e4tter f\u00fcr diejenigen empfohlen, die einen N\u00e4hrstoffmangel haben oder unter M\u00fcdigkeit leiden. Sie k\u00f6nnen helfen, den Blutzuckerspiegel zu regulieren und zu normalisieren, was f\u00fcr Menschen mit Diabetes von Vorteil sein kann.<\/p>\n","protected":false},"featured_media":17985,"comment_status":"open","ping_status":"closed","template":"","meta":[],"product_cat":[184,151,190],"product_tag":[],"class_list":{"0":"post-8294","1":"product","2":"type-product","3":"status-publish","4":"has-post-thumbnail","6":"product_brand-bird-of-paradise","7":"product_cat-therapeutische-tees-de","8":"product_cat-indien-de","9":"product_cat-krautertees-de","11":"first","12":"instock","13":"taxable","14":"shipping-taxable","15":"purchasable","16":"product-type-simple"},"_links":{"self":[{"href":"https:\/\/birdofparadise.pt\/de\/wp-json\/wp\/v2\/product\/8294","targetHints":{"allow":["GET"]}}],"collection":[{"href":"https:\/\/birdofparadise.pt\/de\/wp-json\/wp\/v2\/product"}],"about":[{"href":"https:\/\/birdofparadise.pt\/de\/wp-json\/wp\/v2\/types\/product"}],"replies":[{"embeddable":true,"href":"https:\/\/birdofparadise.pt\/de\/wp-json\/wp\/v2\/comments?post=8294"}],"version-history":[{"count":0,"href":"https:\/\/birdofparadise.pt\/de\/wp-json\/wp\/v2\/product\/8294\/revisions"}],"wp:featuredmedia":[{"embeddable":true,"href":"https:\/\/birdofparadise.pt\/de\/wp-json\/wp\/v2\/media\/17985"}],"wp:attachment":[{"href":"https:\/\/birdofparadise.pt\/de\/wp-json\/wp\/v2\/media?parent=8294"}],"wp:term":[{"taxonomy":"product_cat","embeddable":true,"href":"https:\/\/birdofparadise.pt\/de\/wp-json\/wp\/v2\/product_cat?post=8294"},{"taxonomy":"product_tag","embeddable":true,"href":"https:\/\/birdofparadise.pt\/de\/wp-json\/wp\/v2\/product_tag?post=8294"}],"curies":[{"name":"wp","href":"https:\/\/api.w.org\/{rel}","templated":true}]}}