{"id":8296,"date":"2023-12-13T17:38:40","date_gmt":"2023-12-13T16:38:40","guid":{"rendered":"https:\/\/birdofparadise.pt\/?post_type=product&#038;p=8296"},"modified":"2025-04-01T17:04:58","modified_gmt":"2025-04-01T16:04:58","slug":"schwarzer-tee-english-breakfast","status":"publish","type":"product","link":"https:\/\/birdofparadise.pt\/de\/produit\/schwarzer-tee-english-breakfast-bio\/","title":{"rendered":"Schwarzer Tee English breakfast"},"content":{"rendered":"<h6><strong><span style=\"vertical-align: inherit;\"><span style=\"vertical-align: inherit;\">Schwarzer Tee English breakfast<br \/>\n<\/span><\/span><\/strong><\/h6>\n<p><strong><span style=\"vertical-align: inherit;\"><span style=\"vertical-align: inherit;\">Zutaten :<\/span><\/span><\/strong><span style=\"vertical-align: inherit;\"><span style=\"vertical-align: inherit;\"> 100% loser Schwarztee, Mischung aus verschiedenen biologischen Assam* und Ceylon* Tees.<\/span><\/span><\/p>\n<p>*Zutaten aus \u00f6kologischem Landbau FR-BIO-01 (Zertifiziert gem\u00e4\u00df der EU-Verordnung \u00fcber den \u00f6kologischen Landbau. Landwirtschaft in der EU \/ Landwirtschaft au\u00dferhalb der EU). Produkt in seiner endg\u00fcltigen Form (Verpackung) nicht bio-zertifiziert. <\/p>\n<h6>Ratschl\u00e4ge zur Vorbereitung:<\/h6>\n<ul>\n<li><em><strong><span style=\"vertical-align: inherit;\"><span style=\"vertical-align: inherit;\">Dosierung<\/span><\/span><\/strong><\/em><span style=\"vertical-align: inherit;\"><span style=\"vertical-align: inherit;\"> 12 g\/L<\/span><\/span><\/li>\n<li><em><strong><span style=\"vertical-align: inherit;\"><span style=\"vertical-align: inherit;\">Dauer der Infusion<\/span><\/span><\/strong><\/em><span style=\"vertical-align: inherit;\"><span style=\"vertical-align: inherit;\"> 3 &#8211; 5 Min.<\/span><\/span><\/li>\n<li><strong><em><span style=\"vertical-align: inherit;\"><span style=\"vertical-align: inherit;\">Infusionstemperatur<\/span><\/span><\/em><\/strong><span style=\"vertical-align: inherit;\"><span style=\"vertical-align: inherit;\"> : 100\u00b0 C<\/span><\/span><\/li>\n<\/ul>\n","protected":false},"excerpt":{"rendered":"<p><span style=\"vertical-align: inherit;\"><span style=\"vertical-align: inherit;\">Der Schwarze Tee English Breakfast wurde im 19. Jahrhundert f\u00fcr die britische Oberschicht kreiert, die ein starkes, aufmunterndes Getr\u00e4nk suchte, um ihren Tag zu beginnen. Er bestand normalerweise aus drei verschiedenen Arten von Teebl\u00e4ttern, Assam, Kenia und Sri Lanka (Ceylon), die zusammen gemahlen wurden. Auch heute noch ist der English Breakfast Schwarztee im Vereinigten K\u00f6nigreich und auf der ganzen Welt sehr beliebt, vor allem wegen seines starken Geschmacks und seines reichen Aromas.<\/span><\/span><\/p>\n<p><span style=\"vertical-align: inherit;\"><span style=\"vertical-align: inherit;\">Wir bieten Ihnen hier einen Schwarzen Tee English Breakfast an, der aus einer einzigartigen Kombination von zwei der besten Teefelder der Welt hergestellt wird: Assam und Ceylon, beide aus biologischem Anbau:<\/span><\/span><\/p>\n<ul>\n<li><span style=\"vertical-align: inherit;\"><span style=\"vertical-align: inherit;\">Assam: Ein Teefeld im Nordosten Indiens, das f\u00fcr seinen kr\u00e4ftigen und malzigen Geschmack bekannt ist. Die Bl\u00e4tter des Assam-Tees werden gemahlen, um einen intensiven Geschmack und ein reiches Aroma zu erhalten; <\/span><\/span><\/li>\n<li><span style=\"vertical-align: inherit;\"><span style=\"vertical-align: inherit;\">Ceylon (Sri Lanka): Ein Teefeld in Sri Lanka, das f\u00fcr seinen s\u00fc\u00dfen und aromatischen Geschmack bekannt ist. Die Bl\u00e4tter des Ceylon-Tees werden sorgf\u00e4ltig ausgew\u00e4hlt und gemahlen, um einen intensiven Geschmack und ein angenehmes Aroma zu bieten.<\/span><\/span><\/li>\n<\/ul>\n<p><span style=\"vertical-align: inherit;\"><span style=\"vertical-align: inherit;\">F\u00fcr ein einzigartiges und sehr britisches Geschmackserlebnis empfiehlt es sich, den Tee mit kochendem Wasser aufzubr\u00fchen und jede Minute zu testen, bis Sie die f\u00fcr Sie passende Ziehzeit gefunden haben. Sein goldgelber Lik\u00f6r zeichnet sich durch einen sehr aromatischen Geschmack aus.<\/span><\/span><\/p>\n","protected":false},"featured_media":18103,"comment_status":"open","ping_status":"closed","template":"","meta":[],"product_cat":[167,146,172,165],"product_tag":[],"class_list":{"0":"post-8296","1":"product","2":"type-product","3":"status-publish","4":"has-post-thumbnail","6":"product_brand-bird-of-paradise","7":"product_cat-schwarze-tees-de","8":"product_cat-biologischer-landbau","9":"product_cat-fruhstuckstees-de","10":"product_cat-klassische-tees-de","12":"first","13":"outofstock","14":"taxable","15":"shipping-taxable","16":"product-type-variable"},"_links":{"self":[{"href":"https:\/\/birdofparadise.pt\/de\/wp-json\/wp\/v2\/product\/8296","targetHints":{"allow":["GET"]}}],"collection":[{"href":"https:\/\/birdofparadise.pt\/de\/wp-json\/wp\/v2\/product"}],"about":[{"href":"https:\/\/birdofparadise.pt\/de\/wp-json\/wp\/v2\/types\/product"}],"replies":[{"embeddable":true,"href":"https:\/\/birdofparadise.pt\/de\/wp-json\/wp\/v2\/comments?post=8296"}],"version-history":[{"count":0,"href":"https:\/\/birdofparadise.pt\/de\/wp-json\/wp\/v2\/product\/8296\/revisions"}],"wp:featuredmedia":[{"embeddable":true,"href":"https:\/\/birdofparadise.pt\/de\/wp-json\/wp\/v2\/media\/18103"}],"wp:attachment":[{"href":"https:\/\/birdofparadise.pt\/de\/wp-json\/wp\/v2\/media?parent=8296"}],"wp:term":[{"taxonomy":"product_cat","embeddable":true,"href":"https:\/\/birdofparadise.pt\/de\/wp-json\/wp\/v2\/product_cat?post=8296"},{"taxonomy":"product_tag","embeddable":true,"href":"https:\/\/birdofparadise.pt\/de\/wp-json\/wp\/v2\/product_tag?post=8296"}],"curies":[{"name":"wp","href":"https:\/\/api.w.org\/{rel}","templated":true}]}}