{"id":8297,"date":"2023-12-17T17:30:56","date_gmt":"2023-12-17T16:30:56","guid":{"rendered":"https:\/\/birdofparadise.pt\/?post_type=product&#038;p=8297"},"modified":"2025-04-01T11:05:12","modified_gmt":"2025-04-01T10:05:12","slug":"schwarzer-tee-aus-indien","status":"publish","type":"product","link":"https:\/\/birdofparadise.pt\/de\/produit\/schwarzer-tee-aus-indien\/","title":{"rendered":"Schwarzer Tee aus Indien"},"content":{"rendered":"<p><strong>Zutaten: <\/strong>Schwarzer Tee aus Indien*, nicht aromatisiert.<\/p>\n<p><strong>Herkunft:<\/strong> Indien, Region Kerala, fairer Handel<\/p>\n<p>*Zutaten aus \u00f6kologischem Landbau FR-BIO-01 (Zertifiziert gem\u00e4\u00df der EU-Verordnung \u00fcber den \u00f6kologischen Landbau. Landwirtschaft in der EU \/ Landwirtschaft au\u00dferhalb der EU). Produkt in seiner endg\u00fcltigen Form (Verpackung) nicht bio-zertifiziert. <\/p>\n<h6>Ratschl\u00e4ge zur Vorbereitung:<\/h6>\n<ul>\n<li><em><strong>Dosierung<\/strong><\/em> : 12 &#8211; 15 g\/L<\/li>\n<li><em><strong>Zeit f\u00fcr die Infusion<\/strong><\/em> : 3 &#8211; 5 Min<\/li>\n<li><strong><em>Temperatur der Infusion<\/em><\/strong> : 100\u00b0 C<\/li>\n<\/ul>\n","protected":false},"excerpt":{"rendered":"<p>Dieser schwarze Tee aus Indien stammt aus der Region Kerala im S\u00fcdwesten Indiens. Diese Teesorte wird seit Jahrhunderten in dieser Region angebaut und getrunken, wo sie oft mit einer gewissen S\u00fc\u00dfe und einem unverwechselbaren Geschmack zubereitet wird.<\/p>\n<p>Dieser schwarze Tee aus Indien hat einen feinen Geschmack, der zwischen schwarzem und gr\u00fcnem Tee liegt, mit Noten von roten Fr\u00fcchten und frischen Blumen. Er ist in der Regel weniger stark als andere Schwarzteesorten und bietet einen subtileren und erfrischenderen Geschmack.<\/p>\n<p>Vorteile von Schwarzem Tee aus Indien :<\/p>\n<p>Dieser schwarze Tee aus Indien ist wie alle Teesorten reich an Antioxidantien, die den K\u00f6rper vor Sch\u00e4den durch freie Radikale sch\u00fctzen. Es enth\u00e4lt au\u00dferdem Flavonoide und Polyphenole, die helfen k\u00f6nnen, Entz\u00fcndungen zu reduzieren und die Herz-Kreislauf-Gesundheit zu verbessern. Au\u00dferdem ist er reich an Koffein, das helfen kann, den Stoffwechsel anzuregen und die Aufmerksamkeit und Konzentration zu steigern.<\/p>\n<p>Um einen schwarzen Tee aus Indien zuzubereiten, erhitzen Sie Wasser bis zum Kochen und lassen es dann leicht abk\u00fchlen, bevor Sie den Tee in eine Tasse gie\u00dfen. F\u00fcge Zucker oder Honig und Milch (wenn du das bevorzugst) hinzu und sch\u00fcttle gut, damit sich die Fl\u00fcssigkeitstropfen auf den Bl\u00e4ttern bilden. Lassen Sie den Tee einige Minuten ziehen und servieren Sie ihn dann hei\u00df oder bei Zimmertemperatur. Sie k\u00f6nnen Gew\u00fcrze wie Kardamom oder schwarzen Pfeffer hinzuf\u00fcgen, um den einzigartigen Geschmack von schwarzem Tee aus Indien zu betonen.<\/p>\n","protected":false},"featured_media":17940,"comment_status":"open","ping_status":"closed","template":"","meta":[],"product_cat":[167,172,151],"product_tag":[],"class_list":{"0":"post-8297","1":"product","2":"type-product","3":"status-publish","4":"has-post-thumbnail","6":"product_brand-bird-of-paradise","7":"product_cat-schwarze-tees-de","8":"product_cat-fruhstuckstees-de","9":"product_cat-indien-de","11":"first","12":"outofstock","13":"taxable","14":"shipping-taxable","15":"product-type-variable"},"_links":{"self":[{"href":"https:\/\/birdofparadise.pt\/de\/wp-json\/wp\/v2\/product\/8297","targetHints":{"allow":["GET"]}}],"collection":[{"href":"https:\/\/birdofparadise.pt\/de\/wp-json\/wp\/v2\/product"}],"about":[{"href":"https:\/\/birdofparadise.pt\/de\/wp-json\/wp\/v2\/types\/product"}],"replies":[{"embeddable":true,"href":"https:\/\/birdofparadise.pt\/de\/wp-json\/wp\/v2\/comments?post=8297"}],"version-history":[{"count":0,"href":"https:\/\/birdofparadise.pt\/de\/wp-json\/wp\/v2\/product\/8297\/revisions"}],"wp:featuredmedia":[{"embeddable":true,"href":"https:\/\/birdofparadise.pt\/de\/wp-json\/wp\/v2\/media\/17940"}],"wp:attachment":[{"href":"https:\/\/birdofparadise.pt\/de\/wp-json\/wp\/v2\/media?parent=8297"}],"wp:term":[{"taxonomy":"product_cat","embeddable":true,"href":"https:\/\/birdofparadise.pt\/de\/wp-json\/wp\/v2\/product_cat?post=8297"},{"taxonomy":"product_tag","embeddable":true,"href":"https:\/\/birdofparadise.pt\/de\/wp-json\/wp\/v2\/product_tag?post=8297"}],"curies":[{"name":"wp","href":"https:\/\/api.w.org\/{rel}","templated":true}]}}