{"id":8304,"date":"2023-12-17T18:33:01","date_gmt":"2023-12-17T17:33:01","guid":{"rendered":"https:\/\/birdofparadise.pt\/?post_type=product&#038;p=8304"},"modified":"2024-10-04T02:46:43","modified_gmt":"2024-10-04T01:46:43","slug":"lavandinpflanze-ganze-bluete","status":"publish","type":"product","link":"https:\/\/birdofparadise.pt\/de\/produit\/lavandinpflanze-ganze-bluete\/","title":{"rendered":"Lavandinpflanze ganze bluete"},"content":{"rendered":"<p><strong>Zutaten: <\/strong>Lavandinpflanze ganze bluete<\/p>\n<p><strong>Herkunft: <\/strong>FRANKREICH<\/p>\n<p><strong>Lateinische Bezeichnung: <\/strong>Lavandula x intermedia Emeric<\/p>\n<p><em><strong>Dosierung<\/strong><\/em> : 15 &#8211; 20 g\/L<br \/>\n<em><strong>Zeit f\u00fcr die Infusion<\/strong><\/em> : 7 &#8211; 10 Min<br \/>\n<strong><em>Temperatur der Infusion<\/em><\/strong> : 100 \u00b0 C<\/p>\n<p><strong>Zertifizierung :<br \/>\n<\/strong><\/p>\n<p>Bio: Produkt aus \u00f6kologischem Landbau FR-BIO-01<br \/>\n<img decoding=\"async\" style=\"float: none;\" src=\"\/\/cdn.shopify.com\/s\/files\/1\/0232\/4902\/7149\/files\/bio_small.PNG?v=1559296290\" alt=\"Zertifiziert f\u00fcr biologischen Landbau\" \/><br \/>\nZertifizierung nach der EU-Verordnung f\u00fcr biologische Landwirtschaft.<br \/>\nLandwirtschaft EU<\/p>\n","protected":false},"excerpt":{"rendered":"<p>Lavandin ist ein Hybrid aus Aspik-Lavendel<em>(Lavandula latifolia<\/em>) und Lavendel<em>(Lavandula angustifolia<\/em>), der sich durch seinen Reichtum an \u00e4therischem \u00d6l auszeichnet. Sein Anbau stammt haupts\u00e4chlich aus dem S\u00fcdosten Frankreichs. Es ist ein nat\u00fcrliches Anti-Stressmittel. Es reguliert das Nervensystem, f\u00f6rdert das Einschlafen und beruhigt bei hohen Spannungen. Damit lassen sich Unruhe, Schlaflosigkeit, nerv\u00f6s bedingte Verdauungsbeschwerden, Bl\u00e4hungen und in der Balneotherapie auch Kreislaufst\u00f6rungen behandeln. Es lindert auch die Symptome von Depressionen, krampfartigen, neuralgischen und rheumatischen Schmerzen.<\/p>\n<p>Hier sind die wichtigsten bekannten gesundheitsf\u00f6rdernden Eigenschaften von Lavandin zusammengefasst:<\/p>\n<ul class=\"b_vList b_divsec b_bullet\">\n<li data-priority=\"\">Krampfl\u00f6send<\/li>\n<li data-priority=\"\">Antiseptikum<\/li>\n<li data-priority=\"\">Antiinfektiva<\/li>\n<li data-priority=\"\">Analgetikum<\/li>\n<li data-priority=\"\">Entz\u00fcndungshemmend<\/li>\n<li data-priority=\"\">Muskelentspannend<\/li>\n<li data-priority=\"\">Entfernung von L\u00e4usen<\/li>\n<\/ul>\n<p>Um einen Lavandin-Tee zuzubereiten, gibt es eine einfache Methode:<\/p>\n<ol>\n<li>Erhitze <strong>250 ml Wasser<\/strong> bis zum K\u00f6cheln.<\/li>\n<li>Tauchen Sie <strong>1 Teel\u00f6ffel Lavandin<\/strong> in hei\u00dfes Wasser.<\/li>\n<li>Lassen Sie den Tee <strong>10 Minuten<\/strong> lang ziehen.<\/li>\n<li>Filtern und genie\u00dfen.<\/li>\n<li>Sie k\u00f6nnen Ihren Kr\u00e4utertee mit einem leckeren Bio-Honig s\u00fc\u00dfen<sup>.<\/sup><\/li>\n<\/ol>\n<p>Genie\u00dfen Sie diese Vorteile mit einer Tasse Lavandin-Tee! \ud83c\udf3f\u2615<\/p>\n<p>&nbsp;<\/p>\n","protected":false},"featured_media":18005,"comment_status":"open","ping_status":"closed","template":"","meta":[],"product_cat":[190,184],"product_tag":[],"class_list":{"0":"post-8304","1":"product","2":"type-product","3":"status-publish","4":"has-post-thumbnail","6":"product_brand-bird-of-paradise","7":"product_cat-krautertees-de","8":"product_cat-therapeutische-tees-de","10":"first","11":"outofstock","12":"taxable","13":"shipping-taxable","14":"product-type-variable","15":"has-default-attributes"},"_links":{"self":[{"href":"https:\/\/birdofparadise.pt\/de\/wp-json\/wp\/v2\/product\/8304","targetHints":{"allow":["GET"]}}],"collection":[{"href":"https:\/\/birdofparadise.pt\/de\/wp-json\/wp\/v2\/product"}],"about":[{"href":"https:\/\/birdofparadise.pt\/de\/wp-json\/wp\/v2\/types\/product"}],"replies":[{"embeddable":true,"href":"https:\/\/birdofparadise.pt\/de\/wp-json\/wp\/v2\/comments?post=8304"}],"version-history":[{"count":0,"href":"https:\/\/birdofparadise.pt\/de\/wp-json\/wp\/v2\/product\/8304\/revisions"}],"wp:featuredmedia":[{"embeddable":true,"href":"https:\/\/birdofparadise.pt\/de\/wp-json\/wp\/v2\/media\/18005"}],"wp:attachment":[{"href":"https:\/\/birdofparadise.pt\/de\/wp-json\/wp\/v2\/media?parent=8304"}],"wp:term":[{"taxonomy":"product_cat","embeddable":true,"href":"https:\/\/birdofparadise.pt\/de\/wp-json\/wp\/v2\/product_cat?post=8304"},{"taxonomy":"product_tag","embeddable":true,"href":"https:\/\/birdofparadise.pt\/de\/wp-json\/wp\/v2\/product_tag?post=8304"}],"curies":[{"name":"wp","href":"https:\/\/api.w.org\/{rel}","templated":true}]}}