{"id":8320,"date":"2023-12-17T18:58:36","date_gmt":"2023-12-17T17:58:36","guid":{"rendered":"https:\/\/birdofparadise.pt\/?post_type=product&#038;p=8320"},"modified":"2025-04-01T15:13:43","modified_gmt":"2025-04-01T14:13:43","slug":"pu-erh-tee-mit-zimt","status":"publish","type":"product","link":"https:\/\/birdofparadise.pt\/de\/produit\/pu-erh-tee-mit-zimt\/","title":{"rendered":"Pu Erh Tee mit Zimt"},"content":{"rendered":"<p>Pu Erh Tee mit Zimt, Zimt-Orange Geschmack<\/p>\n<p><strong>Zutaten :<\/strong><\/p>\n<p>Pu Erh Tee aus China* (68%), Zimtstangen*, Apfel*, Orangenschalen*, nat\u00fcrliches Zimtaroma, Haselnuss,*Walnuss*, Nelke*, Kardamon*.<\/p>\n<p>*Zutaten aus \u00f6kologischem Landbau FR-BIO-01 (Zertifiziert gem\u00e4\u00df der EU-Verordnung \u00fcber den \u00f6kologischen Landbau. Landwirtschaft in der EU \/ Landwirtschaft au\u00dferhalb der EU). Produkt in seiner endg\u00fcltigen Form (Verpackung) nicht bio-zertifiziert. <\/p>\n<h6>Ratschl\u00e4ge zur Vorbereitung:<\/h6>\n<ul>\n<li><em><strong>Dosierung<\/strong><\/em>: 12 &#8211; 15 g\/L<\/li>\n<li><em><strong>Zeit f\u00fcr die Infusion<\/strong><\/em> : 3 &#8211; 5 Min<\/li>\n<li><em><strong>Temperatur der Infusion<\/strong><\/em> : 100\u00b0 C<\/li>\n<\/ul>\n<p>&nbsp;<\/p>\n","protected":false},"excerpt":{"rendered":"<p>Pu&#8217;er oder Pu-erh, wie er allgemein genannt wird, ist eine Art von fermentiertem Tee, der traditionell in der Provinz Yunnan in China hergestellt wird. <span data-text-part-type=\"sentence\" data-text-part-index=\"1\">Er wurde nach der Stadt Pu-erh benannt, die ein altes Handelszentrum in der Provinz Yunnan<\/span> war.<\/p>\n<p>In der Terminologie der traditionellen chinesischen Teeproduktion bezieht sich Fermentation auf die mikrobielle Fermentation (als Wet Piling bezeichnet) und wird normalerweise angewendet, nachdem die Teebl\u00e4tter ausreichend getrocknet und gerollt wurden. Wenn der Tee einer kontrollierten mikrobiellen Fermentation unterzogen wird, wird er auch weiter fermentiert. Dieser Prozess f\u00fchrt zu einem Tee, der als Hich\u00e1 () bekannt ist, was als &#8222;schwarzer Tee&#8220; \u00fcbersetzt wird, obwohl er im Englischen \u00fcblicherweise als &#8222;dark tea&#8220; bezeichnet wird, um ihn vom englischsprachigen schwarzen Tee ( h\u00f3ngch\u00e1, lit.) zu unterscheiden. Im Chinesischen wird er als &#8222;roter Tee&#8220; bezeichnet. (<a href=\"https:\/\/en.wikipedia.org\/wiki\/Pu%27er_tea\">Quelle: wikipedia<\/a>)<\/p>\n<p>Die Vorteile von Pu Erh Tee:<\/p>\n<ul>\n<li>Le th\u00e9 pu erh est riche en polyph\u00e9nols (cat\u00e9chines et flavono\u00efdes), des puissants antioxydants qui s&#8217;opposent aux exc\u00e8s de radicaux libres et conf\u00e8rent au th\u00e9 de nombreux bienfaits.<\/li>\n<li>Pu-Erh-Tee kann die kardiovaskul\u00e4re Gesundheit verbessern.<\/li>\n<li>Le th\u00e9 pu erh participe \u00e0 la protection de la foie de la st\u00e9atose h\u00e9patique. Es soll auch eine positive Wirkung auf den &#8222;Zucker&#8220;-Spiegel im Blut und die Triglyceride haben.<\/li>\n<li>Pu Erh Tee k\u00f6nnte auch eine positive Rolle auf den Cholesterinspiegel spielen, indem er dazu beitr\u00e4gt, diesen auf einem gesunden Niveau zu halten.<\/li>\n<\/ul>\n<p>Geschmacklich werden Sie in dieser Mischung Zimt, Apfel, Kardamon und Orangenschalen entdecken. Dank ihres geringen Teeingehalts kann diese seltene und delikate Komposition auf der Grundlage von Pu Erh aus China mit der ganzen Familie an Winternachmittagen oder -abenden vor dem Kamin genossen werden.<\/p>\n","protected":false},"featured_media":17963,"comment_status":"open","ping_status":"closed","template":"","meta":[],"product_cat":[180,149,268],"product_tag":[],"class_list":{"0":"post-8320","1":"product","2":"type-product","3":"status-publish","4":"has-post-thumbnail","6":"product_brand-bird-of-paradise","7":"product_cat-pu-erh-tees-de","8":"product_cat-china-de","9":"product_cat-weihnachtstees","11":"first","12":"outofstock","13":"taxable","14":"shipping-taxable","15":"product-type-variable"},"_links":{"self":[{"href":"https:\/\/birdofparadise.pt\/de\/wp-json\/wp\/v2\/product\/8320","targetHints":{"allow":["GET"]}}],"collection":[{"href":"https:\/\/birdofparadise.pt\/de\/wp-json\/wp\/v2\/product"}],"about":[{"href":"https:\/\/birdofparadise.pt\/de\/wp-json\/wp\/v2\/types\/product"}],"replies":[{"embeddable":true,"href":"https:\/\/birdofparadise.pt\/de\/wp-json\/wp\/v2\/comments?post=8320"}],"version-history":[{"count":0,"href":"https:\/\/birdofparadise.pt\/de\/wp-json\/wp\/v2\/product\/8320\/revisions"}],"wp:featuredmedia":[{"embeddable":true,"href":"https:\/\/birdofparadise.pt\/de\/wp-json\/wp\/v2\/media\/17963"}],"wp:attachment":[{"href":"https:\/\/birdofparadise.pt\/de\/wp-json\/wp\/v2\/media?parent=8320"}],"wp:term":[{"taxonomy":"product_cat","embeddable":true,"href":"https:\/\/birdofparadise.pt\/de\/wp-json\/wp\/v2\/product_cat?post=8320"},{"taxonomy":"product_tag","embeddable":true,"href":"https:\/\/birdofparadise.pt\/de\/wp-json\/wp\/v2\/product_tag?post=8320"}],"curies":[{"name":"wp","href":"https:\/\/api.w.org\/{rel}","templated":true}]}}