{"id":8327,"date":"2023-12-17T18:30:09","date_gmt":"2023-12-17T17:30:09","guid":{"rendered":"https:\/\/birdofparadise.pt\/?post_type=product&#038;p=8327"},"modified":"2024-10-04T02:46:44","modified_gmt":"2024-10-04T01:46:44","slug":"weidenroeschen-oberirdischer-teil-geschnitten-bio","status":"publish","type":"product","link":"https:\/\/birdofparadise.pt\/de\/produit\/weidenr%C3%B6schen-iavn-chai-oberirdischer-teil\/","title":{"rendered":"Weidenr\u00f6schen (Ivan Chai) oberirdisches Teil, geschnitten BIO"},"content":{"rendered":"<p><strong>Zutaten : <\/strong>Weidenr\u00f6schen (Ivan Chai) oberirdischer Teil, geschnitten bio.<\/p>\n<p><strong>HERKUNFT: <\/strong>FRANKREICH<\/p>\n<p><strong>Lateinische Bezeichnung: <\/strong>Epilobium hirsutum<\/p>\n<p><em><strong>Dosierung<\/strong><\/em> : 15 &#8211; 20 g\/L<br \/>\n<em><strong>Zeit f\u00fcr die Infusion<\/strong><\/em> : 7 &#8211; 10 Min<br \/>\n<strong><em>Temperatur der Infusion<\/em><\/strong> : 100 \u00b0 C<\/p>\n<p><strong>Zertifizierung :\u00a0 <\/strong>Bio: Produkt aus \u00f6kologischem Landbau FR-BIO-01<br \/>\n<img decoding=\"async\" style=\"float: none;\" src=\"\/\/cdn.shopify.com\/s\/files\/1\/0232\/4902\/7149\/files\/bio_small.PNG?v=1559296290\" alt=\"Zertifiziert f\u00fcr biologischen Landbau\" \/><br \/>\nZertifizierung nach der EU-Verordnung f\u00fcr biologische Landwirtschaft.<br \/>\nLandwirtschaft EU<\/p>\n","protected":false},"excerpt":{"rendered":"<p><span class=\"d9FyLd\">Die Vorteile des Weidenr\u00f6schen (Ivan Chai) oberirdischer Teil:<br \/>\n<\/span><\/p>\n<p>Weidenr\u00f6schen ist reich an Myricetin-3-O-glucuronid, einem Kraut mit stark entz\u00fcndungshemmenden Eigenschaften, das sich ideal zur Linderung von \u00d6demen eignet. Traditionell wird es bei Prostatabeschwerden empfohlen. Seine Verbindungen, insbesondere die Oenotheine A und B, f\u00f6rdern eine optimale Funktion der Prostata.<\/p>\n<p>Diese Pflanze hat eine harntreibende Wirkung und eignet sich als Tee besonders gut zur Behandlung von Harnwegsproblemen wie Blasenentz\u00fcndungen. Seine adstringierende Wirkung macht ihn auch zu einem wirksamen nat\u00fcrlichen Mittel gegen akuten Durchfall. Schlie\u00dflich legen Studien nahe, dass Weidenr\u00f6schenextrakte die Apoptose von Krebszellen induzieren k\u00f6nnen, wodurch ihr positives Potenzial als Teeaufguss noch verst\u00e4rkt wird. Entscheiden Sie sich f\u00fcr einen Weidenr\u00f6schentee, um von seinen gesundheitlichen Vorteilen zu profitieren.<\/p>\n<p>&nbsp;<\/p>\n","protected":false},"featured_media":9312,"comment_status":"open","ping_status":"closed","template":"","meta":[],"product_cat":[190,146,184],"product_tag":[],"class_list":{"0":"post-8327","1":"product","2":"type-product","3":"status-publish","4":"has-post-thumbnail","6":"product_brand-bird-of-paradise","7":"product_cat-krautertees-de","8":"product_cat-biologischer-landbau","9":"product_cat-therapeutische-tees-de","11":"first","12":"outofstock","13":"taxable","14":"shipping-taxable","15":"purchasable","16":"product-type-variable"},"_links":{"self":[{"href":"https:\/\/birdofparadise.pt\/de\/wp-json\/wp\/v2\/product\/8327","targetHints":{"allow":["GET"]}}],"collection":[{"href":"https:\/\/birdofparadise.pt\/de\/wp-json\/wp\/v2\/product"}],"about":[{"href":"https:\/\/birdofparadise.pt\/de\/wp-json\/wp\/v2\/types\/product"}],"replies":[{"embeddable":true,"href":"https:\/\/birdofparadise.pt\/de\/wp-json\/wp\/v2\/comments?post=8327"}],"version-history":[{"count":0,"href":"https:\/\/birdofparadise.pt\/de\/wp-json\/wp\/v2\/product\/8327\/revisions"}],"wp:featuredmedia":[{"embeddable":true,"href":"https:\/\/birdofparadise.pt\/de\/wp-json\/wp\/v2\/media\/9312"}],"wp:attachment":[{"href":"https:\/\/birdofparadise.pt\/de\/wp-json\/wp\/v2\/media?parent=8327"}],"wp:term":[{"taxonomy":"product_cat","embeddable":true,"href":"https:\/\/birdofparadise.pt\/de\/wp-json\/wp\/v2\/product_cat?post=8327"},{"taxonomy":"product_tag","embeddable":true,"href":"https:\/\/birdofparadise.pt\/de\/wp-json\/wp\/v2\/product_tag?post=8327"}],"curies":[{"name":"wp","href":"https:\/\/api.w.org\/{rel}","templated":true}]}}