{"id":8333,"date":"2023-12-08T16:29:21","date_gmt":"2023-12-08T15:29:21","guid":{"rendered":"https:\/\/birdofparadise.pt\/produit\/weisser-tee-china-pai-mu-tan-bio\/"},"modified":"2025-04-01T20:01:07","modified_gmt":"2025-04-01T19:01:07","slug":"weiss-tee-china-pai-mu-tan","status":"publish","type":"product","link":"https:\/\/birdofparadise.pt\/de\/produit\/wei%C3%9Fer-tee-china-pai-mu-tan-bio\/","title":{"rendered":"Wei\u00dfer Tee China Pai Mu Tan"},"content":{"rendered":"<h6><strong><span style=\"vertical-align: inherit;\"><span style=\"vertical-align: inherit;\">Wei\u00dfer Tee China Pai Mu Tan:<\/span><\/span><\/strong><\/h6>\n<p><span style=\"vertical-align: inherit;\"><span style=\"vertical-align: inherit;\">Wei\u00dfer Tee* mit einem gr\u00fcn-kastanienbraunen Blatt und vielen Spitzen.  <\/span><span style=\"vertical-align: inherit;\">Blumig und s\u00fc\u00df mit einem duftenden Lik\u00f6r.  <\/span><\/span><\/p>\n<p><strong>Zutaten:<\/strong> 100 % Wei\u00dfer Tee China Pai Mu Tan*.<\/p>\n<p>*Zutaten aus \u00f6kologischem Landbau FR-BIO-01 (Zertifiziert gem\u00e4\u00df der EU-Verordnung \u00fcber den \u00f6kologischen Landbau. Landwirtschaft in der EU \/ Landwirtschaft au\u00dferhalb der EU). Produkt in seiner endg\u00fcltigen Form (Verpackung) nicht bio-zertifiziert. <\/p>\n<h6>Ratschl\u00e4ge zur Vorbereitung:<\/h6>\n<ul>\n<li><em><strong><span style=\"vertical-align: inherit;\"><span style=\"vertical-align: inherit;\">Dosierung<\/span><\/span><\/strong><\/em><span style=\"vertical-align: inherit;\"><span style=\"vertical-align: inherit;\"> : 12 &#8211; 15 g\/L<\/span><\/span><\/li>\n<li><em><strong><span style=\"vertical-align: inherit;\"><span style=\"vertical-align: inherit;\">Dauer der Infusion<\/span><\/span><\/strong><\/em><span style=\"vertical-align: inherit;\"><span style=\"vertical-align: inherit;\"> 1,5 &#8211; 2 Min.<\/span><\/span><\/li>\n<li><strong><em><span style=\"vertical-align: inherit;\"><span style=\"vertical-align: inherit;\">Infusionstemperatur<\/span><\/span><\/em><\/strong><span style=\"vertical-align: inherit;\"><span style=\"vertical-align: inherit;\"> : 80\u00b0 C<\/span><\/span><\/li>\n<\/ul>\n<p>&nbsp;<\/p>\n<p>&nbsp;<\/p>\n","protected":false},"excerpt":{"rendered":"<p><span style=\"vertical-align: inherit;\"><span style=\"vertical-align: inherit;\">Dieser Wei\u00dfe Tee China Pai Mu Tan wird manchmal auch als &#8222;Bai Mu Dan&#8220; bezeichnet.  <\/span><span style=\"vertical-align: inherit;\">Er ist nach einer der sch\u00f6nsten Blumen Chinas benannt: der wei\u00dfen Pfingstrose.  <\/span><\/span><\/p>\n<p><span style=\"vertical-align: inherit;\"><br \/>\n  <span style=\"vertical-align: inherit;\">Er ist das traditionelle Getr\u00e4nk der chinesischen Kaiser. <\/span><br \/>\n<\/span>\u00fcber Jahrhunderte hinweg<span style=\"vertical-align: inherit;\"><br \/>\n  <span style=\"vertical-align: inherit;\">. <\/span><br \/>\n<\/span> <\/p>\n<p><span style=\"vertical-align: inherit;\"><span style=\"vertical-align: inherit;\">Besteht aus der Endknospe und zwei jungen Trieben und wird nur im Fr\u00fchjahr in der Provinz Fudjian in China von Hand gepfl\u00fcckt, in einer Kooperative, die als biologischer Landbau zertifiziert ist.  <\/span><\/span><\/p>\n<p><span style=\"vertical-align: inherit;\"><span style=\"vertical-align: inherit;\">Dieser wei\u00dfe Tee Pai Mu Tan ergibt einen hellorangen Aufguss mit pflanzlichen Noten.  <\/span><\/span>Er ist leicht und lang anhaltend im Mund, perfekt f\u00fcr mehrere Nachg\u00fcsse &#8211; bis zu drei Mal!<\/p>\n<p>Genie\u00dfen Sie die Seltenheit und Zartheit dieses wei\u00dfen Tees, der sorgf\u00e4ltig nach uralten chinesischen Traditionen angebaut wurde.<\/p>\n","protected":false},"featured_media":18111,"comment_status":"open","ping_status":"closed","template":"","meta":[],"product_cat":[158,149],"product_tag":[],"class_list":{"0":"post-8333","1":"product","2":"type-product","3":"status-publish","4":"has-post-thumbnail","6":"product_brand-bird-of-paradise","7":"product_cat-weise-tees-de","8":"product_cat-china-de","10":"first","11":"instock","12":"taxable","13":"shipping-taxable","14":"purchasable","15":"product-type-variable"},"_links":{"self":[{"href":"https:\/\/birdofparadise.pt\/de\/wp-json\/wp\/v2\/product\/8333","targetHints":{"allow":["GET"]}}],"collection":[{"href":"https:\/\/birdofparadise.pt\/de\/wp-json\/wp\/v2\/product"}],"about":[{"href":"https:\/\/birdofparadise.pt\/de\/wp-json\/wp\/v2\/types\/product"}],"replies":[{"embeddable":true,"href":"https:\/\/birdofparadise.pt\/de\/wp-json\/wp\/v2\/comments?post=8333"}],"version-history":[{"count":0,"href":"https:\/\/birdofparadise.pt\/de\/wp-json\/wp\/v2\/product\/8333\/revisions"}],"wp:featuredmedia":[{"embeddable":true,"href":"https:\/\/birdofparadise.pt\/de\/wp-json\/wp\/v2\/media\/18111"}],"wp:attachment":[{"href":"https:\/\/birdofparadise.pt\/de\/wp-json\/wp\/v2\/media?parent=8333"}],"wp:term":[{"taxonomy":"product_cat","embeddable":true,"href":"https:\/\/birdofparadise.pt\/de\/wp-json\/wp\/v2\/product_cat?post=8333"},{"taxonomy":"product_tag","embeddable":true,"href":"https:\/\/birdofparadise.pt\/de\/wp-json\/wp\/v2\/product_tag?post=8333"}],"curies":[{"name":"wp","href":"https:\/\/api.w.org\/{rel}","templated":true}]}}