{"id":10036,"date":"2024-01-23T12:37:18","date_gmt":"2024-01-23T11:37:18","guid":{"rendered":"https:\/\/birdofparadise.pt\/origen-de-nuestros-ingredientes\/"},"modified":"2024-01-23T14:02:32","modified_gmt":"2024-01-23T13:02:32","slug":"origen-de-nuestros-ingredientes","status":"publish","type":"page","link":"https:\/\/birdofparadise.pt\/es\/origen-de-nuestros-ingredientes\/","title":{"rendered":"Origen de nuestros ingredientes"},"content":{"rendered":"\t\t<div data-elementor-type=\"wp-page\" data-elementor-id=\"10036\" class=\"elementor elementor-10036 elementor-9999\">\n\t\t\t\t<div class=\"elementor-element elementor-element-415ca90 e-flex e-con-boxed e-con e-parent\" data-id=\"415ca90\" data-element_type=\"container\" data-e-type=\"container\">\n\t\t\t\t\t<div class=\"e-con-inner\">\n\t\t\t\t<div class=\"elementor-element elementor-element-14241b9 elementor-widget elementor-widget-heading\" data-id=\"14241b9\" data-element_type=\"widget\" data-e-type=\"widget\" data-widget_type=\"heading.default\">\n\t\t\t\t<div class=\"elementor-widget-container\">\n\t\t\t\t\t<h3 class=\"elementor-heading-title elementor-size-default\">Origen de nuestros ingredientes<\/h3>\t\t\t\t<\/div>\n\t\t\t\t<\/div>\n\t\t\t\t\t<\/div>\n\t\t\t\t<\/div>\n\t\t<div class=\"elementor-element elementor-element-45d38e2 e-flex e-con-boxed e-con e-parent\" data-id=\"45d38e2\" data-element_type=\"container\" data-e-type=\"container\">\n\t\t\t\t\t<div class=\"e-con-inner\">\n\t\t\t\t<div class=\"elementor-element elementor-element-d878b51 elementor-widget elementor-widget-text-editor\" data-id=\"d878b51\" data-element_type=\"widget\" data-e-type=\"widget\" data-widget_type=\"text-editor.default\">\n\t\t\t\t<div class=\"elementor-widget-container\">\n\t\t\t\t\t\t\t\t\t<p><a href=\"https:\/\/birdofparadise.pt\/wp-content\/uploads\/2024\/01\/MapChart_Map-e1706010402303.png\"><img fetchpriority=\"high\" decoding=\"async\" class=\"size-full wp-image-10003 aligncenter\" src=\"https:\/\/birdofparadise.pt\/wp-content\/uploads\/2024\/01\/MapChart_Map-e1706010402303.png\" alt=\"\" width=\"600\" height=\"316\"><\/a><\/p>\n<table width=\"1155\">\n<tbody>\n<tr>\n<td width=\"160\">SUD\u00c1FRICA<\/td>\n<td width=\"995\">Rooibos<\/td>\n<\/tr>\n<tr>\n<td>ALEMANIA<\/td>\n<td width=\"995\">Alcaravea, Cebollino, Estrag\u00f3n, Mejorana, Mostaza, Perejil, Tomillo<\/td>\n<\/tr>\n<tr>\n<td>AUSTRIA<\/td>\n<td width=\"995\">Alquimila, melisa, menta, mostaza, ortiga, chiriv\u00eda, apio de monte<\/td>\n<\/tr>\n<tr>\n<td>BOSNIA<\/td>\n<td width=\"995\">Enebro, Laurel, Salvia, Ajo de oso<\/td>\n<\/tr>\n<tr>\n<td>BRASIL<\/td>\n<td width=\"995\">Haba Tonka<\/td>\n<\/tr>\n<tr>\n<td>BRASIL<\/td>\n<td width=\"995\">Mate verde<\/td>\n<\/tr>\n<tr>\n<td>BURKINA-FASO<\/td>\n<td width=\"995\">Hibiscus<\/td>\n<\/tr>\n<tr>\n<td>CAMBOYA<\/td>\n<td width=\"995\">IGP pimienta negra de Kampot, IGP pimienta roja de Kampot<\/td>\n<\/tr>\n<tr>\n<td>CHINA<\/td>\n<td width=\"995\">T\u00e9 verde, t\u00e9 negro<\/td>\n<\/tr>\n<tr>\n<td>EGIPTO<\/td>\n<td width=\"995\">Albahaca, Mejorana, Cebolla, Hibisco<\/td>\n<\/tr>\n<tr>\n<td>ESPA\u00d1A<\/td>\n<td width=\"995\">Lim\u00f3n (c\u00e1scara), Naranja (c\u00e1scara), Pimienta dulce, Regaliz, Tomillo, Tomillo lim\u00f3n, Verbena<\/td>\n<\/tr>\n<tr>\n<td>FRANCIA<\/td>\n<td width=\"995\">Or\u00e9gano, Romero, Ajedrea, Tomillo, Tomillo lim\u00f3n, Grosellero negro, Milenrama, Bardana, Borraja, Hisopo, Olivo, Or\u00e9gano, Diente de le\u00f3n, Tilo, Tila, Lavanda, Aciano, Malva, Cal\u00e9ndula, An\u00eds, Alcaravea, Cilantro, Comino, Hinojo, Nigella, Amapola, Toronjil, Menta dulce, Menta piperita, Salvia Ajo, Chalota, Cebolla, Espino blanco, Abedul, Brezo, Escaramujo, Frambuesa, Fresno, Genciana, Malvavisco, Toronjil, Pino (yemas), Reina de los prados, Sa\u00faco, Vid roja &#8211; Pimienta de Espelette, Alholva, Mejorana.<\/td>\n<\/tr>\n<tr>\n<td>GRECIA<\/td>\n<td width=\"995\">Laurel, Or\u00e9gano, Romero, Tomillo<\/td>\n<\/tr>\n<tr>\n<td>GUATEMALA<\/td>\n<td width=\"995\">Cardamomo, pimienta de Jamaica<\/td>\n<\/tr>\n<tr>\n<td>HUNGR\u00cdA<\/td>\n<td width=\"995\">Remolacha, Chiriv\u00eda, Piment\u00f3n, Puerro<\/td>\n<\/tr>\n<tr>\n<td>INDIA (Kerala)<\/td>\n<td width=\"995\">Pimienta verde, T\u00e9 negro y verde, Mostaza<\/td>\n<\/tr>\n<tr>\n<td>IR\u00c1N<\/td>\n<td width=\"995\">Rosa de Damasco, Azafr\u00e1n, Comino, Zumaque<\/td>\n<\/tr>\n<tr>\n<td>ITALIA<\/td>\n<td width=\"995\">Regaliz, Tomate<\/td>\n<\/tr>\n<tr>\n<td>JAP\u00d3N<\/td>\n<td width=\"995\">T\u00e9 Matcha<\/td>\n<\/tr>\n<tr>\n<td>LITUANIA<\/td>\n<td width=\"995\">Alcaravea<\/td>\n<\/tr>\n<tr>\n<td>MADAGASCAR<\/td>\n<td width=\"995\">Pimienta negra, C\u00farcuma, Bayas rosas de vainilla, Pipas de canela, Corteza de canela raspada, Corteza de canela sin raspar, Combava -Jengibre, Clavo de olor<\/td>\n<\/tr>\n<tr>\n<td>MARRUECOS<\/td>\n<td width=\"995\">Naranja amarga, Yemas, hojas y c\u00e1scara de naranja, C\u00e1scara de lim\u00f3n, Verbena<\/td>\n<\/tr>\n<tr>\n<td>PARAGUAY<\/td>\n<td width=\"995\">Az\u00facar de ca\u00f1a<\/td>\n<\/tr>\n<tr>\n<td>PER\u00da<\/td>\n<td width=\"995\">Jengibre<\/td>\n<\/tr>\n<tr>\n<td>PORTUGAL<\/td>\n<td width=\"995\">Hierba lim\u00f3n, Eucalipto, Tomillo, Tomillo lim\u00f3n, Verbena<\/td>\n<\/tr>\n<tr>\n<td>SRI-LANKA<\/td>\n<td width=\"995\">Hierba lim\u00f3n, clavo, nuez moscada<\/td>\n<\/tr>\n<tr>\n<td>TURQU\u00cdA<\/td>\n<td width=\"995\">An\u00eds, Comino, Hinojo, Colas de cereza<\/td>\n<\/tr>\n<\/tbody>\n<\/table>\n\t\t\t\t\t\t\t\t<\/div>\n\t\t\t\t<\/div>\n\t\t\t\t\t<\/div>\n\t\t\t\t<\/div>\n\t\t\t\t<\/div>\n\t\t","protected":false},"excerpt":{"rendered":"<p>Origen de nuestros ingredientes SUD\u00c1FRICA Rooibos ALEMANIA Alcaravea, Cebollino, Estrag\u00f3n, Mejorana, Mostaza, Perejil, Tomillo AUSTRIA Alquimila, melisa, menta, mostaza, ortiga, chiriv\u00eda, apio de monte BOSNIA Enebro, Laurel, Salvia, Ajo de oso BRASIL Haba Tonka BRASIL Mate verde BURKINA-FASO Hibiscus CAMBOYA IGP pimienta negra de Kampot, IGP pimienta roja de Kampot CHINA T\u00e9 verde, t\u00e9 negro [&hellip;]<\/p>\n","protected":false},"author":1,"featured_media":10007,"parent":0,"menu_order":0,"comment_status":"closed","ping_status":"closed","template":"elementor_theme","meta":{"footnotes":""},"class_list":["post-10036","page","type-page","status-publish","has-post-thumbnail","hentry"],"_links":{"self":[{"href":"https:\/\/birdofparadise.pt\/es\/wp-json\/wp\/v2\/pages\/10036","targetHints":{"allow":["GET"]}}],"collection":[{"href":"https:\/\/birdofparadise.pt\/es\/wp-json\/wp\/v2\/pages"}],"about":[{"href":"https:\/\/birdofparadise.pt\/es\/wp-json\/wp\/v2\/types\/page"}],"author":[{"embeddable":true,"href":"https:\/\/birdofparadise.pt\/es\/wp-json\/wp\/v2\/users\/1"}],"replies":[{"embeddable":true,"href":"https:\/\/birdofparadise.pt\/es\/wp-json\/wp\/v2\/comments?post=10036"}],"version-history":[{"count":0,"href":"https:\/\/birdofparadise.pt\/es\/wp-json\/wp\/v2\/pages\/10036\/revisions"}],"wp:featuredmedia":[{"embeddable":true,"href":"https:\/\/birdofparadise.pt\/es\/wp-json\/wp\/v2\/media\/10007"}],"wp:attachment":[{"href":"https:\/\/birdofparadise.pt\/es\/wp-json\/wp\/v2\/media?parent=10036"}],"curies":[{"name":"wp","href":"https:\/\/api.w.org\/{rel}","templated":true}]}}