{"id":7929,"date":"2023-05-12T07:43:28","date_gmt":"2023-05-12T06:43:28","guid":{"rendered":"https:\/\/birdofparadise.pt\/pongase-en-contacto-con\/"},"modified":"2026-01-22T11:05:08","modified_gmt":"2026-01-22T10:05:08","slug":"pongase-en-contacto-con","status":"publish","type":"page","link":"https:\/\/birdofparadise.pt\/es\/pongase-en-contacto-con\/","title":{"rendered":"P\u00f3ngase en contacto con"},"content":{"rendered":"\t\t<div data-elementor-type=\"wp-page\" data-elementor-id=\"7929\" class=\"elementor elementor-7929 elementor-180\">\n\t\t\t\t<div class=\"elementor-element elementor-element-26c1c4d e-flex e-con-boxed e-con e-parent\" data-id=\"26c1c4d\" data-element_type=\"container\" data-e-type=\"container\" data-settings=\"{&quot;background_background&quot;:&quot;classic&quot;}\">\n\t\t\t\t\t<div class=\"e-con-inner\">\n\t\t\t\t<div class=\"elementor-element elementor-element-effd85e elementor-widget elementor-widget-heading\" data-id=\"effd85e\" data-element_type=\"widget\" data-e-type=\"widget\" data-widget_type=\"heading.default\">\n\t\t\t\t<div class=\"elementor-widget-container\">\n\t\t\t\t\t<h2 class=\"elementor-heading-title elementor-size-default\">P\u00f3ngase en contacto con nosotros<\/h2>\t\t\t\t<\/div>\n\t\t\t\t<\/div>\n\t\t<div class=\"elementor-element elementor-element-161f903 e-con-full e-flex e-con e-child\" data-id=\"161f903\" data-element_type=\"container\" data-e-type=\"container\" data-settings=\"{&quot;background_background&quot;:&quot;classic&quot;}\">\n\t\t<div class=\"elementor-element elementor-element-c6fdf45 e-con-full e-flex e-con e-child\" data-id=\"c6fdf45\" data-element_type=\"container\" data-e-type=\"container\" data-settings=\"{&quot;background_background&quot;:&quot;classic&quot;}\">\n\t\t\t\t<div class=\"elementor-element elementor-element-2ddc39a elementor-widget elementor-widget-heading\" data-id=\"2ddc39a\" data-element_type=\"widget\" data-e-type=\"widget\" data-widget_type=\"heading.default\">\n\t\t\t\t<div class=\"elementor-widget-container\">\n\t\t\t\t\t<h5 class=\"elementor-heading-title elementor-size-default\">P\u00f3ngase en contacto con<\/h5>\t\t\t\t<\/div>\n\t\t\t\t<\/div>\n\t\t\t\t<div class=\"elementor-element elementor-element-0ca322e elementor-absolute elementor-view-default elementor-widget elementor-widget-icon\" data-id=\"0ca322e\" data-element_type=\"widget\" data-e-type=\"widget\" data-settings=\"{&quot;_position&quot;:&quot;absolute&quot;}\" data-widget_type=\"icon.default\">\n\t\t\t\t<div class=\"elementor-widget-container\">\n\t\t\t\t\t\t\t<div class=\"elementor-icon-wrapper\">\n\t\t\t<div class=\"elementor-icon\">\n\t\t\t<svg xmlns=\"http:\/\/www.w3.org\/2000\/svg\" width=\"107\" height=\"86\" viewBox=\"0 0 107 86\" fill=\"none\"><path d=\"M90.6667 8C95.0933 8 98.6667 11.5733 98.6667 16V69.3333C98.6667 73.76 95.0933 77.3333 90.6667 77.3333H16C11.5733 77.3333 8 73.76 8 69.3333V16C8 11.5733 11.5733 8 16 8H90.6667ZM90.6667 0H16C7.14667 0 0 7.14667 0 16V69.3333C0 78.1867 7.14667 85.3333 16 85.3333H90.6667C99.52 85.3333 106.667 78.1867 106.667 69.3333V16C106.667 7.14667 99.52 0 90.6667 0Z\" fill=\"#194A33\"><\/path><path d=\"M53.3333 48.8C49.4933 48.8 45.6 47.68 42.24 45.44L19.0933 30.0267C17.28 28.8 16.7467 26.2933 17.9733 24.48C19.2 22.6667 21.7067 22.1333 23.52 23.36L46.6667 38.7733C50.72 41.4933 55.9467 41.4933 60 38.7733L83.1467 23.36C84.96 22.1333 87.4667 22.6133 88.6933 24.48C89.92 26.3467 89.44 28.8 87.5733 30.0267L64.4267 45.44C61.0667 47.68 57.1733 48.8 53.3333 48.8Z\" fill=\"#8CBC4F\"><\/path><\/svg>\t\t\t<\/div>\n\t\t<\/div>\n\t\t\t\t\t\t<\/div>\n\t\t\t\t<\/div>\n\t\t\t\t<div class=\"elementor-element elementor-element-43d02c1 elementor-widget elementor-widget-text-editor\" data-id=\"43d02c1\" data-element_type=\"widget\" data-e-type=\"widget\" data-widget_type=\"text-editor.default\">\n\t\t\t\t<div class=\"elementor-widget-container\">\n\t\t\t\t\t\t\t\t\t<div>T: + (351) 925 215 092<br \/>E: info@birdofparadise.pt<\/div>\n\t\t\t\t\t\t\t\t<\/div>\n\t\t\t\t<\/div>\n\t\t\t\t<\/div>\n\t\t<div class=\"elementor-element elementor-element-379d0fe e-con-full e-flex e-con e-child\" data-id=\"379d0fe\" data-element_type=\"container\" data-e-type=\"container\" data-settings=\"{&quot;background_background&quot;:&quot;classic&quot;}\">\n\t\t\t\t<div class=\"elementor-element elementor-element-a89d955 elementor-widget elementor-widget-heading\" data-id=\"a89d955\" data-element_type=\"widget\" data-e-type=\"widget\" data-widget_type=\"heading.default\">\n\t\t\t\t<div class=\"elementor-widget-container\">\n\t\t\t\t\t<h5 class=\"elementor-heading-title elementor-size-default\">Horario<\/h5>\t\t\t\t<\/div>\n\t\t\t\t<\/div>\n\t\t\t\t<div class=\"elementor-element elementor-element-181833c elementor-widget elementor-widget-text-editor\" data-id=\"181833c\" data-element_type=\"widget\" data-e-type=\"widget\" data-widget_type=\"text-editor.default\">\n\t\t\t\t<div class=\"elementor-widget-container\">\n\t\t\t\t\t\t\t\t\t<p><span style=\"color: var(--light);\">Lunes &#8211; s\u00e1bado:<\/span> 8.00 &#8211; 19.00<br \/><span style=\"color: var(--light);\">Domingo:<\/span> 8.00 &#8211; 12.00<\/p>\n\t\t\t\t\t\t\t\t<\/div>\n\t\t\t\t<\/div>\n\t\t\t\t<div class=\"elementor-element elementor-element-b8d0e03 elementor-absolute elementor-view-default elementor-widget elementor-widget-icon\" data-id=\"b8d0e03\" data-element_type=\"widget\" data-e-type=\"widget\" data-settings=\"{&quot;_position&quot;:&quot;absolute&quot;}\" data-widget_type=\"icon.default\">\n\t\t\t\t<div class=\"elementor-widget-container\">\n\t\t\t\t\t\t\t<div class=\"elementor-icon-wrapper\">\n\t\t\t<div class=\"elementor-icon\">\n\t\t\t<svg xmlns=\"http:\/\/www.w3.org\/2000\/svg\" width=\"107\" height=\"107\" viewBox=\"0 0 107 107\" fill=\"none\"><path d=\"M53.3333 8C78.3467 8 98.6667 28.32 98.6667 53.3333C98.6667 78.3467 78.3467 98.6667 53.3333 98.6667C28.32 98.6667 8 78.3467 8 53.3333C8 28.32 28.32 8 53.3333 8ZM53.3333 0C23.8933 0 0 23.8933 0 53.3333C0 82.7733 23.8933 106.667 53.3333 106.667C82.7733 106.667 106.667 82.7733 106.667 53.3333C106.667 23.8933 82.7733 0 53.3333 0Z\" fill=\"#194A33\"><\/path><path d=\"M40.16 70.5067C39.1467 70.5067 38.1333 70.1333 37.3333 69.3333C35.7867 67.7867 35.7867 65.2267 37.3333 63.68L49.3333 51.68V21.44C49.3333 19.2533 51.1467 17.44 53.3333 17.44C55.52 17.44 57.3333 19.2533 57.3333 21.44V53.3333C57.3333 54.4 56.9067 55.4133 56.16 56.16L42.9867 69.3333C42.1867 70.1333 41.1733 70.5067 40.16 70.5067Z\" fill=\"#8CBC4F\"><\/path><\/svg>\t\t\t<\/div>\n\t\t<\/div>\n\t\t\t\t\t\t<\/div>\n\t\t\t\t<\/div>\n\t\t\t\t<\/div>\n\t\t\t\t<\/div>\n\t\t\t\t\t<\/div>\n\t\t\t\t<\/div>\n\t\t<div class=\"elementor-element elementor-element-1d054b5 e-flex e-con-boxed e-con e-parent\" data-id=\"1d054b5\" data-element_type=\"container\" data-e-type=\"container\">\n\t\t\t\t\t<div class=\"e-con-inner\">\n\t\t\t\t\t<\/div>\n\t\t\t\t<\/div>\n\t\t<div class=\"elementor-element elementor-element-f4b2d51 elementor-hidden-desktop elementor-hidden-laptop elementor-hidden-tablet_extra elementor-hidden-tablet elementor-hidden-mobile_extra elementor-hidden-mobile e-flex e-con-boxed e-con e-parent\" data-id=\"f4b2d51\" data-element_type=\"container\" data-e-type=\"container\">\n\t\t\t\t\t<div class=\"e-con-inner\">\n\t\t\t\t<div class=\"elementor-element elementor-element-f6b340d elementor-widget elementor-widget-heading\" data-id=\"f6b340d\" data-element_type=\"widget\" data-e-type=\"widget\" data-widget_type=\"heading.default\">\n\t\t\t\t<div class=\"elementor-widget-container\">\n\t\t\t\t\t<h2 class=\"elementor-heading-title elementor-size-default\">D\u00e9janos un mensaje<\/h2>\t\t\t\t<\/div>\n\t\t\t\t<\/div>\n\t\t\t\t<div class=\"elementor-element elementor-element-570895f elementor-widget elementor-widget-text-editor\" data-id=\"570895f\" data-element_type=\"widget\" data-e-type=\"widget\" data-widget_type=\"text-editor.default\">\n\t\t\t\t<div class=\"elementor-widget-container\">\n\t\t\t\t\t\t\t\t\t<p>Rellene este formulario para que podamos responder a su solicitud<\/p>\n\t\t\t\t\t\t\t\t<\/div>\n\t\t\t\t<\/div>\n\t\t\t\t<div class=\"elementor-element elementor-element-cc211d6 elementor-widget elementor-widget-teapoz-contactform\" data-id=\"cc211d6\" data-element_type=\"widget\" data-e-type=\"widget\" data-widget_type=\"teapoz-contactform.default\">\n\t\t\t\t<div class=\"elementor-widget-container\">\n\t\t\t\t\t\n<div class=\"wpcf7 no-js\" id=\"wpcf7-f16072-o1\" lang=\"en-US\" dir=\"ltr\" data-wpcf7-id=\"16072\">\n<div class=\"screen-reader-response\"><p role=\"status\" aria-live=\"polite\" aria-atomic=\"true\"><\/p> <ul><\/ul><\/div>\n<form action=\"\/es\/wp-json\/wp\/v2\/pages\/7929#wpcf7-f16072-o1\" method=\"post\" class=\"wpcf7-form init\" aria-label=\"Contact form\" novalidate=\"novalidate\" data-status=\"init\">\n<fieldset class=\"hidden-fields-container\"><input type=\"hidden\" name=\"_wpcf7\" value=\"16072\" \/><input type=\"hidden\" name=\"_wpcf7_version\" value=\"6.1.5\" \/><input type=\"hidden\" name=\"_wpcf7_locale\" value=\"en_US\" \/><input type=\"hidden\" name=\"_wpcf7_unit_tag\" value=\"wpcf7-f16072-o1\" \/><input type=\"hidden\" name=\"_wpcf7_container_post\" value=\"0\" \/><input type=\"hidden\" name=\"_wpcf7_posted_data_hash\" value=\"\" \/><input type=\"hidden\" name=\"_wpcf7_recaptcha_response\" value=\"\" \/>\n<\/fieldset>\n<p><label> Su nombre<br \/>\n<span class=\"wpcf7-form-control-wrap\" data-name=\"your-name\"><input size=\"40\" maxlength=\"400\" class=\"wpcf7-form-control wpcf7-text wpcf7-validates-as-required\" autocomplete=\"name\" aria-required=\"true\" aria-invalid=\"false\" value=\"\" type=\"text\" name=\"your-name\" \/><\/span> <\/label>\n<\/p>\n<p><label> Su correo electr\u00f3nico<br \/>\n<span class=\"wpcf7-form-control-wrap\" data-name=\"your-email\"><input size=\"40\" maxlength=\"400\" class=\"wpcf7-form-control wpcf7-email wpcf7-validates-as-required wpcf7-text wpcf7-validates-as-email\" autocomplete=\"email\" aria-required=\"true\" aria-invalid=\"false\" value=\"\" type=\"email\" name=\"your-email\" \/><\/span> <\/label>\n<\/p>\n<p><label> Objeto<br \/>\n<span class=\"wpcf7-form-control-wrap\" data-name=\"your-subject\"><input size=\"40\" maxlength=\"400\" class=\"wpcf7-form-control wpcf7-text wpcf7-validates-as-required\" aria-required=\"true\" aria-invalid=\"false\" value=\"\" type=\"text\" name=\"your-subject\" \/><\/span> <\/label>\n<\/p>\n<p><label> Su mensaje<br \/>\n<span class=\"wpcf7-form-control-wrap\" data-name=\"your-message\"><textarea cols=\"40\" rows=\"10\" maxlength=\"2000\" class=\"wpcf7-form-control wpcf7-textarea\" aria-invalid=\"false\" name=\"your-message\"><\/textarea><\/span> <\/label>\n<\/p>\n<p><input class=\"wpcf7-form-control wpcf7-submit has-spinner\" type=\"submit\" value=\"Enviar\" \/>\n<\/p><div class=\"wpcf7-response-output\" aria-hidden=\"true\"><\/div>\n<\/form>\n<\/div>\n\t\t\t\t<\/div>\n\t\t\t\t<\/div>\n\t\t\t\t\t<\/div>\n\t\t\t\t<\/div>\n\t\t\t\t<\/div>\n\t\t","protected":false},"excerpt":{"rendered":"<p>P\u00f3ngase en contacto con nosotros P\u00f3ngase en contacto con T: + (351) 925 215 092E: info@birdofparadise.pt Horario Lunes &#8211; s\u00e1bado: 8.00 &#8211; 19.00Domingo: 8.00 &#8211; 12.00 D\u00e9janos un mensaje Rellene este formulario para que podamos responder a su solicitud Su nombre Su correo electr\u00f3nico Objeto Su mensaje<\/p>\n","protected":false},"author":1,"featured_media":0,"parent":0,"menu_order":0,"comment_status":"closed","ping_status":"closed","template":"template-homepage.php","meta":{"footnotes":""},"class_list":["post-7929","page","type-page","status-publish","hentry"],"_links":{"self":[{"href":"https:\/\/birdofparadise.pt\/es\/wp-json\/wp\/v2\/pages\/7929","targetHints":{"allow":["GET"]}}],"collection":[{"href":"https:\/\/birdofparadise.pt\/es\/wp-json\/wp\/v2\/pages"}],"about":[{"href":"https:\/\/birdofparadise.pt\/es\/wp-json\/wp\/v2\/types\/page"}],"author":[{"embeddable":true,"href":"https:\/\/birdofparadise.pt\/es\/wp-json\/wp\/v2\/users\/1"}],"replies":[{"embeddable":true,"href":"https:\/\/birdofparadise.pt\/es\/wp-json\/wp\/v2\/comments?post=7929"}],"version-history":[{"count":3,"href":"https:\/\/birdofparadise.pt\/es\/wp-json\/wp\/v2\/pages\/7929\/revisions"}],"predecessor-version":[{"id":18587,"href":"https:\/\/birdofparadise.pt\/es\/wp-json\/wp\/v2\/pages\/7929\/revisions\/18587"}],"wp:attachment":[{"href":"https:\/\/birdofparadise.pt\/es\/wp-json\/wp\/v2\/media?parent=7929"}],"curies":[{"name":"wp","href":"https:\/\/api.w.org\/{rel}","templated":true}]}}