{"id":7972,"date":"2023-05-12T07:43:02","date_gmt":"2023-05-12T06:43:02","guid":{"rendered":"https:\/\/birdofparadise.pt\/quienes-somos\/"},"modified":"2024-03-13T20:35:40","modified_gmt":"2024-03-13T19:35:40","slug":"quienes-somos","status":"publish","type":"page","link":"https:\/\/birdofparadise.pt\/es\/quienes-somos\/","title":{"rendered":"Qui\u00e9nes somos"},"content":{"rendered":"\t\t<div data-elementor-type=\"wp-page\" data-elementor-id=\"7972\" class=\"elementor elementor-7972 elementor-177\">\n\t\t\t\t<div class=\"elementor-element elementor-element-01ef04d e-grid e-con-boxed e-con e-parent\" data-id=\"01ef04d\" data-element_type=\"container\" data-e-type=\"container\">\n\t\t\t\t\t<div class=\"e-con-inner\">\n\t\t\t\t<div class=\"elementor-element elementor-element-d6961d4 elementor-widget elementor-widget-image\" data-id=\"d6961d4\" data-element_type=\"widget\" data-e-type=\"widget\" data-widget_type=\"image.default\">\n\t\t\t\t<div class=\"elementor-widget-container\">\n\t\t\t\t\t\t\t\t\t\t\t\t\t\t\t<img fetchpriority=\"high\" decoding=\"async\" width=\"1280\" height=\"854\" src=\"https:\/\/birdofparadise.pt\/wp-content\/uploads\/2023\/05\/photo_2023-09-12_21-35-15.jpg\" class=\"attachment-full size-full wp-image-7627\" alt=\"Boutique de th\u00e9\" srcset=\"https:\/\/birdofparadise.pt\/wp-content\/uploads\/2023\/05\/photo_2023-09-12_21-35-15.jpg 1280w, https:\/\/birdofparadise.pt\/wp-content\/uploads\/2023\/05\/photo_2023-09-12_21-35-15-300x200.jpg 300w, https:\/\/birdofparadise.pt\/wp-content\/uploads\/2023\/05\/photo_2023-09-12_21-35-15-1024x683.jpg 1024w, https:\/\/birdofparadise.pt\/wp-content\/uploads\/2023\/05\/photo_2023-09-12_21-35-15-768x512.jpg 768w, https:\/\/birdofparadise.pt\/wp-content\/uploads\/2023\/05\/photo_2023-09-12_21-35-15-1200x800.jpg 1200w, https:\/\/birdofparadise.pt\/wp-content\/uploads\/2023\/05\/photo_2023-09-12_21-35-15-600x400.jpg 600w, https:\/\/birdofparadise.pt\/wp-content\/uploads\/2023\/05\/photo_2023-09-12_21-35-15-850x567.jpg 850w\" sizes=\"(max-width: 1280px) 100vw, 1280px\" \/>\t\t\t\t\t\t\t\t\t\t\t\t\t\t\t<\/div>\n\t\t\t\t<\/div>\n\t\t\t\t<div class=\"elementor-element elementor-element-8cfb05d elementor-widget elementor-widget-text-editor\" data-id=\"8cfb05d\" data-element_type=\"widget\" data-e-type=\"widget\" data-widget_type=\"text-editor.default\">\n\t\t\t\t<div class=\"elementor-widget-container\">\n\t\t\t\t\t\t\t\t\t<h4>Qui\u00e9nes somos<\/h4>\n<p>Bienvenido a Bird of Paradise, una empresa familiar nacida de nuestra pasi\u00f3n compartida por el t\u00e9 y la salud. Para nosotros, cada taza de t\u00e9 es mucho m\u00e1s que una bebida. Es una invitaci\u00f3n a abrazar una vida equilibrada, nutrir el cuerpo y la mente y cultivar la armon\u00eda esencial para una salud duradera.<\/p>\n<h5>Nuestra historia<\/h5>\n<p>Fundada como empresa familiar, Bird of Paradise es fruto de una profunda pasi\u00f3n por el t\u00e9, combinada con nuestro compromiso con la calidad, la agricultura ecol\u00f3gica y los m\u00e9todos de producci\u00f3n respetuosos con el medio ambiente. Creemos firmemente que lo que consumimos repercute directamente en nuestro bienestar.<\/p>\n<h5>Nuestra visi\u00f3n<\/h5>\n<p>Nos esforzamos por ofrecer a nuestros clientes t\u00e9s de calidad excepcional, cultivados de forma ecol\u00f3gica y sostenible. Nuestro compromiso con las pr\u00e1cticas respetuosas con el medio ambiente va de la mano de nuestra creencia en el poder de las plantas para promover la salud.<\/p>\n<h5>El poder de las plantas<\/h5>\n<p>En un mundo en el que la alimentaci\u00f3n industrial y la medicina alop\u00e1tica est\u00e1n mostrando sus limitaciones, creemos en el poder de las terapias basadas en plantas. Nuestra selecci\u00f3n de t\u00e9s no es s\u00f3lo una invitaci\u00f3n a degustar sabores exquisitos, sino tambi\u00e9n un viaje hacia una vida m\u00e1s sana y equilibrada.<\/p>\n<h5>Encontrar la armon\u00eda<\/h5>\n<p>Creemos en la necesidad de redescubrir una relaci\u00f3n sana con nuestro cuerpo y nuestra mente. El t\u00e9, como remedio natural, ofrece un camino hacia la serenidad y la armon\u00eda interiores. Es una forma de reconectar con la naturaleza, cuidarnos y crear un precioso equilibrio en nuestras ajetreadas vidas.<\/p>\n<h5>El camino hacia la longevidad<\/h5>\n<p>En Bird of Paradise, vemos el t\u00e9 como un compa\u00f1ero en el camino hacia la longevidad. Al elegir productos de calidad cultivados de forma sostenible, invertimos en nuestra salud y en la del planeta, creando una alianza duradera entre el bienestar personal y el respeto por el medio ambiente.<\/p>\n\n<p>Acomp\u00e1\u00f1enos en esta aventura sensorial y beneficiosa. Descubra la esencia misma del t\u00e9 en Bird of Paradise, donde cada hoja cuenta una historia de tradici\u00f3n, salud y amor por la vida.<\/p>\t\t\t\t\t\t\t\t<\/div>\n\t\t\t\t<\/div>\n\t\t\t\t\t<\/div>\n\t\t\t\t<\/div>\n\t\t\t\t<\/div>\n\t\t","protected":false},"excerpt":{"rendered":"<p>Qui\u00e9nes somos Bienvenido a Bird of Paradise, una empresa familiar nacida de nuestra pasi\u00f3n compartida por el t\u00e9 y la salud. Para nosotros, cada taza de t\u00e9 es mucho m\u00e1s que una bebida. Es una invitaci\u00f3n a abrazar una vida equilibrada, nutrir el cuerpo y la mente y cultivar la armon\u00eda esencial para una salud [&hellip;]<\/p>\n","protected":false},"author":1,"featured_media":0,"parent":0,"menu_order":0,"comment_status":"closed","ping_status":"closed","template":"template-homepage.php","meta":{"footnotes":""},"class_list":["post-7972","page","type-page","status-publish","hentry"],"_links":{"self":[{"href":"https:\/\/birdofparadise.pt\/es\/wp-json\/wp\/v2\/pages\/7972","targetHints":{"allow":["GET"]}}],"collection":[{"href":"https:\/\/birdofparadise.pt\/es\/wp-json\/wp\/v2\/pages"}],"about":[{"href":"https:\/\/birdofparadise.pt\/es\/wp-json\/wp\/v2\/types\/page"}],"author":[{"embeddable":true,"href":"https:\/\/birdofparadise.pt\/es\/wp-json\/wp\/v2\/users\/1"}],"replies":[{"embeddable":true,"href":"https:\/\/birdofparadise.pt\/es\/wp-json\/wp\/v2\/comments?post=7972"}],"version-history":[{"count":0,"href":"https:\/\/birdofparadise.pt\/es\/wp-json\/wp\/v2\/pages\/7972\/revisions"}],"wp:attachment":[{"href":"https:\/\/birdofparadise.pt\/es\/wp-json\/wp\/v2\/media?parent=7972"}],"curies":[{"name":"wp","href":"https:\/\/api.w.org\/{rel}","templated":true}]}}