{"id":8397,"date":"2023-12-09T19:22:54","date_gmt":"2023-12-09T18:22:54","guid":{"rendered":"https:\/\/birdofparadise.pt\/envio-del-paquete\/"},"modified":"2024-02-01T20:16:58","modified_gmt":"2024-02-01T19:16:58","slug":"envie-su-paquete","status":"publish","type":"page","link":"https:\/\/birdofparadise.pt\/es\/envie-su-paquete\/","title":{"rendered":"Env\u00edo del paquete"},"content":{"rendered":"\n<p>Bird of Paradise realiza env\u00edos a toda Europa. Si su pa\u00eds no est\u00e1 en la lista de destinos, p\u00f3ngase en contacto con nosotros por <a href=\"mailto:anna@birdofparadise?subject=shipping\">correo electr\u00f3nico <\/a>o por <a href=\"https:\/\/wa.me\/351925215092?text=shipping%20question\" rel=\"nofollow noopener\" target=\"_blank\">Whatsapp<\/a>.<\/p>\n\n<p>Entrega gratuita en pedidos superiores a 40 \u20ac para Portugal continental y Espa\u00f1a peninsular, 60 \u20ac para el resto de destinos:<\/p>\n\n<p>Los paquetes se env\u00edan generalmente el mismo d\u00eda (si se paga con tarjeta de cr\u00e9dito, Paypal o MBPay) para los pedidos realizados antes de las 13:00. Los paquetes se env\u00edan por CTT al d\u00eda siguiente o en 48 horas. Este servicio tambi\u00e9n est\u00e1 disponible para determinados destinos en Europa. Sea cual sea el m\u00e9todo de entrega que elija, recibir\u00e1 un correo electr\u00f3nico de confirmaci\u00f3n cuando se env\u00ede su pedido. A partir de ese momento, encontrar\u00e1 el estado de su pedido y un enlace para realizar el seguimiento de su paquete en CTT en la secci\u00f3n de pedidos de su cuenta. <\/p>\n\n<p>Las cajas tienen el tama\u00f1o adecuado y sus art\u00edculos est\u00e1n debidamente protegidos. No obstante, si recibe un paquete da\u00f1ado, incompleto o con productos deteriorados durante el transporte, le rogamos que haga un acuse de recibo con reservas al transportista. Tenga en cuenta que el conductor est\u00e1 obligado a quedarse hasta que usted haya comprobado el estado del paquete. Si tiene la menor duda, p\u00f3ngase en contacto por escrito con el transportista para expresarle sus reservas, mencionando el estado del paquete. Sin esta informaci\u00f3n, no podremos efectuar el reembolso. Todos nuestros productos est\u00e1n precintados, por lo que no aceptaremos devoluciones de productos que hayan sido abiertos. <\/p>\n\n<p>Los gastos de env\u00edo exactos de su pedido se calculan en el resumen del pedido. Est\u00e1n vinculados a su lugar de env\u00edo, as\u00ed como al n\u00famero y peso de los art\u00edculos de su cesta.<\/p>\n\n<p>Aqu\u00ed tiene un resumen de los precios (IVA incluido) de entrega:<\/p>\n\n<ul class=\"wp-block-list\">\n<li>Portugal continental 4,99 euros para el d\u00eda siguiente, a domicilio o en un punto de relevo.<\/li>\n\n\n\n<li>Portugal Azores y Madeira desde 10,28 euros (48h por mar), 15,05 euros para el d\u00eda siguiente (por aire), entregado en su puerta o en un punto de relevo.<\/li>\n\n\n\n<li>Espa\u00f1a (pen\u00ednsula) 4,99 euros para entrega al d\u00eda siguiente, a domicilio o a trav\u00e9s de un punto de relevo<\/li>\n\n\n\n<li>B\u00e9lgica, Francia, Pa\u00edses Bajos, Alemania, Italia, Luxemburgo: 9,99 euros en casa o en un punto de relevo<\/li>\n\n\n\n<li>Reino Unido: 19,99 euros en casa o en un punto de relevo<\/li>\n<\/ul>\n\n<p>Est\u00e1n disponibles los siguientes servicios de entrega:<\/p>\n\n<ul class=\"wp-block-list\">\n<li>Comprobante de entrega digital<\/li>\n\n\n\n<li>Servicio de seguimiento incluido + SMS<\/li>\n\n\n\n<li>Seguro b\u00e1sico m\u00e1ximo 10 \u20ac\/Kg<\/li>\n<\/ul>\n","protected":false},"excerpt":{"rendered":"<p>Bird of Paradise realiza env\u00edos a toda Europa. Si su pa\u00eds no est\u00e1 en la lista de destinos, p\u00f3ngase en contacto con nosotros por correo electr\u00f3nico o por Whatsapp. Entrega gratuita en pedidos superiores a 40 \u20ac para Portugal continental y Espa\u00f1a peninsular, 60 \u20ac para el resto de destinos: Los paquetes se env\u00edan generalmente [&hellip;]<\/p>\n","protected":false},"author":1,"featured_media":0,"parent":0,"menu_order":0,"comment_status":"closed","ping_status":"closed","template":"","meta":{"footnotes":""},"class_list":["post-8397","page","type-page","status-publish","hentry"],"_links":{"self":[{"href":"https:\/\/birdofparadise.pt\/es\/wp-json\/wp\/v2\/pages\/8397","targetHints":{"allow":["GET"]}}],"collection":[{"href":"https:\/\/birdofparadise.pt\/es\/wp-json\/wp\/v2\/pages"}],"about":[{"href":"https:\/\/birdofparadise.pt\/es\/wp-json\/wp\/v2\/types\/page"}],"author":[{"embeddable":true,"href":"https:\/\/birdofparadise.pt\/es\/wp-json\/wp\/v2\/users\/1"}],"replies":[{"embeddable":true,"href":"https:\/\/birdofparadise.pt\/es\/wp-json\/wp\/v2\/comments?post=8397"}],"version-history":[{"count":0,"href":"https:\/\/birdofparadise.pt\/es\/wp-json\/wp\/v2\/pages\/8397\/revisions"}],"wp:attachment":[{"href":"https:\/\/birdofparadise.pt\/es\/wp-json\/wp\/v2\/media?parent=8397"}],"curies":[{"name":"wp","href":"https:\/\/api.w.org\/{rel}","templated":true}]}}