{"id":9689,"date":"2023-05-12T07:43:09","date_gmt":"2023-05-12T06:43:09","guid":{"rendered":"https:\/\/birdofparadise.pt\/nuestra-empresa\/"},"modified":"2024-02-09T12:30:52","modified_gmt":"2024-02-09T11:30:52","slug":"nuestra-empresa","status":"publish","type":"page","link":"https:\/\/birdofparadise.pt\/es\/nuestra-empresa\/","title":{"rendered":"Nuestra empresa"},"content":{"rendered":"\t\t<div data-elementor-type=\"wp-page\" data-elementor-id=\"9689\" class=\"elementor elementor-9689 elementor-178\">\n\t\t\t\t<div class=\"elementor-element elementor-element-a5b6543 e-flex e-con-boxed e-con e-parent\" data-id=\"a5b6543\" data-element_type=\"container\" data-e-type=\"container\">\n\t\t\t\t\t<div class=\"e-con-inner\">\n\t\t\t\t<div class=\"elementor-element elementor-element-50a5393 elementor-widget elementor-widget-heading\" data-id=\"50a5393\" data-element_type=\"widget\" data-e-type=\"widget\" data-widget_type=\"heading.default\">\n\t\t\t\t<div class=\"elementor-widget-container\">\n\t\t\t\t\t<h3 class=\"elementor-heading-title elementor-size-default\">Nuestra empresa<\/h3>\t\t\t\t<\/div>\n\t\t\t\t<\/div>\n\t\t<div class=\"elementor-element elementor-element-211d539 e-con-full e-grid e-con e-child\" data-id=\"211d539\" data-element_type=\"container\" data-e-type=\"container\">\n\t\t\t\t<div class=\"elementor-element elementor-element-a3c54fd elementor-widget elementor-widget-image\" data-id=\"a3c54fd\" data-element_type=\"widget\" data-e-type=\"widget\" data-widget_type=\"image.default\">\n\t\t\t\t<div class=\"elementor-widget-container\">\n\t\t\t\t\t\t\t\t\t\t\t\t\t\t\t<img fetchpriority=\"high\" decoding=\"async\" width=\"900\" height=\"900\" src=\"https:\/\/birdofparadise.pt\/wp-content\/uploads\/2024\/01\/AdobeStock_244188601_notre_societe-1.png\" class=\"attachment-large size-large wp-image-9667\" alt=\"\" srcset=\"https:\/\/birdofparadise.pt\/wp-content\/uploads\/2024\/01\/AdobeStock_244188601_notre_societe-1.png 1000w, https:\/\/birdofparadise.pt\/wp-content\/uploads\/2024\/01\/AdobeStock_244188601_notre_societe-1-300x300.png 300w, https:\/\/birdofparadise.pt\/wp-content\/uploads\/2024\/01\/AdobeStock_244188601_notre_societe-1-150x150.png 150w, https:\/\/birdofparadise.pt\/wp-content\/uploads\/2024\/01\/AdobeStock_244188601_notre_societe-1-768x768.png 768w, https:\/\/birdofparadise.pt\/wp-content\/uploads\/2024\/01\/AdobeStock_244188601_notre_societe-1-600x600.png 600w, https:\/\/birdofparadise.pt\/wp-content\/uploads\/2024\/01\/AdobeStock_244188601_notre_societe-1-850x850.png 850w, https:\/\/birdofparadise.pt\/wp-content\/uploads\/2024\/01\/AdobeStock_244188601_notre_societe-1-100x100.png 100w, https:\/\/birdofparadise.pt\/wp-content\/uploads\/2024\/01\/AdobeStock_244188601_notre_societe-1-96x96.png 96w, https:\/\/birdofparadise.pt\/wp-content\/uploads\/2024\/01\/AdobeStock_244188601_notre_societe-1-460x460.png 460w\" sizes=\"(max-width: 900px) 100vw, 900px\" \/>\t\t\t\t\t\t\t\t\t\t\t\t\t\t\t<\/div>\n\t\t\t\t<\/div>\n\t\t\t\t<div class=\"elementor-element elementor-element-acccac2 elementor-widget__width-inherit elementor-widget elementor-widget-text-editor\" data-id=\"acccac2\" data-element_type=\"widget\" data-e-type=\"widget\" data-widget_type=\"text-editor.default\">\n\t\t\t\t<div class=\"elementor-widget-container\">\n\t\t\t\t\t\t\t\t\t<p>Bienvenido a Bird of Paradise, donde el t\u00e9 trasciende la simple bebida para convertirse en un viaje al coraz\u00f3n de la conexi\u00f3n humana. Como peque\u00f1a empresa familiar, estamos redefiniendo la compra de t\u00e9 en l\u00ednea centr\u00e1ndonos en la calidad del servicio y la interacci\u00f3n personal. Nuestra colecci\u00f3n de t\u00e9s cuidadosamente seleccionados refleja nuestro compromiso con la excelencia, garantizando que cada taza lleve un \u00abaroma del cielo en la tierra\u00bb.<\/p>\n<p>En Bird of Paradise no nos limitamos a vender t\u00e9, sino que creamos una experiencia en l\u00ednea de primera calidad. Desde el momento en que echa un vistazo a nuestros productos cuidadosamente seleccionados hasta la llegada de su paquete, cada detalle est\u00e1 impregnado de nuestra dedicaci\u00f3n para que sus momentos de t\u00e9 sean extraordinarios.  <\/p>\n<p>Reg\u00e1lese un sorbo de bienestar con Bird of Paradise. Nuestros t\u00e9s son mucho m\u00e1s que mezclas; son momentos de autocuidado que fomentan la salud y la felicidad. \u00danase a nuestra familia, donde cada interacci\u00f3n, cada taza, es una invitaci\u00f3n a saborear los placeres sencillos de la vida. Descubra la alegr\u00eda de los t\u00e9s de primera calidad, meticulosamente seleccionados, cuidadosamente envasados y entregados para hacerle sentir bien, sano y mimado &#8211; porque en Bird of Paradise, creemos en transformar cada momento de t\u00e9 en un sabor del para\u00edso.<\/p>\n\t\t\t\t\t\t\t\t<\/div>\n\t\t\t\t<\/div>\n\t\t\t\t<\/div>\n\t\t\t\t\t<\/div>\n\t\t\t\t<\/div>\n\t\t\t\t<\/div>\n\t\t","protected":false},"excerpt":{"rendered":"<p>Nuestra empresa Bienvenido a Bird of Paradise, donde el t\u00e9 trasciende la simple bebida para convertirse en un viaje al coraz\u00f3n de la conexi\u00f3n humana. Como peque\u00f1a empresa familiar, estamos redefiniendo la compra de t\u00e9 en l\u00ednea centr\u00e1ndonos en la calidad del servicio y la interacci\u00f3n personal. Nuestra colecci\u00f3n de t\u00e9s cuidadosamente seleccionados refleja nuestro [&hellip;]<\/p>\n","protected":false},"author":1,"featured_media":0,"parent":0,"menu_order":0,"comment_status":"closed","ping_status":"closed","template":"template-homepage.php","meta":{"footnotes":""},"class_list":["post-9689","page","type-page","status-publish","hentry"],"_links":{"self":[{"href":"https:\/\/birdofparadise.pt\/es\/wp-json\/wp\/v2\/pages\/9689","targetHints":{"allow":["GET"]}}],"collection":[{"href":"https:\/\/birdofparadise.pt\/es\/wp-json\/wp\/v2\/pages"}],"about":[{"href":"https:\/\/birdofparadise.pt\/es\/wp-json\/wp\/v2\/types\/page"}],"author":[{"embeddable":true,"href":"https:\/\/birdofparadise.pt\/es\/wp-json\/wp\/v2\/users\/1"}],"replies":[{"embeddable":true,"href":"https:\/\/birdofparadise.pt\/es\/wp-json\/wp\/v2\/comments?post=9689"}],"version-history":[{"count":0,"href":"https:\/\/birdofparadise.pt\/es\/wp-json\/wp\/v2\/pages\/9689\/revisions"}],"wp:attachment":[{"href":"https:\/\/birdofparadise.pt\/es\/wp-json\/wp\/v2\/media?parent=9689"}],"curies":[{"name":"wp","href":"https:\/\/api.w.org\/{rel}","templated":true}]}}