{"id":9830,"date":"2023-09-12T08:57:54","date_gmt":"2023-09-12T07:57:54","guid":{"rendered":"https:\/\/birdofparadise.pt\/carta-de-calidad\/"},"modified":"2024-01-19T13:10:41","modified_gmt":"2024-01-19T12:10:41","slug":"carta-de-calidad","status":"publish","type":"page","link":"https:\/\/birdofparadise.pt\/es\/carta-de-calidad\/","title":{"rendered":"Carta de calidad"},"content":{"rendered":"\t\t<div data-elementor-type=\"wp-page\" data-elementor-id=\"9830\" class=\"elementor elementor-9830 elementor-2\">\n\t\t\t\t<div class=\"elementor-element elementor-element-53a7167 e-flex e-con-boxed e-con e-parent\" data-id=\"53a7167\" data-element_type=\"container\" data-e-type=\"container\">\n\t\t\t\t\t<div class=\"e-con-inner\">\n\t\t\t\t<div class=\"elementor-element elementor-element-3873f97 elementor-widget elementor-widget-heading\" data-id=\"3873f97\" data-element_type=\"widget\" data-e-type=\"widget\" data-widget_type=\"heading.default\">\n\t\t\t\t<div class=\"elementor-widget-container\">\n\t\t\t\t\t<h2 class=\"elementor-heading-title elementor-size-default\">Carta de calidad<\/h2>\t\t\t\t<\/div>\n\t\t\t\t<\/div>\n\t\t\t\t\t<\/div>\n\t\t\t\t<\/div>\n\t\t<div class=\"elementor-element elementor-element-ff3e5cc e-grid e-con-boxed e-con e-parent\" data-id=\"ff3e5cc\" data-element_type=\"container\" data-e-type=\"container\">\n\t\t\t\t\t<div class=\"e-con-inner\">\n\t\t\t\t<div class=\"elementor-element elementor-element-2b087a1 elementor-widget elementor-widget-image\" data-id=\"2b087a1\" data-element_type=\"widget\" data-e-type=\"widget\" data-widget_type=\"image.default\">\n\t\t\t\t<div class=\"elementor-widget-container\">\n\t\t\t\t\t\t\t\t\t\t\t\t\t\t\t<img fetchpriority=\"high\" decoding=\"async\" width=\"900\" height=\"675\" src=\"https:\/\/birdofparadise.pt\/wp-content\/uploads\/2024\/01\/IMG20140407132946-1024x768.jpg\" class=\"attachment-large size-large wp-image-9770\" alt=\"\" srcset=\"https:\/\/birdofparadise.pt\/wp-content\/uploads\/2024\/01\/IMG20140407132946-1024x768.jpg.webp 1024w, https:\/\/birdofparadise.pt\/wp-content\/uploads\/2024\/01\/IMG20140407132946-300x225.jpg 300w, https:\/\/birdofparadise.pt\/wp-content\/uploads\/2024\/01\/IMG20140407132946-768x576.jpg.webp 768w, https:\/\/birdofparadise.pt\/wp-content\/uploads\/2024\/01\/IMG20140407132946-1536x1152.jpg.webp 1536w, https:\/\/birdofparadise.pt\/wp-content\/uploads\/2024\/01\/IMG20140407132946-2048x1536.jpg.webp 2048w, https:\/\/birdofparadise.pt\/wp-content\/uploads\/2024\/01\/IMG20140407132946-600x450.jpg.webp 600w, https:\/\/birdofparadise.pt\/wp-content\/uploads\/2024\/01\/IMG20140407132946-850x638.jpg.webp 850w\" sizes=\"(max-width: 900px) 100vw, 900px\" \/>\t\t\t\t\t\t\t\t\t\t\t\t\t\t\t<\/div>\n\t\t\t\t<\/div>\n\t\t\t\t<div class=\"elementor-element elementor-element-391f4bf elementor-drop-cap-yes elementor-drop-cap-view-default elementor-widget elementor-widget-text-editor\" data-id=\"391f4bf\" data-element_type=\"widget\" data-e-type=\"widget\" data-settings=\"{&quot;drop_cap&quot;:&quot;yes&quot;}\" data-widget_type=\"text-editor.default\">\n\t\t\t\t<div class=\"elementor-widget-container\">\n\t\t\t\t\t\t\t\t\t<p>Bienvenido a Bird of Paradise, donde nuestro ch\u00e1rter de calidad se basa en el compromiso con su satisfacci\u00f3n y el respeto por el medio ambiente. Estamos orgullosos de ofrecerle t\u00e9s de calidad excepcional, cultivados ecol\u00f3gicamente. Elegir Bird of Paradise significa optar por productos que no s\u00f3lo deleitan su paladar, sino que tambi\u00e9n protegen su salud y el equilibrio natural de nuestro planeta.<\/p>\n<p>Damos especial importancia a la selecci\u00f3n de t\u00e9s cultivados con m\u00e9todos respetuosos con la naturaleza. Cada hoja que ofrecemos demuestra nuestro compromiso con las pr\u00e1cticas agr\u00edcolas sostenibles. En Bird of Paradise, la calidad de nuestros productos va m\u00e1s all\u00e1 del sabor para abarcar su bienestar y el de nuestro planeta. Apueste por una experiencia gustativa que combina calidad, salud y respeto por el medio ambiente con nuestros t\u00e9s.<\/p>\n<p><a href=\"https:\/\/birdofparadise.pt\/wp-content\/uploads\/2024\/01\/mh65q3yw.png\"><img decoding=\"async\" class=\"alignnone size-medium wp-image-9758\" src=\"https:\/\/birdofparadise.pt\/wp-content\/uploads\/2024\/01\/mh65q3yw-300x225.png\" alt=\"\" width=\"300\" height=\"225\" srcset=\"https:\/\/birdofparadise.pt\/wp-content\/uploads\/2024\/01\/mh65q3yw-300x225.png 300w, https:\/\/birdofparadise.pt\/wp-content\/uploads\/2024\/01\/mh65q3yw-1024x768.png 1024w, https:\/\/birdofparadise.pt\/wp-content\/uploads\/2024\/01\/mh65q3yw-768x576.png 768w, https:\/\/birdofparadise.pt\/wp-content\/uploads\/2024\/01\/mh65q3yw-600x450.png 600w, https:\/\/birdofparadise.pt\/wp-content\/uploads\/2024\/01\/mh65q3yw-850x638.png 850w, https:\/\/birdofparadise.pt\/wp-content\/uploads\/2024\/01\/mh65q3yw.png 1280w\" sizes=\"(max-width: 300px) 100vw, 300px\" \/><\/a><\/p>\n<p><a href=\"https:\/\/birdofparadise.pt\/wp-content\/uploads\/2024\/01\/2014-04-06-10-08-46.jpg\"><img decoding=\"async\" class=\"alignnone size-medium wp-image-9810\" src=\"https:\/\/birdofparadise.pt\/wp-content\/uploads\/2024\/01\/2014-04-06-10-08-46-300x300.jpg\" alt=\"\" width=\"300\" height=\"300\" srcset=\"https:\/\/birdofparadise.pt\/wp-content\/uploads\/2024\/01\/2014-04-06-10-08-46-300x300.jpg 300w, https:\/\/birdofparadise.pt\/wp-content\/uploads\/2024\/01\/2014-04-06-10-08-46-1024x1024.jpg 1024w, https:\/\/birdofparadise.pt\/wp-content\/uploads\/2024\/01\/2014-04-06-10-08-46-150x150.jpg 150w, https:\/\/birdofparadise.pt\/wp-content\/uploads\/2024\/01\/2014-04-06-10-08-46-768x768.jpg 768w, https:\/\/birdofparadise.pt\/wp-content\/uploads\/2024\/01\/2014-04-06-10-08-46-1536x1536.jpg 1536w, https:\/\/birdofparadise.pt\/wp-content\/uploads\/2024\/01\/2014-04-06-10-08-46-1200x1200.jpg 1200w, https:\/\/birdofparadise.pt\/wp-content\/uploads\/2024\/01\/2014-04-06-10-08-46-600x600.jpg 600w, https:\/\/birdofparadise.pt\/wp-content\/uploads\/2024\/01\/2014-04-06-10-08-46-850x850.jpg 850w, https:\/\/birdofparadise.pt\/wp-content\/uploads\/2024\/01\/2014-04-06-10-08-46-100x100.jpg 100w, https:\/\/birdofparadise.pt\/wp-content\/uploads\/2024\/01\/2014-04-06-10-08-46-96x96.jpg 96w, https:\/\/birdofparadise.pt\/wp-content\/uploads\/2024\/01\/2014-04-06-10-08-46-460x460.jpg 460w, https:\/\/birdofparadise.pt\/wp-content\/uploads\/2024\/01\/2014-04-06-10-08-46.jpg 1936w\" sizes=\"(max-width: 300px) 100vw, 300px\" \/><\/a><\/p>\n\t\t\t\t\t\t\t\t<\/div>\n\t\t\t\t<\/div>\n\t\t\t\t\t<\/div>\n\t\t\t\t<\/div>\n\t\t\t\t<\/div>\n\t\t","protected":false},"excerpt":{"rendered":"<p>Carta de calidad Bienvenido a Bird of Paradise, donde nuestro ch\u00e1rter de calidad se basa en el compromiso con su satisfacci\u00f3n y el respeto por el medio ambiente. Estamos orgullosos de ofrecerle t\u00e9s de calidad excepcional, cultivados ecol\u00f3gicamente. Elegir Bird of Paradise significa optar por productos que no s\u00f3lo deleitan su paladar, sino que tambi\u00e9n [&hellip;]<\/p>\n","protected":false},"author":1,"featured_media":0,"parent":0,"menu_order":0,"comment_status":"closed","ping_status":"closed","template":"elementor_header_footer","meta":{"footnotes":""},"class_list":["post-9830","page","type-page","status-publish","hentry"],"_links":{"self":[{"href":"https:\/\/birdofparadise.pt\/es\/wp-json\/wp\/v2\/pages\/9830","targetHints":{"allow":["GET"]}}],"collection":[{"href":"https:\/\/birdofparadise.pt\/es\/wp-json\/wp\/v2\/pages"}],"about":[{"href":"https:\/\/birdofparadise.pt\/es\/wp-json\/wp\/v2\/types\/page"}],"author":[{"embeddable":true,"href":"https:\/\/birdofparadise.pt\/es\/wp-json\/wp\/v2\/users\/1"}],"replies":[{"embeddable":true,"href":"https:\/\/birdofparadise.pt\/es\/wp-json\/wp\/v2\/comments?post=9830"}],"version-history":[{"count":0,"href":"https:\/\/birdofparadise.pt\/es\/wp-json\/wp\/v2\/pages\/9830\/revisions"}],"wp:attachment":[{"href":"https:\/\/birdofparadise.pt\/es\/wp-json\/wp\/v2\/media?parent=9830"}],"curies":[{"name":"wp","href":"https:\/\/api.w.org\/{rel}","templated":true}]}}