{"id":12608,"date":"2024-04-27T17:52:11","date_gmt":"2024-04-27T16:52:11","guid":{"rendered":"https:\/\/birdofparadise.pt\/produit\/caja-de-descubrimientos\/"},"modified":"2024-10-04T02:46:40","modified_gmt":"2024-10-04T01:46:40","slug":"caja-de-descubrimientos","status":"publish","type":"product","link":"https:\/\/birdofparadise.pt\/es\/produit\/caja-descubrimiento\/","title":{"rendered":"Caja Descubrimiento"},"content":{"rendered":"<p>Esta caja Descubrimiento contiene una selecci\u00f3n de t\u00e9s cl\u00e1sicos para los amantes del t\u00e9 que quieran descubrir nuestros productos. Esta caja de madera grabada contiene una selecci\u00f3n de 8 t\u00e9s cl\u00e1sicos de nuestro cat\u00e1logo de productos:<\/p>\n<ol>\n<li><strong>T\u00e9 verde<\/strong> China Gunpowder <strong>Grado 1 BIO<\/strong>: Un t\u00e9 verde China Gunpowder de alta calidad, con hojas enrolladas y un sabor ligeramente amargo;<\/li>\n<li><strong>T\u00e9 verde China Sencha Lu Yu BIO<\/strong>: T\u00e9 verde Sencha ligero de hojas grandes y planas. Taza amarilla dorada. Dulce y picante al gusto;<\/li>\n<li><strong>T\u00e9 oolong fino ecol\u00f3gico de la Granja Fu Liang<\/strong>: Especialidad oolong con hojas uniformemente enrolladas que muestran ligeros signos de fermentaci\u00f3n. Copa de color amarillo p\u00e1lido con un ligero toque floral;<\/li>\n<li><strong>T\u00e9 blanco Vietnam Mao Feng<\/strong>: Este t\u00e9 produce una taza clara, de color amarillo verdoso. Su sabor afrutado y su aroma fino y suave lo convierten en un t\u00e9 delicioso;<\/li>\n<li><strong>Rooibos BIO<\/strong>: El Rooibos es un arbusto con un contenido muy bajo en taninos y sin te\u00edna. Produce una bebida roja con propiedades antioxidantes;<\/li>\n<li><strong>T\u00e9<\/strong> negro indio: Este t\u00e9 negro indio procede de la regi\u00f3n de Kerala, en el suroeste de la India. Este t\u00e9 negro de la India tiene un sabor delicado a medio camino entre el t\u00e9 negro y el verde, con notas de frutos rojos y flores frescas. Suele ser menos fuerte que otras variedades de t\u00e9 negro y tiene un sabor m\u00e1s sutil y refrescante;<\/li>\n<li>T\u00e9 negro Darjeeling FTGFOP 1 First Flush Blend <strong>BIO<\/strong>: El t\u00e9 negro Darjeeling FTGFOP 1 First Flush Blend procede de un primer brote. Tiene un aroma delicado y fragante, con un sabor intenso y duradero. Este t\u00e9 procede de la regi\u00f3n de Darjeeling, en el noreste de la India, y se cultiva a una altitud media de 650 metros;<\/li>\n<li><strong>T\u00e9 Pu Erh ecol\u00f3gico<\/strong>: El t\u00e9 Pu Erh (tambi\u00e9n conocido como t\u00e9 negro en China) es un t\u00e9 fermentado elaborado con <em>Camellia Sinensis<\/em>, una planta de t\u00e9 que se cultiva en Yunnan (China) desde hace miles de a\u00f1os. Debe su nombre a la ciudad de Pu erh, ancestral centro comercial de la provincia de Yunnan. Lo reconocer\u00e1s por su color rojo oscuro, su sabor a sotobosque y sus delicadas notas de espuma.<\/li>\n<\/ol>\n<p><strong>Peso neto<\/strong>: 20 g\/caja, 160 g en total.<\/p>\n<h6>Consejos de preparaci\u00f3n:<\/h6>\n<p>Te recomendamos que prepares los t\u00e9s y las infusiones siguiendo las recomendaciones que figuran a continuaci\u00f3n para garantizar una mejor experiencia de degustaci\u00f3n:<\/p>\n<p><strong>T\u00e9 verde ecol\u00f3gico China Gunpowder Grado 1\/ T\u00e9 verde ecol\u00f3gico China Sencha Lu Yu:<\/strong><\/p>\n<p><em>Dosificaci\u00f3n <\/em>: 12 &#8211; 15 g\/L<br \/>\n<em>Tiempo de infusi\u00f3n <\/em>: 2 &#8211; 3 minutos<br \/>\n<em>Temperatura de cocci\u00f3n <\/em>: 70 &#8211; 80\u00b0 C<\/p>\n<p><strong>T\u00e9 Oolong fino ecol\u00f3gico de Fu Liang Farm<\/strong>:<\/p>\n<p><em>Dosis <\/em>: 12 &#8211; 15 g\/L<br \/>\n<em>Tiempo de infusi\u00f3n <\/em>:1 &#8211; 3 Min<br \/>\n<em>Temperatura de cocci\u00f3n <\/em>: 80\u00b0 C<\/p>\n<p><strong>T\u00e9 blanco Vietnam Mao Feng:<\/strong><\/p>\n<p><em>Dosis <\/em>: 12 &#8211; 15 g\/L<br \/>\n<em>Tiempo de infusi\u00f3n <\/em>: 1,5 &#8211; 2 minutos<br \/>\n<em>Temperatura de cocci\u00f3n <\/em>: 70 &#8211; 80\u00b0 C<\/p>\n<p><strong>Rooibus ecol\u00f3gico:<\/strong><\/p>\n<p><em>Dosificaci\u00f3n <\/em>: 15 &#8211; 20 g\/L<br \/>\n<em>Tiempo de infusi\u00f3n <\/em>: 7 &#8211; 10 minutos<br \/>\n<em>Temperatura de infusi\u00f3n <\/em>: 100\u00b0C<\/p>\n<p><strong>T\u00e9 negro indio:<\/strong><\/p>\n<p><em>Dosis <\/em>: 12 &#8211; 15 g\/L<br \/>\n<em>Tiempo de infusi\u00f3n <\/em>: 3 &#8211; 5 minutos<br \/>\n<em>Temperatura de infusi\u00f3n <\/em>: 100\u00b0 C<\/p>\n<p><strong>T\u00e9 negro Darjeeling ftgfop 1 first flush blend BIO:<\/strong><\/p>\n<p><em>Dosificaci\u00f3n <\/em>: 13 g\/L<br \/>\n<em>Tiempo de infusi\u00f3n <\/em>: 2 &#8211; 4 minutos<br \/>\n<em>Temperatura de infusi\u00f3n <\/em>: 100\u00b0 C<\/p>\n<p><strong>T\u00e9 Pu Erh ecol\u00f3gico<\/strong><strong>:<\/strong><\/p>\n<p><em>Dosificaci\u00f3n <\/em>: 12 g\/L<br \/>\n<em>Tiempo de infusi\u00f3n <\/em>: 4 &#8211; 5 minutos<br \/>\n<em>Temperatura de infusi\u00f3n <\/em>: 100\u00b0 C<\/p>\n","protected":false},"excerpt":{"rendered":"<p>En esta Caja Descubrimiento, te llevamos en un viaje gustativo a trav\u00e9s de una selecci\u00f3n de 8 t\u00e9s de cultivo ecol\u00f3gico, presentados en una magn\u00edfica caja de madera grabada y latas met\u00e1licas reutilizables.<\/p>\n","protected":false},"featured_media":12619,"comment_status":"open","ping_status":"closed","template":"","meta":[],"product_cat":[221],"product_tag":[],"class_list":{"0":"post-12608","1":"product","2":"type-product","3":"status-publish","4":"has-post-thumbnail","6":"product_brand-bird-of-paradise","7":"product_cat-cajas-de-regalo","9":"first","10":"instock","11":"taxable","12":"shipping-taxable","13":"purchasable","14":"product-type-simple"},"_links":{"self":[{"href":"https:\/\/birdofparadise.pt\/es\/wp-json\/wp\/v2\/product\/12608","targetHints":{"allow":["GET"]}}],"collection":[{"href":"https:\/\/birdofparadise.pt\/es\/wp-json\/wp\/v2\/product"}],"about":[{"href":"https:\/\/birdofparadise.pt\/es\/wp-json\/wp\/v2\/types\/product"}],"replies":[{"embeddable":true,"href":"https:\/\/birdofparadise.pt\/es\/wp-json\/wp\/v2\/comments?post=12608"}],"version-history":[{"count":0,"href":"https:\/\/birdofparadise.pt\/es\/wp-json\/wp\/v2\/product\/12608\/revisions"}],"wp:featuredmedia":[{"embeddable":true,"href":"https:\/\/birdofparadise.pt\/es\/wp-json\/wp\/v2\/media\/12619"}],"wp:attachment":[{"href":"https:\/\/birdofparadise.pt\/es\/wp-json\/wp\/v2\/media?parent=12608"}],"wp:term":[{"taxonomy":"product_cat","embeddable":true,"href":"https:\/\/birdofparadise.pt\/es\/wp-json\/wp\/v2\/product_cat?post=12608"},{"taxonomy":"product_tag","embeddable":true,"href":"https:\/\/birdofparadise.pt\/es\/wp-json\/wp\/v2\/product_tag?post=12608"}],"curies":[{"name":"wp","href":"https:\/\/api.w.org\/{rel}","templated":true}]}}