{"id":13889,"date":"2024-06-03T16:37:50","date_gmt":"2024-06-03T15:37:50","guid":{"rendered":"https:\/\/birdofparadise.pt\/produit\/gyokuro-de-japon-kioto\/"},"modified":"2025-04-02T19:21:19","modified_gmt":"2025-04-02T18:21:19","slug":"gyokuro-de-japon-kioto","status":"publish","type":"product","link":"https:\/\/birdofparadise.pt\/es\/produit\/gyokuro-de-jap%C3%B3n-kioto\/","title":{"rendered":"Gyokuro de Jap\u00f3n Kioto"},"content":{"rendered":"<p>Nuestro t\u00e9 japon\u00e9s Gyokuro de Jap\u00f3n Kioto es un t\u00e9 verde de muy alta calidad que impresiona por su sabor dulce y ligeramente amargo y su armonioso aroma. Lo que hace tan especial a este t\u00e9 no es s\u00f3lo su sabor excepcionalmente intenso, sino tambi\u00e9n su origen y sus propiedades beneficiosas para la salud.<\/p>\n<p>Como su nombre indica, el Jap\u00f3n Gyokuro Kyoto procede de Kioto, regi\u00f3n conocida por sus excepcionales t\u00e9s. En Jap\u00f3n, este t\u00e9 se recoge a mano y se procesa cuidadosamente para garantizar su alta calidad. El nombre \u00abGyokuro\u00bb significa \u00abgotas de jade\u00bb y se refiere al particular color y forma de las hojas de t\u00e9.<\/p>\n<p>Nuestro t\u00e9 japon\u00e9s Gyokuro Kyoto se cultiva y envasa ecol\u00f3gicamente en Portugal. Garantizamos la m\u00e1xima calidad en el procesamiento del t\u00e9, para que se conserven plenamente su sabor y sus propiedades beneficiosas para la salud.<\/p>\n<p>En general, se considera que el t\u00e9 verde es beneficioso para la salud, ya que contiene muchos nutrientes y antioxidantes importantes. El t\u00e9 japon\u00e9s Gyokuro no es una excepci\u00f3n en este sentido. Por ejemplo, contiene vitamina C, fl\u00faor, teanina y cafe\u00edna. Adem\u00e1s de sus beneficios para la salud y su sabor \u00fanico, el t\u00e9 japon\u00e9s Gyokuro Kyoto tiene otra caracter\u00edstica especial. Debido a su gran reputaci\u00f3n y larga tradici\u00f3n en Jap\u00f3n, se le suele llamar \u00abel emperador del t\u00e9 verde\u00bb. Esto se debe no s\u00f3lo a su gran calidad y rareza, sino tambi\u00e9n a la forma en que se prepara. Para obtener el mejor sabor, debe prepararse a una temperatura inferior a la del t\u00e9 normal.<\/p>\n<p>Nuestro t\u00e9 Gyokuro es una verdadera atracci\u00f3n para todos los amantes del t\u00e9 que buscan un t\u00e9 sano y de alta calidad. Ya sea un regalo especial para los amigos o un acompa\u00f1ante diario, este t\u00e9 te deleitar\u00e1 con su calidad \u00fanica y su sabor intenso.<\/p>\n<p><strong>\u00bfC\u00f3mo se hace el gyokuro?<\/strong><\/p>\n<p>Puedes reconocer un gyokuro de calidad por la claridad de la infusi\u00f3n (casi transl\u00facida).<br \/>\nPara un m\u00e9todo m\u00e1s sencillo, infusiona 1 cucharadita (aproximadamente 1,5 g) en 200 ml de agua a 70\u00b0C durante 3 minutos.<\/p>\n<p><strong>Composici\u00f3n: <\/strong>t\u00e9 verde Guokuro Kyoto* (Jap\u00f3n).<\/p>\n<p>*Ingredientes procedentes de la agricultura ecol\u00f3gica DE-\u00d6KO-039 (Certificado conforme al reglamento europeo sobre agricultura ecol\u00f3gica. Agricultura UE \/ Agricultura no UE). Producto no certificado como ecol\u00f3gico en su forma final (envase). <\/p>\n<p>&nbsp;<\/p>\n<p>&nbsp;<\/p>\n<p>&nbsp;<\/p>\n<p>&nbsp;<\/p>\n","protected":false},"excerpt":{"rendered":"<p>El t\u00e9 Gyokuro (\u7389\u9732, roc\u00edo precioso) se considera el t\u00e9 verde m\u00e1s prestigioso de Jap\u00f3n. Con la llegada de la primavera, los amantes del t\u00e9 est\u00e1n impacientes por disfrutar de la nueva cosecha de este t\u00e9 excepcional. Hermosas hojas esmeralda, sabor suave y fragancia sutil. El t\u00e9 verde m\u00e1s noble, refinado y precioso del mundo.<\/p>\n","protected":false},"featured_media":18289,"comment_status":"open","ping_status":"closed","template":"","meta":[],"product_cat":[155,188],"product_tag":[],"class_list":{"0":"post-13889","1":"product","2":"type-product","3":"status-publish","4":"has-post-thumbnail","6":"product_brand-bird-of-paradise","7":"product_cat-japon-es","8":"product_cat-tes-verdes-es","10":"first","11":"instock","12":"taxable","13":"shipping-taxable","14":"purchasable","15":"product-type-variable"},"_links":{"self":[{"href":"https:\/\/birdofparadise.pt\/es\/wp-json\/wp\/v2\/product\/13889","targetHints":{"allow":["GET"]}}],"collection":[{"href":"https:\/\/birdofparadise.pt\/es\/wp-json\/wp\/v2\/product"}],"about":[{"href":"https:\/\/birdofparadise.pt\/es\/wp-json\/wp\/v2\/types\/product"}],"replies":[{"embeddable":true,"href":"https:\/\/birdofparadise.pt\/es\/wp-json\/wp\/v2\/comments?post=13889"}],"version-history":[{"count":0,"href":"https:\/\/birdofparadise.pt\/es\/wp-json\/wp\/v2\/product\/13889\/revisions"}],"wp:featuredmedia":[{"embeddable":true,"href":"https:\/\/birdofparadise.pt\/es\/wp-json\/wp\/v2\/media\/18289"}],"wp:attachment":[{"href":"https:\/\/birdofparadise.pt\/es\/wp-json\/wp\/v2\/media?parent=13889"}],"wp:term":[{"taxonomy":"product_cat","embeddable":true,"href":"https:\/\/birdofparadise.pt\/es\/wp-json\/wp\/v2\/product_cat?post=13889"},{"taxonomy":"product_tag","embeddable":true,"href":"https:\/\/birdofparadise.pt\/es\/wp-json\/wp\/v2\/product_tag?post=13889"}],"curies":[{"name":"wp","href":"https:\/\/api.w.org\/{rel}","templated":true}]}}