{"id":13951,"date":"2024-06-03T11:32:24","date_gmt":"2024-06-03T10:32:24","guid":{"rendered":"https:\/\/birdofparadise.pt\/produit\/chai-latte\/"},"modified":"2025-04-02T15:44:07","modified_gmt":"2025-04-02T14:44:07","slug":"chai-latte","status":"publish","type":"product","link":"https:\/\/birdofparadise.pt\/es\/produit\/cha%C3%AF-latte\/","title":{"rendered":"Cha\u00ef Latte"},"content":{"rendered":"<p>El cha\u00ef latte tiene una larga historia. El t\u00e9 es originario de la India, donde se ha utilizado durante siglos como remedio para diversas dolencias.<\/p>\n<p>Es un t\u00e9 elaborado con t\u00e9 negro de Assam y especias como canela, jengibre, an\u00eds y cardamomo. Esta combinaci\u00f3n de especias confiere al t\u00e9 su sabor caracter\u00edstico y su delicioso aroma.<\/p>\n<p>El Chai Latte es algo muy especial: se elabora con ingredientes de alta calidad, sin potenciadores artificiales del sabor ni frutas confitadas. Nuestro chai latte ecol\u00f3gico se prepara seg\u00fan las recetas tradicionales, con aroma natural de vainilla bourbon, ra\u00edz de regaliz, pimienta negra y trocitos de vainilla para darle ese toque especial.<\/p>\n<p>Tiene un sabor con cuerpo y un delicioso aroma a vainilla: \u00a1el momento perfecto de placer! Todos los ingredientes son 100% ecol\u00f3gicos y est\u00e1n sujetos a los controles de calidad m\u00e1s estrictos. Disfruta del encanto picante de Oriente.<\/p>\n<h6>Composici\u00f3n:<\/h6>\n<p>T\u00e9 negro de Assam* (India), canela*, jengibre*, an\u00eds*, aroma natural de vainilla bourbon, ra\u00edz de regaliz*, cardamomo*, pimienta negra*, trocitos de vainilla*.<\/p>\n<p>* Ingredientes procedentes de la agricultura ecol\u00f3gica DE-\u00d6KO-039 (Certificado conforme al Reglamento europeo sobre agricultura ecol\u00f3gica. Agricultura de la UE \/Agricultura fuera de la UE). Producto no certificado ecol\u00f3gico en su forma final (envase). <\/p>\n<h6>Consejos de preparaci\u00f3n:<\/h6>\n<ul>\n<li>Dosificaci\u00f3n : 12 &#8211; 15 g\/L<\/li>\n<li>Tiempo de infusi\u00f3n : 2 &#8211; 4 minutos<\/li>\n<li>Temperatura de infusi\u00f3n : 80\u00b0 C<\/li>\n<\/ul>\n","protected":false},"excerpt":{"rendered":"<p>Una deliciosa y arom\u00e1tica mezcla de t\u00e9s negros indios con especias chai tradicionales. El t\u00e9 CHAI LATTE es un aut\u00e9ntico chute de energ\u00eda con especias como la canela, el jengibre, el regaliz, el hinojo, la pimienta rosa y el clavo. Puede tomarse como infusi\u00f3n o decocci\u00f3n, al estilo m\u00e1s hind\u00fa.<\/p>\n<p>El masala chai es una bebida t\u00edpica del sur de la India, hecha con una mezcla de t\u00e9 con especias, hierbas y az\u00facar. T\u00e9 negro energizante, estimulante y desintoxicante con especias.<\/p>\n","protected":false},"featured_media":18200,"comment_status":"open","ping_status":"closed","template":"","meta":[],"product_cat":[169,152,166,269,185],"product_tag":[],"class_list":{"0":"post-13951","1":"product","2":"type-product","3":"status-publish","4":"has-post-thumbnail","6":"product_brand-bird-of-paradise","7":"product_cat-tes-negros-es","8":"product_cat-india-es","9":"product_cat-tes-clasicos-es","10":"product_cat-tes-de-navidad","11":"product_cat-tes-terapeuticos-es","13":"first","14":"outofstock","15":"taxable","16":"shipping-taxable","17":"product-type-variable"},"_links":{"self":[{"href":"https:\/\/birdofparadise.pt\/es\/wp-json\/wp\/v2\/product\/13951","targetHints":{"allow":["GET"]}}],"collection":[{"href":"https:\/\/birdofparadise.pt\/es\/wp-json\/wp\/v2\/product"}],"about":[{"href":"https:\/\/birdofparadise.pt\/es\/wp-json\/wp\/v2\/types\/product"}],"replies":[{"embeddable":true,"href":"https:\/\/birdofparadise.pt\/es\/wp-json\/wp\/v2\/comments?post=13951"}],"version-history":[{"count":0,"href":"https:\/\/birdofparadise.pt\/es\/wp-json\/wp\/v2\/product\/13951\/revisions"}],"wp:featuredmedia":[{"embeddable":true,"href":"https:\/\/birdofparadise.pt\/es\/wp-json\/wp\/v2\/media\/18200"}],"wp:attachment":[{"href":"https:\/\/birdofparadise.pt\/es\/wp-json\/wp\/v2\/media?parent=13951"}],"wp:term":[{"taxonomy":"product_cat","embeddable":true,"href":"https:\/\/birdofparadise.pt\/es\/wp-json\/wp\/v2\/product_cat?post=13951"},{"taxonomy":"product_tag","embeddable":true,"href":"https:\/\/birdofparadise.pt\/es\/wp-json\/wp\/v2\/product_tag?post=13951"}],"curies":[{"name":"wp","href":"https:\/\/api.w.org\/{rel}","templated":true}]}}