{"id":14002,"date":"2024-06-03T10:59:00","date_gmt":"2024-06-03T09:59:00","guid":{"rendered":"https:\/\/birdofparadise.pt\/produit\/cha-verde-blanco-con-naranja-sangriento\/"},"modified":"2025-04-02T16:14:13","modified_gmt":"2025-04-02T15:14:13","slug":"te-verde-y-te-blanco-con-naranja-sanguina","status":"publish","type":"product","link":"https:\/\/birdofparadise.pt\/es\/produit\/t%C3%A9-verde-y-blanco-con-naranja-sanguina,-granada-y-mandarina\/","title":{"rendered":"T\u00e9 verde y blanco con naranja sanguina, granada y mandarina"},"content":{"rendered":"<h6>T\u00e9 verde y blanco con naranja sanguina, granada y mandarina<\/h6>\n<p>Descubre el delicioso t\u00e9 de naranja sanguina, granada y mandarina, elaborado con ingredientes de alta calidad, como t\u00e9 verde Sencha y Chun Mee de China, flores de hibisco y hierba lim\u00f3n. Con aut\u00e9nticos trozos de granada, naranja sanguina y mandarina, este t\u00e9 es un verdadero placer para los sentidos.<\/p>\n<p>El t\u00e9 de naranja sanguina, granada y mandarina se elabora con ingredientes ecol\u00f3gicos y se produce con amor.<\/p>\n<p>La combinaci\u00f3n de t\u00e9 verde y t\u00e9 blanco Pai Mu Tan proporciona un aroma dulce y refrescante, mientras que los trozos de fruta y los aromas dan al t\u00e9 un sabor natural. Prueba este delicioso t\u00e9 como complemento perfecto de tu desayuno o como refrescante bebida vespertina.<\/p>\n<p>La mezcla de t\u00e9 verde Sencha y Chun Mee es rica en antioxidantes, puede acelerar tu metabolismo para optimizar la quema de grasas y contiene teanina, que ayuda a mantener la concentraci\u00f3n.<\/p>\n<p>La naranja sanguina es un c\u00edtrico que aporta al organismo antioxidantes, minerales y vitamina C, por lo que es ideal para regular el colesterol y depurar el h\u00edgado. Y uno de sus beneficios m\u00e1s conocidos es su capacidad para acelerar el metabolismo.<\/p>\n<p>Las granadas son ricas en minerales como el potasio, el calcio y el hierro, son muy diur\u00e9ticas y favorecen la digesti\u00f3n.<\/p>\n<p>Compra hoy T\u00e9 de naranja sanguina y mandarina y descubre un t\u00e9 que mima tus sentidos y beneficia a tu cuerpo al mismo tiempo.<\/p>\n<h6>Composici\u00f3n:<\/h6>\n<p>T\u00e9 verde Sencha* (China), t\u00e9 verde Chun Mee* (China), flores de hibisco*, hierba lim\u00f3n*, aroma natural de granada, t\u00e9 blanco Pai Mu Tan* (China), aroma natural de naranja sanguina, ralladura de granada* (1%), trocitos de naranja sanguina* (1%), trocitos de mandarina* (1%), flores de aciano*, aceite de mandarina*.<\/p>\n<p>*Ingredientes procedentes de la agricultura ecol\u00f3gica DE-\u00d6KO-039 (Certificado conforme al reglamento europeo sobre agricultura ecol\u00f3gica. Agricultura UE \/ Agricultura no UE). Producto no certificado como ecol\u00f3gico en su forma final (envase). <\/p>\n<h6>Consejos de preparaci\u00f3n:<\/h6>\n<ul>\n<li>Dosificaci\u00f3n : 12 &#8211; 15 g\/L<\/li>\n<li>Tiempo de infusi\u00f3n : 2 &#8211; 4 minutos<\/li>\n<li>Temperatura de infusi\u00f3n : 80\u00b0 C<\/li>\n<\/ul>\n","protected":false},"excerpt":{"rendered":"<p>La naranja sanguina, combinada con t\u00e9 verde y blanco, acelera el metabolismo y la quema de grasas, creando una bebida que querr\u00e1s tomar a cualquier hora, caliente o fr\u00eda, gracias a sus sabores a granada y mandarina.<\/p>\n","protected":false},"featured_media":18211,"comment_status":"open","ping_status":"closed","template":"","meta":[],"product_cat":[150,192,159,178,185,188],"product_tag":[],"class_list":{"0":"post-14002","1":"product","2":"type-product","3":"status-publish","4":"has-post-thumbnail","6":"product_brand-bird-of-paradise","7":"product_cat-china-es","8":"product_cat-infusiones-es","9":"product_cat-tes-blancos-es","10":"product_cat-tes-de-primavera-es","11":"product_cat-tes-terapeuticos-es","12":"product_cat-tes-verdes-es","14":"first","15":"instock","16":"taxable","17":"shipping-taxable","18":"purchasable","19":"product-type-variable"},"_links":{"self":[{"href":"https:\/\/birdofparadise.pt\/es\/wp-json\/wp\/v2\/product\/14002","targetHints":{"allow":["GET"]}}],"collection":[{"href":"https:\/\/birdofparadise.pt\/es\/wp-json\/wp\/v2\/product"}],"about":[{"href":"https:\/\/birdofparadise.pt\/es\/wp-json\/wp\/v2\/types\/product"}],"replies":[{"embeddable":true,"href":"https:\/\/birdofparadise.pt\/es\/wp-json\/wp\/v2\/comments?post=14002"}],"version-history":[{"count":0,"href":"https:\/\/birdofparadise.pt\/es\/wp-json\/wp\/v2\/product\/14002\/revisions"}],"wp:featuredmedia":[{"embeddable":true,"href":"https:\/\/birdofparadise.pt\/es\/wp-json\/wp\/v2\/media\/18211"}],"wp:attachment":[{"href":"https:\/\/birdofparadise.pt\/es\/wp-json\/wp\/v2\/media?parent=14002"}],"wp:term":[{"taxonomy":"product_cat","embeddable":true,"href":"https:\/\/birdofparadise.pt\/es\/wp-json\/wp\/v2\/product_cat?post=14002"},{"taxonomy":"product_tag","embeddable":true,"href":"https:\/\/birdofparadise.pt\/es\/wp-json\/wp\/v2\/product_tag?post=14002"}],"curies":[{"name":"wp","href":"https:\/\/api.w.org\/{rel}","templated":true}]}}