{"id":14020,"date":"2024-06-03T10:53:59","date_gmt":"2024-06-03T09:53:59","guid":{"rendered":"https:\/\/birdofparadise.pt\/produit\/lechoso-oolong\/"},"modified":"2025-04-02T18:05:15","modified_gmt":"2025-04-02T17:05:15","slug":"milky-oolong","status":"publish","type":"product","link":"https:\/\/birdofparadise.pt\/es\/produit\/oolong-lechoso\/","title":{"rendered":"Milky Oolong"},"content":{"rendered":"<h6>Milky Oolong<\/h6>\n<p>Nuestro t\u00e9 Milky Oolong es una bebida deliciosa y \u00fanica que no te puedes perder.<\/p>\n<p>Elaborado con los mejores ingredientes, este t\u00e9 ecol\u00f3gico es un aut\u00e9ntico placer para los sentidos.<\/p>\n<p>La historia del t\u00e9 Milky Oolong se remonta a la cultura tradicional china del t\u00e9. Este t\u00e9 especial se produce desde hace mucho tiempo en las monta\u00f1as de Fujian, en China, donde los arbustos de t\u00e9 crecen a m\u00e1s de 1000 metros de altitud. Las hojas se secan cuidadosamente al sol y luego se enrollan y oxidan a la manera tradicional.<\/p>\n<p>El t\u00e9 oolong se considera uno de los t\u00e9s m\u00e1s complejos y populares del mundo, y el Milky Oolong no es una excepci\u00f3n.<\/p>\n<p>Al a\u00f1adir sabores que crean un equilibrio perfecto entre especias y caramelo, el Milky Oolong se convierte en una bebida verdaderamente \u00fanica, y nuestro t\u00e9 se cultiva y envasa ecol\u00f3gicamente en Portugal para garantizar la m\u00e1xima calidad.<\/p>\n<p>Adem\u00e1s de su sabor caracter\u00edstico, el Oolong Lechoso tambi\u00e9n tiene una serie de beneficios potenciales para la salud.<\/p>\n<p>El t\u00e9 oolong se asocia a menudo con el fomento de la p\u00e9rdida de peso y la mejora del metabolismo. Tambi\u00e9n contiene antioxidantes que pueden ayudar a proteger el organismo del da\u00f1o celular. Tambi\u00e9n puede tener un efecto positivo sobre los niveles de az\u00facar y colesterol en sangre. Ya se beba caliente o fr\u00edo, nuestro t\u00e9 Oolong Lechoso es un excelente compa\u00f1ero a cualquier hora del d\u00eda.<\/p>\n<p>Su sabor \u00fanico y sus propiedades beneficiosas para la salud lo convierten en la bebida ideal para cualquiera a quien le guste un t\u00e9 especial. Prueba hoy nuestro t\u00e9 Milky Oolong y descubre la combinaci\u00f3n \u00fanica de especias y sabor a caramelo basada en la cultura tradicional china del t\u00e9, y disfruta de su delicioso y saludable sabor.<\/p>\n<h6>Composici\u00f3n:<\/h6>\n<p>T\u00e9 Oolong* (China), aroma natural de especias, aroma natural de caramelo.<\/p>\n<p>*Ingredientes procedentes de la agricultura ecol\u00f3gica DE-\u00d6KO-039 (Certificado conforme al reglamento europeo sobre agricultura ecol\u00f3gica. Agricultura UE \/ Agricultura no UE). Producto no certificado como ecol\u00f3gico en su forma final (envase). <\/p>\n<h6>Consejos de preparaci\u00f3n:<\/h6>\n<p>10 g en 250 ml de agua<br \/>\n5&#8242; minutos en agua a 80\u00b0C<\/p>\n<ul>\n<li>Dosificaci\u00f3n : 12 &#8211; 15 g\/L<\/li>\n<li>Tiempo de infusi\u00f3n : 2 &#8211; 4 minutos<\/li>\n<li>Temperatura de infusi\u00f3n : 80\u00b0 C<\/li>\n<\/ul>\n<p>&nbsp;<\/p>\n","protected":false},"excerpt":{"rendered":"<h6>Milky Oolong<\/h6>\n<p>El sabor fresco y floral del t\u00e9 verde oolong contrasta aqu\u00ed con el aroma cremoso para ofrecer, siguiendo los pasos del rar\u00edsimo t\u00e9 oolong del mismo nombre y sin pretensiones, un t\u00e9 con un licor suave, c\u00e1lido y lechoso. Ideal para una escapada gastron\u00f3mica.<\/p>\n","protected":false},"featured_media":18253,"comment_status":"open","ping_status":"closed","template":"","meta":[],"product_cat":[142,150,188],"product_tag":[],"class_list":{"0":"post-14020","1":"product","2":"type-product","3":"status-publish","4":"has-post-thumbnail","6":"product_brand-bird-of-paradise","7":"product_cat-tes-oolong-es","8":"product_cat-china-es","9":"product_cat-tes-verdes-es","11":"first","12":"outofstock","13":"taxable","14":"shipping-taxable","15":"product-type-variable"},"_links":{"self":[{"href":"https:\/\/birdofparadise.pt\/es\/wp-json\/wp\/v2\/product\/14020","targetHints":{"allow":["GET"]}}],"collection":[{"href":"https:\/\/birdofparadise.pt\/es\/wp-json\/wp\/v2\/product"}],"about":[{"href":"https:\/\/birdofparadise.pt\/es\/wp-json\/wp\/v2\/types\/product"}],"replies":[{"embeddable":true,"href":"https:\/\/birdofparadise.pt\/es\/wp-json\/wp\/v2\/comments?post=14020"}],"version-history":[{"count":0,"href":"https:\/\/birdofparadise.pt\/es\/wp-json\/wp\/v2\/product\/14020\/revisions"}],"wp:featuredmedia":[{"embeddable":true,"href":"https:\/\/birdofparadise.pt\/es\/wp-json\/wp\/v2\/media\/18253"}],"wp:attachment":[{"href":"https:\/\/birdofparadise.pt\/es\/wp-json\/wp\/v2\/media?parent=14020"}],"wp:term":[{"taxonomy":"product_cat","embeddable":true,"href":"https:\/\/birdofparadise.pt\/es\/wp-json\/wp\/v2\/product_cat?post=14020"},{"taxonomy":"product_tag","embeddable":true,"href":"https:\/\/birdofparadise.pt\/es\/wp-json\/wp\/v2\/product_tag?post=14020"}],"curies":[{"name":"wp","href":"https:\/\/api.w.org\/{rel}","templated":true}]}}