{"id":14243,"date":"2024-06-17T16:24:38","date_gmt":"2024-06-17T15:24:38","guid":{"rendered":"https:\/\/birdofparadise.pt\/?post_type=product&#038;p=14243"},"modified":"2024-10-04T02:46:34","modified_gmt":"2024-10-04T01:46:34","slug":"caja-de-degustacion-de-tes-japoneses","status":"publish","type":"product","link":"https:\/\/birdofparadise.pt\/es\/produit\/caja-de-degustacion-de-tes-japoneses\/","title":{"rendered":"Caja de degustaci\u00f3n de t\u00e9s japoneses"},"content":{"rendered":"<p>Esta magn\u00edfica caja de degustaci\u00f3n de t\u00e9s japoneses ecol\u00f3gicos contiene 4 t\u00e9s japoneses emblem\u00e1ticos, cuidadosamente envasados en cajas met\u00e1licas bellamente decoradas. La caja de madera est\u00e1 finamente grabada con el famoso motivo de las olas japonesas. Disponible en 2 variantes: 4x20g y 4x50g.<\/p>\n<p>Disponemos de los siguientes t\u00e9s japoneses:<\/p>\n<ol>\n<li><strong>Sencha de Fuji Jap\u00f3n*:<\/strong> El Sencha, un tipo de t\u00e9 verde cocido al vapor con hojas planas, es el tipo de t\u00e9 m\u00e1s consumido en Jap\u00f3n. Hemos seleccionado esta mezcla, representativa del esp\u00edritu del t\u00e9 japon\u00e9s actual;<\/li>\n<li><strong>Hojicha*:<\/strong> Este t\u00e9 verde se tuesta, lo que elimina gran parte de su astringencia. Un licor f\u00e1cil de beber con bajo contenido en t\u00e9;<\/li>\n<li><strong>Gyokuro de Jap\u00f3n Kioto*:<\/strong> El t\u00e9 verde m\u00e1s noble, refinado y precioso del mundo;<\/li>\n<li><strong>Tamaryokucha de Jap\u00f3n*:<\/strong> El Tamaryokucha de Jap\u00f3n tiene un delicado sabor a hierbas, enriquecido por sus notas dulces y picantes.<\/li>\n<\/ol>\n<p>*De agricultura ecol\u00f3gica controlada<\/p>\n<p><strong>Consejos de preparaci\u00f3n:<\/strong><\/p>\n<p><strong>Fuji Sencha Japon\u00e9s: <\/strong>Dosificaci\u00f3n: 2-3 gramos por taza &#8211; unas 4-5 cucharaditas por litro. Agua: tras la ebullici\u00f3n, vierte agua enfriada a 60\u00b0-70\u00b0C y deja infusionar. Tiempo de infusi\u00f3n: 1,5-2 minutos.<\/p>\n<p><strong>Hojicha<\/strong>: Dosis: 12 &#8211; 15 g\/L, tiempo de infusi\u00f3n: 2 &#8211; 3 minutos, temperatura de infusi\u00f3n: 70 &#8211; 80\u00b0C<\/p>\n<p><strong>Gyokuro de Jap\u00f3n Kioto <\/strong>: Puedes reconocer un gyokuro de calidad por la claridad de la infusi\u00f3n (casi transl\u00facida).<br \/>\nPara un m\u00e9todo m\u00e1s sencillo, infusiona 1 cucharadita (aproximadamente 1,5 g) en 200 ml de agua a 70\u00b0C durante 3 minutos.<\/p>\n<p>Tamaryokucha <strong>de Jap\u00f3n<\/strong>: Para preparar una taza de Tamaryokucha, recomendamos utilizar unos 2 gramos de t\u00e9 por 150 ml de agua. Esta cantidad produce una infusi\u00f3n equilibrada y sabrosa. La temperatura a la que se prepara el t\u00e9 es esencial para realzar los sabores del Tamaryokucha. Recomendamos infusionar el t\u00e9 a una temperatura de entre 70 y 80 grados Celsius. El agua demasiado caliente puede quemar las hojas y alterar la calidad del t\u00e9.<\/p>\n<p><strong>Certificaci\u00f3n:<\/strong><\/p>\n<p>Ecol\u00f3gico: Producto de la agricultura ecol\u00f3gica DE-\u00d6KO-039<\/p>\n<p><a href=\"https:\/\/birdofparadise.pt\/wp-content\/uploads\/2024\/06\/Logo_DE-OKO-039-01.png\"><img decoding=\"async\" class=\"alignnone size-medium wp-image-13740\" src=\"https:\/\/birdofparadise.pt\/wp-content\/uploads\/2024\/06\/Logo_DE-OKO-039-01-300x117.png\" alt=\"DE-\u00d6KO-039\" width=\"300\" height=\"117\" srcset=\"https:\/\/birdofparadise.pt\/wp-content\/uploads\/2024\/06\/Logo_DE-OKO-039-01-300x117.png 300w, https:\/\/birdofparadise.pt\/wp-content\/uploads\/2024\/06\/Logo_DE-OKO-039-01.png 533w\" sizes=\"(max-width: 300px) 100vw, 300px\" \/><\/a>Certificado conforme al Reglamento Europeo de Agricultura Ecol\u00f3gica.<br \/>\nAgricultura UE<br \/>\nAgricultura fuera de la UE<\/p>\n","protected":false},"excerpt":{"rendered":"<p>Esta magn\u00edfica caja de degustaci\u00f3n de t\u00e9s japoneses ecol\u00f3gicos contiene 4 t\u00e9s japoneses emblem\u00e1ticos, cuidadosamente envasados en cajas met\u00e1licas bellamente decoradas. La caja de madera est\u00e1 finamente grabada con el famoso motivo de las olas japonesas. Disponible en 2 variantes: 4x20g y 4x50g.<\/p>\n<p>Una caja de degustaci\u00f3n ideal para los gourmets amantes del t\u00e9 verde japon\u00e9s.<\/p>\n","protected":false},"featured_media":14274,"comment_status":"open","ping_status":"closed","template":"","meta":[],"product_cat":[221,155],"product_tag":[],"class_list":{"0":"post-14243","1":"product","2":"type-product","3":"status-publish","4":"has-post-thumbnail","6":"product_brand-bird-of-paradise","7":"product_cat-cajas-de-regalo","8":"product_cat-japon-es","10":"first","11":"instock","12":"taxable","13":"shipping-taxable","14":"purchasable","15":"product-type-variable","16":"has-default-attributes"},"_links":{"self":[{"href":"https:\/\/birdofparadise.pt\/es\/wp-json\/wp\/v2\/product\/14243","targetHints":{"allow":["GET"]}}],"collection":[{"href":"https:\/\/birdofparadise.pt\/es\/wp-json\/wp\/v2\/product"}],"about":[{"href":"https:\/\/birdofparadise.pt\/es\/wp-json\/wp\/v2\/types\/product"}],"replies":[{"embeddable":true,"href":"https:\/\/birdofparadise.pt\/es\/wp-json\/wp\/v2\/comments?post=14243"}],"version-history":[{"count":0,"href":"https:\/\/birdofparadise.pt\/es\/wp-json\/wp\/v2\/product\/14243\/revisions"}],"wp:featuredmedia":[{"embeddable":true,"href":"https:\/\/birdofparadise.pt\/es\/wp-json\/wp\/v2\/media\/14274"}],"wp:attachment":[{"href":"https:\/\/birdofparadise.pt\/es\/wp-json\/wp\/v2\/media?parent=14243"}],"wp:term":[{"taxonomy":"product_cat","embeddable":true,"href":"https:\/\/birdofparadise.pt\/es\/wp-json\/wp\/v2\/product_cat?post=14243"},{"taxonomy":"product_tag","embeddable":true,"href":"https:\/\/birdofparadise.pt\/es\/wp-json\/wp\/v2\/product_tag?post=14243"}],"curies":[{"name":"wp","href":"https:\/\/api.w.org\/{rel}","templated":true}]}}