{"id":15146,"date":"2024-10-06T16:25:52","date_gmt":"2024-10-06T15:25:52","guid":{"rendered":"https:\/\/birdofparadise.pt\/?post_type=product&#038;p=15146"},"modified":"2024-10-08T19:24:51","modified_gmt":"2024-10-08T18:24:51","slug":"jarra-de-madera-para-velas-gota-de-agua","status":"publish","type":"product","link":"https:\/\/birdofparadise.pt\/es\/produit\/jarra-de-madera-para-velas-gota-de-agua\/","title":{"rendered":"Jarra de madera para velas Gota de agua"},"content":{"rendered":"<p>Jarra de madera para velas Gota de agua:<\/p>\n<p>Este magn\u00edfico jarro para velas est\u00e1 hecho a mano con 22 piezas de madera cortadas y premontadas individualmente.<\/p>\n<p>Se adapta a todas las candelitas o velas electr\u00f3nicas de tama\u00f1o est\u00e1ndar (38 &#8211; 40 mm).<\/p>\n<p>A\u00f1ade tu vela arom\u00e1tica favorita para embellecer y personalizar tu espacio vital.<\/p>\n<p>Los materiales naturales crean un maravilloso resplandor c\u00e1lido y proyectan hermosas sombras en la pared. Una idea de regalo original para sus seres queridos.<\/p>\n<p>Los portavelas s\u00f3lo deben ser utilizados por adultos. No deje nunca una vela encendida sin vigilancia.<\/p>\n","protected":false},"excerpt":{"rendered":"<p>Este candelabro de madera, tallado en forma de una delicada gota de agua, a\u00f1ade un toque de elegancia r\u00fastica al ambiente de la hora del t\u00e9. Con su acabado en madera barnizada de caoba, desprende un ambiente c\u00e1lido y acogedor para tus rituales del t\u00e9. La suave curva de la gota refleja maravillosamente la luz parpadeante de la vela, proyectando un suave resplandor que realza la tranquilidad de la hora del t\u00e9.<\/p>\n","protected":false},"featured_media":15615,"comment_status":"open","ping_status":"closed","template":"","meta":[],"product_cat":[258],"product_tag":[],"class_list":{"0":"post-15146","1":"product","2":"type-product","3":"status-publish","4":"has-post-thumbnail","6":"product_brand-bird-of-paradise","7":"product_cat-accesorios","9":"first","10":"instock","11":"taxable","12":"shipping-taxable","13":"purchasable","14":"product-type-simple"},"_links":{"self":[{"href":"https:\/\/birdofparadise.pt\/es\/wp-json\/wp\/v2\/product\/15146","targetHints":{"allow":["GET"]}}],"collection":[{"href":"https:\/\/birdofparadise.pt\/es\/wp-json\/wp\/v2\/product"}],"about":[{"href":"https:\/\/birdofparadise.pt\/es\/wp-json\/wp\/v2\/types\/product"}],"replies":[{"embeddable":true,"href":"https:\/\/birdofparadise.pt\/es\/wp-json\/wp\/v2\/comments?post=15146"}],"version-history":[{"count":0,"href":"https:\/\/birdofparadise.pt\/es\/wp-json\/wp\/v2\/product\/15146\/revisions"}],"wp:featuredmedia":[{"embeddable":true,"href":"https:\/\/birdofparadise.pt\/es\/wp-json\/wp\/v2\/media\/15615"}],"wp:attachment":[{"href":"https:\/\/birdofparadise.pt\/es\/wp-json\/wp\/v2\/media?parent=15146"}],"wp:term":[{"taxonomy":"product_cat","embeddable":true,"href":"https:\/\/birdofparadise.pt\/es\/wp-json\/wp\/v2\/product_cat?post=15146"},{"taxonomy":"product_tag","embeddable":true,"href":"https:\/\/birdofparadise.pt\/es\/wp-json\/wp\/v2\/product_tag?post=15146"}],"curies":[{"name":"wp","href":"https:\/\/api.w.org\/{rel}","templated":true}]}}