{"id":15166,"date":"2024-10-06T16:26:36","date_gmt":"2024-10-06T15:26:36","guid":{"rendered":"https:\/\/birdofparadise.pt\/?post_type=product&#038;p=15166"},"modified":"2024-10-08T18:36:42","modified_gmt":"2024-10-08T17:36:42","slug":"bandeja-de-te-de-madera-estilo-cannage","status":"publish","type":"product","link":"https:\/\/birdofparadise.pt\/es\/produit\/bandeja-de-te-de-madera-estilo-cannage\/","title":{"rendered":"Bandeja de t\u00e9 de madera estilo cannage"},"content":{"rendered":"<p>Bandeja de t\u00e9 de madera estilo cannage: Esta exquisita bandeja de t\u00e9 de madera, elaborada en el elegante estilo Cannage, es una verdadera obra maestra de la artesan\u00eda.<\/p>\n<p>Las intrincadas esculturas, inspiradas en los delicados detalles de la naturaleza, crean un fascinante tapiz art\u00edstico. Los tonos c\u00e1lidos y ricos de la madera, combinados con las texturas sutiles del dise\u00f1o Cannage, evocan una sensaci\u00f3n de tranquilidad y sofisticaci\u00f3n. Esta bandeja no es s\u00f3lo una pieza funcional, es un tema de conversaci\u00f3n, una obra de arte que eleva la ceremonia del t\u00e9 a una experiencia de belleza y refinamiento.<\/p>\n<p>Mantenimiento:<\/p>\n<p>Para que tu bandeja de t\u00e9 de madera mantenga siempre su perfecto aspecto, te recomendamos limpiarla con un pa\u00f1o suave y seco. Evite la exposici\u00f3n directa a la luz solar y fuentes de calor excesivas, para preservar el color natural de la madera.<\/p>\n<p>Dimensiones:<\/p>\n<ul>\n<li>Ancho 20cm<\/li>\n<li>Profundidad 28cm<\/li>\n<li>Altura 2,5 cm<\/li>\n<\/ul>\n","protected":false},"excerpt":{"rendered":"<p>\u00a1Tendencias retro! Tapa de madera barnizada con detalle estilo Cannage. Como complemento decorativo o para servir en la mesa. Esta bandeja es la \u00faltima tendencia por su estampado de ca\u00f1a.<\/p>\n<p>&nbsp;<\/p>\n","protected":false},"featured_media":15599,"comment_status":"open","ping_status":"closed","template":"","meta":[],"product_cat":[258],"product_tag":[],"class_list":{"0":"post-15166","1":"product","2":"type-product","3":"status-publish","4":"has-post-thumbnail","6":"product_brand-bird-of-paradise","7":"product_cat-accesorios","9":"first","10":"instock","11":"taxable","12":"shipping-taxable","13":"purchasable","14":"product-type-simple"},"_links":{"self":[{"href":"https:\/\/birdofparadise.pt\/es\/wp-json\/wp\/v2\/product\/15166","targetHints":{"allow":["GET"]}}],"collection":[{"href":"https:\/\/birdofparadise.pt\/es\/wp-json\/wp\/v2\/product"}],"about":[{"href":"https:\/\/birdofparadise.pt\/es\/wp-json\/wp\/v2\/types\/product"}],"replies":[{"embeddable":true,"href":"https:\/\/birdofparadise.pt\/es\/wp-json\/wp\/v2\/comments?post=15166"}],"version-history":[{"count":0,"href":"https:\/\/birdofparadise.pt\/es\/wp-json\/wp\/v2\/product\/15166\/revisions"}],"wp:featuredmedia":[{"embeddable":true,"href":"https:\/\/birdofparadise.pt\/es\/wp-json\/wp\/v2\/media\/15599"}],"wp:attachment":[{"href":"https:\/\/birdofparadise.pt\/es\/wp-json\/wp\/v2\/media?parent=15166"}],"wp:term":[{"taxonomy":"product_cat","embeddable":true,"href":"https:\/\/birdofparadise.pt\/es\/wp-json\/wp\/v2\/product_cat?post=15166"},{"taxonomy":"product_tag","embeddable":true,"href":"https:\/\/birdofparadise.pt\/es\/wp-json\/wp\/v2\/product_tag?post=15166"}],"curies":[{"name":"wp","href":"https:\/\/api.w.org\/{rel}","templated":true}]}}