{"id":16355,"date":"2025-03-21T19:06:44","date_gmt":"2025-03-21T18:06:44","guid":{"rendered":"https:\/\/birdofparadise.pt\/?post_type=product&#038;p=16355"},"modified":"2025-03-31T11:14:45","modified_gmt":"2025-03-31T10:14:45","slug":"te-quemagrasas","status":"publish","type":"product","link":"https:\/\/birdofparadise.pt\/es\/produit\/t%C3%A9-quemagrasas\/","title":{"rendered":"T\u00e9 quemagrasas"},"content":{"rendered":"<p>Nuestro t\u00e9 quemagrasas es una deliciosa mezcla de ingredientes naturales cuidadosamente seleccionados para ayudar a desintoxicar y estimular el organismo. Este t\u00e9 es el compa\u00f1ero perfecto para quienes se centran en un estilo de vida saludable. <\/p>\n<p>La base de nuestro t\u00e9 quemagrasas es el t\u00e9 negro <em>Pu Erh<\/em> de China, conocido por sus propiedades desintoxicantes. El t\u00e9 es rico en antioxidantes y ayuda a mejorar la digesti\u00f3n. Hemos a\u00f1adido jengibre, conocido por sus propiedades antiinflamatorias naturales y por favorecer la funci\u00f3n inmunitaria. Adem\u00e1s, nuestro t\u00e9 contiene t\u00e9 verde <em>Sencha<\/em> chino, rico en antioxidantes y que puede ayudar a acelerar el metabolismo. La hierba lim\u00f3n es famosa por sus propiedades antiinflamatorias y relajantes musculares. Las hojas de ortiga pueden actuar como diur\u00e9tico, mientras que las hojas de menta pueden ayudar a calmar el tracto gastrointestinal. El aceite de naranja da un sabor refrescante y es rico en vitamina C.      <\/p>\n<p>El mate de Brasil, tambi\u00e9n rico en antioxidantes, estimula naturalmente el t\u00e9 con su cafe\u00edna natural. El cilantro favorece la funci\u00f3n hep\u00e1tica, mientras que las hojas de melisa tienen un efecto calmante sobre el organismo. El diente de le\u00f3n es conocido por sus propiedades desintoxicantes y ayuda a mejorar la digesti\u00f3n. Por \u00faltimo, hemos a\u00f1adido t\u00e9 verde Matcha chino, que es rico en antioxidantes y puede ayudar a acelerar el metabolismo.   <\/p>\n<h6>Ingredientes:<\/h6>\n<p>T\u00e9 negro Pu Erh* (China), jengibre*, t\u00e9 verde Sencha* (China), hierba lim\u00f3n*, hojas de ortiga*, hojas de menta piperita*, aceite de naranja*, mate* (Brasil), cilantro*, hojas de melisa*, diente de le\u00f3n*, t\u00e9 verde Matcha* (China).<\/p>\n<p>*Ingredientes procedentes de la agricultura ecol\u00f3gica DE-\u00d6KO-039 (Certificado conforme al reglamento europeo sobre agricultura ecol\u00f3gica. Agricultura de la UE \/Agricultura fuera de la UE). Producto no certificado ecol\u00f3gico en su forma final (envase). <\/p>\n<table class=\"xmt-4 xtext-2xl xtext-[#222222] md:xtext-3xl\">\n<thead class=\"xborder-b-2 xborder-[#222222] xtext-left\">\n<tr>\n<th class=\"xp-1\">Nutrici\u00f3n<\/th>\n<th class=\"xp-1\">Cantidad<\/th>\n<\/tr>\n<\/thead>\n<tbody>\n<tr>\n<td class=\"xp-1\">Energ\u00eda<\/td>\n<td class=\"xp-1\">9 kJ \/ 2 kcal<\/td>\n<\/tr>\n<tr>\n<td class=\"xp-1\">Contenido en grasa<\/td>\n<td class=\"xp-1\">&lt; 0.1 g<\/td>\n<\/tr>\n<tr>\n<td class=\"xp-1\">\u00c1cidos grasos<\/td>\n<td class=\"xp-1\">&lt; 0.1 g<\/td>\n<\/tr>\n<tr>\n<td class=\"xp-1\">Hidratos de carbono<\/td>\n<td class=\"xp-1\">&lt; 0.1 g<\/td>\n<\/tr>\n<tr>\n<td class=\"xp-1\">Az\u00facar<\/td>\n<td class=\"xp-1\">&lt; 0.1 g<\/td>\n<\/tr>\n<tr>\n<td class=\"xp-1\">Prote\u00edna<\/td>\n<td class=\"xp-1\">0.2 g<\/td>\n<\/tr>\n<tr>\n<td class=\"xp-1\">Sal<\/td>\n<td class=\"xp-1\">&lt; 0.01 g<\/td>\n<\/tr>\n<\/tbody>\n<\/table>\n<div class=\"xmt-6\">\n<p class=\"xtext-xl xtext-[#484848]\">Valor nutricional medio del producto preparado (3 g\/100 ml)<\/p>\n<h6>C\u00f3mo prepararlo:<\/h6>\n<div class=\"xrounded-lg xbg-[#f5f5f5] xpx-6 xpy-4\">\n<ul>\n<li class=\"xtext-xl xfont-semibold xtext-[#484848]\"><strong><em>Temperatura del agua:<\/em><\/strong> 100 \u00b0C<\/li>\n<li class=\"xtext-xl xfont-semibold xtext-[#484848]\"><strong><em>Tiempo de infusi\u00f3n:<\/em><\/strong> 5-8 minutos<\/li>\n<li class=\"xtext-xl xfont-semibold xtext-[#484848]\"><em><strong>Dosificaci\u00f3n: <\/strong><\/em>2,5 g \/ 200 ml<\/li>\n<\/ul>\n<\/div>\n<\/div>\n","protected":false},"excerpt":{"rendered":"<p>Nuestro t\u00e9 quemagrasas es una deliciosa mezcla de ingredientes naturales cuidadosamente seleccionados para ayudar a desintoxicar y estimular el organismo. Este t\u00e9 es el compa\u00f1ero perfecto para quienes se centran en un estilo de vida saludable. <\/p>\n","protected":false},"featured_media":17642,"comment_status":"open","ping_status":"closed","template":"","meta":[],"product_cat":[185,150,155,128,240,178,182,188],"product_tag":[],"class_list":{"0":"post-16355","1":"product","2":"type-product","3":"status-publish","4":"has-post-thumbnail","6":"product_brand-bird-of-paradise","7":"product_cat-tes-terapeuticos-es","8":"product_cat-china-es","9":"product_cat-japon-es","10":"product_cat-matcha-es","11":"product_cat-primavera-es","12":"product_cat-tes-de-primavera-es","13":"product_cat-tes-pu-erh-es","14":"product_cat-tes-verdes-es","16":"first","17":"instock","18":"taxable","19":"shipping-taxable","20":"purchasable","21":"product-type-variable"},"_links":{"self":[{"href":"https:\/\/birdofparadise.pt\/es\/wp-json\/wp\/v2\/product\/16355","targetHints":{"allow":["GET"]}}],"collection":[{"href":"https:\/\/birdofparadise.pt\/es\/wp-json\/wp\/v2\/product"}],"about":[{"href":"https:\/\/birdofparadise.pt\/es\/wp-json\/wp\/v2\/types\/product"}],"replies":[{"embeddable":true,"href":"https:\/\/birdofparadise.pt\/es\/wp-json\/wp\/v2\/comments?post=16355"}],"version-history":[{"count":0,"href":"https:\/\/birdofparadise.pt\/es\/wp-json\/wp\/v2\/product\/16355\/revisions"}],"wp:featuredmedia":[{"embeddable":true,"href":"https:\/\/birdofparadise.pt\/es\/wp-json\/wp\/v2\/media\/17642"}],"wp:attachment":[{"href":"https:\/\/birdofparadise.pt\/es\/wp-json\/wp\/v2\/media?parent=16355"}],"wp:term":[{"taxonomy":"product_cat","embeddable":true,"href":"https:\/\/birdofparadise.pt\/es\/wp-json\/wp\/v2\/product_cat?post=16355"},{"taxonomy":"product_tag","embeddable":true,"href":"https:\/\/birdofparadise.pt\/es\/wp-json\/wp\/v2\/product_tag?post=16355"}],"curies":[{"name":"wp","href":"https:\/\/api.w.org\/{rel}","templated":true}]}}