{"id":8214,"date":"2023-10-21T10:43:43","date_gmt":"2023-10-21T09:43:43","guid":{"rendered":"https:\/\/birdofparadise.pt\/produit\/tisana-ecologica-serenity\/"},"modified":"2025-04-01T10:46:50","modified_gmt":"2025-04-01T09:46:50","slug":"te-de-hierbas-serenidad","status":"publish","type":"product","link":"https:\/\/birdofparadise.pt\/es\/produit\/te-de-hierbas-serenidad-ecologico\/","title":{"rendered":"T\u00e9 de hierbas Serenidad"},"content":{"rendered":"<p>T\u00e9 de hierbas Serenidad para ayudar a reducir el estr\u00e9s y favorecer un sue\u00f1o reparador. Elaborado con ingredientes ecol\u00f3gicos de primera calidad, ofrece una suavidad equilibrada y calmante.<\/p>\n<p>Ingredientes : Manzana*, hierba lim\u00f3n*, rosa mosqueta*, manzanilla*, tulsi*, flores de cal\u00e9ndula*, pimienta negra*, menta piperita*, lavanda*, estevia*, flores de siempreviva*, cardamomo*, valeriana*.<\/p>\n<p>*De agricultura ecol\u00f3gica FR-BIO-01 (Certificado conforme al Reglamento europeo sobre agricultura ecol\u00f3gica. Agricultura de la UE \/Agricultura fuera de la UE). Producto no certificado ecol\u00f3gico en su forma final (envasado). <\/p>\n<h6>Consejos de preparaci\u00f3n:<\/h6>\n<ul>\n<li><strong><em>Dosificaci\u00f3n<\/em><\/strong>: 20 &#8211; 25 g\/L<\/li>\n<li><strong><em>Tiempo de infusi\u00f3n<\/em><\/strong> 7 &#8211; 10 minutos<\/li>\n<li><strong><em>Temperatura de cocci\u00f3n<\/em><\/strong> : 100\u00b0 C<\/li>\n<\/ul>\n","protected":false},"excerpt":{"rendered":"<p>T\u00e9 de hierbas Serenidad :<\/p>\n<p>Una tisana natural que ayuda a reducir el estr\u00e9s y favorece un sue\u00f1o reparador. Elaborado con ingredientes ecol\u00f3gicos de primera calidad, ofrece una suavidad equilibrada y calmante.<\/p>\n<p>Se elabora con los siguientes ingredientes de cultivo ecol\u00f3gico:<\/p>\n<ul>\n<li>Las manzanas ayudan a reducir el estr\u00e9s y a calmar la mente;<\/li>\n<li>La hierba lim\u00f3n es un potente antiinflamatorio que ayuda a aliviar el dolor y a reducir la inflamaci\u00f3n;<\/li>\n<li>La rosa mosqueta es una planta medicinal con propiedades calmantes y relajantes;<\/li>\n<li>La manzanilla ayuda a reducir el estr\u00e9s, calmar la mente y mejorar la calidad del sue\u00f1o;<\/li>\n<li>El tulsi ayuda a reducir el estr\u00e9s, aliviar el dolor y favorecer un sue\u00f1o reparador;<\/li>\n<li>Las flores de cal\u00e9ndula tienen propiedades calmantes y relajantes que ayudan a reducir el estr\u00e9s;<\/li>\n<li>La pimienta negra es una hierba digestiva que ayuda a aliviar el dolor y a mejorar la digesti\u00f3n;<\/li>\n<li>La menta piperita tiene propiedades calmantes, estimulantes y antiinflamatorias que ayudan a reducir el estr\u00e9s, calmar la mente y mejorar la concentraci\u00f3n;<\/li>\n<li>La lavanda es una planta medicinal con propiedades relajantes, antiespasm\u00f3dicas y antiinflamatorias;<\/li>\n<\/ul>\n<p>La dulzura de las flores baila con la manzana para crear una taza suave y equilibrada que calma tus energ\u00edas.<\/p>\n<p>Justo antes de acostarse, favorece un sue\u00f1o profundo y reparador, tanto para los j\u00f3venes como para los mayores.<\/p>\n<p>Recomendaciones de preparaci\u00f3n:<\/p>\n<p>Calienta una taza de agua en una maceta o tetera. A\u00f1ade la cantidad adecuada (unos 4-5 g\/taza) de T\u00e9 de Hierbas Serenidad. Deja infusionar entre 7 y 10 minutos. Cuela y sirve caliente<\/p>\n","protected":false},"featured_media":17930,"comment_status":"open","ping_status":"closed","template":"","meta":[],"product_cat":[192,185],"product_tag":[],"class_list":{"0":"post-8214","1":"product","2":"type-product","3":"status-publish","4":"has-post-thumbnail","6":"product_brand-bird-of-paradise","7":"product_cat-infusiones-es","8":"product_cat-tes-terapeuticos-es","10":"first","11":"outofstock","12":"taxable","13":"shipping-taxable","14":"product-type-variable"},"_links":{"self":[{"href":"https:\/\/birdofparadise.pt\/es\/wp-json\/wp\/v2\/product\/8214","targetHints":{"allow":["GET"]}}],"collection":[{"href":"https:\/\/birdofparadise.pt\/es\/wp-json\/wp\/v2\/product"}],"about":[{"href":"https:\/\/birdofparadise.pt\/es\/wp-json\/wp\/v2\/types\/product"}],"replies":[{"embeddable":true,"href":"https:\/\/birdofparadise.pt\/es\/wp-json\/wp\/v2\/comments?post=8214"}],"version-history":[{"count":0,"href":"https:\/\/birdofparadise.pt\/es\/wp-json\/wp\/v2\/product\/8214\/revisions"}],"wp:featuredmedia":[{"embeddable":true,"href":"https:\/\/birdofparadise.pt\/es\/wp-json\/wp\/v2\/media\/17930"}],"wp:attachment":[{"href":"https:\/\/birdofparadise.pt\/es\/wp-json\/wp\/v2\/media?parent=8214"}],"wp:term":[{"taxonomy":"product_cat","embeddable":true,"href":"https:\/\/birdofparadise.pt\/es\/wp-json\/wp\/v2\/product_cat?post=8214"},{"taxonomy":"product_tag","embeddable":true,"href":"https:\/\/birdofparadise.pt\/es\/wp-json\/wp\/v2\/product_tag?post=8214"}],"curies":[{"name":"wp","href":"https:\/\/api.w.org\/{rel}","templated":true}]}}