{"id":8244,"date":"2023-10-21T10:43:43","date_gmt":"2023-10-21T09:43:43","guid":{"rendered":"https:\/\/birdofparadise.pt\/produit\/te-verde-hojicha-ecologico\/"},"modified":"2025-03-31T17:05:12","modified_gmt":"2025-03-31T16:05:12","slug":"te-verde-hojicha","status":"publish","type":"product","link":"https:\/\/birdofparadise.pt\/es\/produit\/te-verde-hojicha-ecologico\/","title":{"rendered":"T\u00e9 verde HOJICHA"},"content":{"rendered":"<h6>T\u00e9 verde HOJICHA:<\/h6>\n<p>El t\u00e9 verde Kukicha tostado es un delicioso acompa\u00f1amiento para tus postres.<\/p>\n<p>Ingredientes: t\u00e9 verde tostado* 100% natural de Kioto (Jap\u00f3n)<\/p>\n<p>*Ingredientes procedentes de la agricultura ecol\u00f3gica FR-BIO-01 (Certificado conforme al reglamento europeo sobre agricultura ecol\u00f3gica. Agricultura de la UE \/Agricultura fuera de la UE). Producto no certificado ecol\u00f3gico en su forma final (envase). <\/p>\n<h6>Consejos de preparaci\u00f3n:<\/h6>\n<ul>\n<li><strong><em>Dosificaci\u00f3n : <\/em><\/strong>12 &#8211; 15 g\/L<\/li>\n<li><em><strong>Tiempo de infusi\u00f3n:<\/strong><\/em> 2 &#8211; 3 minutos<\/li>\n<li><em><strong>Temperatura de cocci\u00f3n<\/strong><\/em>: 70 &#8211; 80\u00b0 C<\/li>\n<\/ul>\n<p>&nbsp;<\/p>\n","protected":false},"excerpt":{"rendered":"<p>El t\u00e9 verde HOJICHA es un t\u00e9 verde tostado de Kioto, Jap\u00f3n, con propiedades tonificantes y digestivas que ayudan a combatir la fatiga f\u00edsica y mental.<\/p>\n<p>Se elabora a partir de una fina selecci\u00f3n de hojas y ramas de la planta Camellia sinensis.<\/p>\n<p>Su infusi\u00f3n libera un licor de color \u00e1mbar con un aroma c\u00e1lido y tostado y un sabor dulce a nuez. Consumida en Jap\u00f3n despu\u00e9s de las comidas, su bajo contenido en te\u00edna la convierte en una bebida refinada y apetitosa para los amantes de los placeres puros y aut\u00e9nticos.<\/p>\n<p>Las condiciones de preparaci\u00f3n recomendadas para el T\u00e9 Verde HOJICHA son una infusi\u00f3n ligeramente caliente, con una temperatura de infusi\u00f3n de entre 70\u00b0C y 80\u00b0C. Se recomienda una dosis de 12 a 15 gramos por litro de agua mineral pura. La infusi\u00f3n debe durar de 2 a 3 minutos para optimizar el sabor y las propiedades desintoxicantes de la mezcla.<\/p>\n","protected":false},"featured_media":17774,"comment_status":"open","ping_status":"closed","template":"","meta":[],"product_cat":[188,155,166],"product_tag":[],"class_list":{"0":"post-8244","1":"product","2":"type-product","3":"status-publish","4":"has-post-thumbnail","6":"product_brand-bird-of-paradise","7":"product_cat-tes-verdes-es","8":"product_cat-japon-es","9":"product_cat-tes-clasicos-es","11":"first","12":"instock","13":"taxable","14":"shipping-taxable","15":"purchasable","16":"product-type-variable"},"_links":{"self":[{"href":"https:\/\/birdofparadise.pt\/es\/wp-json\/wp\/v2\/product\/8244","targetHints":{"allow":["GET"]}}],"collection":[{"href":"https:\/\/birdofparadise.pt\/es\/wp-json\/wp\/v2\/product"}],"about":[{"href":"https:\/\/birdofparadise.pt\/es\/wp-json\/wp\/v2\/types\/product"}],"replies":[{"embeddable":true,"href":"https:\/\/birdofparadise.pt\/es\/wp-json\/wp\/v2\/comments?post=8244"}],"version-history":[{"count":0,"href":"https:\/\/birdofparadise.pt\/es\/wp-json\/wp\/v2\/product\/8244\/revisions"}],"wp:featuredmedia":[{"embeddable":true,"href":"https:\/\/birdofparadise.pt\/es\/wp-json\/wp\/v2\/media\/17774"}],"wp:attachment":[{"href":"https:\/\/birdofparadise.pt\/es\/wp-json\/wp\/v2\/media?parent=8244"}],"wp:term":[{"taxonomy":"product_cat","embeddable":true,"href":"https:\/\/birdofparadise.pt\/es\/wp-json\/wp\/v2\/product_cat?post=8244"},{"taxonomy":"product_tag","embeddable":true,"href":"https:\/\/birdofparadise.pt\/es\/wp-json\/wp\/v2\/product_tag?post=8244"}],"curies":[{"name":"wp","href":"https:\/\/api.w.org\/{rel}","templated":true}]}}