{"id":8245,"date":"2023-10-21T10:43:43","date_gmt":"2023-10-21T09:43:43","guid":{"rendered":"https:\/\/birdofparadise.pt\/produit\/te-pu-erh-ecologico\/"},"modified":"2025-03-31T18:24:28","modified_gmt":"2025-03-31T17:24:28","slug":"te-pu-erh","status":"publish","type":"product","link":"https:\/\/birdofparadise.pt\/es\/produit\/te-pu-erh-ecologico\/","title":{"rendered":"T\u00e9 Pu Erh"},"content":{"rendered":"<p>T\u00e9 Pu Erh: t\u00e9 rojo con cuerpo. Licor terroso y taza oscura.<\/p>\n<p><strong>Ingredientes: <\/strong>100% Pu Erh natural*.<\/p>\n<p>*Ingredientes procedentes de la agricultura ecol\u00f3gica FR-BIO-01 (Certificado conforme al reglamento europeo sobre agricultura ecol\u00f3gica. Agricultura de la UE \/Agricultura fuera de la UE). Producto no certificado ecol\u00f3gico en su forma final (envase). <\/p>\n<p><em><strong>Dosificaci\u00f3n <\/strong><\/em> : 12 g\/L<br \/>\n<em><strong>Tiempo de infusi\u00f3n<\/strong><\/em> 4 &#8211; 5 minutos<br \/>\n<em><strong>Temperatura de cocci\u00f3n<\/strong><\/em> : 100\u00b0 C<\/p>\n","protected":false},"excerpt":{"rendered":"<p>El t\u00e9 Pu erh (tambi\u00e9n conocido como t\u00e9 negro en China) es un t\u00e9 fermentado elaborado con Camellia Sinensis, una planta de t\u00e9 que se cultiva en la regi\u00f3n china de Yunnan desde hace miles de a\u00f1os. Debe su nombre a la ciudad de Pu erh, ancestral centro comercial de la provincia de Yunnan. Lo reconocer\u00e1s por su color rojo oscuro, su sabor amaderado y sus delicadas notas espumosas.<\/p>\n<p>La tradici\u00f3n china reconoce los beneficios del pu erh desde la noche de los tiempos.<\/p>\n<ul>\n<li>Se utiliza sobre todo por su acci\u00f3n sobre la digesti\u00f3n.<\/li>\n<li>Tambi\u00e9n se le atribuye un efecto desintoxicante y favorece la p\u00e9rdida de peso.<\/li>\n<\/ul>\n<p>&nbsp;<\/p>\n","protected":false},"featured_media":17819,"comment_status":"open","ping_status":"closed","template":"","meta":[],"product_cat":[182,150,166,185],"product_tag":[214],"class_list":{"0":"post-8245","1":"product","2":"type-product","3":"status-publish","4":"has-post-thumbnail","6":"product_brand-bird-of-paradise","7":"product_cat-tes-pu-erh-es","8":"product_cat-china-es","9":"product_cat-tes-clasicos-es","10":"product_cat-tes-terapeuticos-es","11":"product_tag-tes-pu-erh","13":"first","14":"instock","15":"taxable","16":"shipping-taxable","17":"purchasable","18":"product-type-variable"},"_links":{"self":[{"href":"https:\/\/birdofparadise.pt\/es\/wp-json\/wp\/v2\/product\/8245","targetHints":{"allow":["GET"]}}],"collection":[{"href":"https:\/\/birdofparadise.pt\/es\/wp-json\/wp\/v2\/product"}],"about":[{"href":"https:\/\/birdofparadise.pt\/es\/wp-json\/wp\/v2\/types\/product"}],"replies":[{"embeddable":true,"href":"https:\/\/birdofparadise.pt\/es\/wp-json\/wp\/v2\/comments?post=8245"}],"version-history":[{"count":0,"href":"https:\/\/birdofparadise.pt\/es\/wp-json\/wp\/v2\/product\/8245\/revisions"}],"wp:featuredmedia":[{"embeddable":true,"href":"https:\/\/birdofparadise.pt\/es\/wp-json\/wp\/v2\/media\/17819"}],"wp:attachment":[{"href":"https:\/\/birdofparadise.pt\/es\/wp-json\/wp\/v2\/media?parent=8245"}],"wp:term":[{"taxonomy":"product_cat","embeddable":true,"href":"https:\/\/birdofparadise.pt\/es\/wp-json\/wp\/v2\/product_cat?post=8245"},{"taxonomy":"product_tag","embeddable":true,"href":"https:\/\/birdofparadise.pt\/es\/wp-json\/wp\/v2\/product_tag?post=8245"}],"curies":[{"name":"wp","href":"https:\/\/api.w.org\/{rel}","templated":true}]}}