{"id":8274,"date":"2023-12-17T17:30:56","date_gmt":"2023-12-17T16:30:56","guid":{"rendered":"https:\/\/birdofparadise.pt\/?post_type=product&#038;p=8274"},"modified":"2025-04-01T11:07:15","modified_gmt":"2025-04-01T10:07:15","slug":"te-negro-indio","status":"publish","type":"product","link":"https:\/\/birdofparadise.pt\/es\/produit\/te-negro-indio\/","title":{"rendered":"T\u00e9 negro indio"},"content":{"rendered":"<p><strong>Ingredientes<\/strong> : T\u00e9 negro indio sin aromatizar*.<\/p>\n<p><strong>Origen:<\/strong> India, regi\u00f3n de Kerala, Comercio Justo<\/p>\n<p>*Ingredientes procedentes de la agricultura ecol\u00f3gica FR-BIO-01 (Certificado conforme al reglamento europeo sobre agricultura ecol\u00f3gica. Agricultura de la UE \/Agricultura fuera de la UE). Producto no certificado ecol\u00f3gico en su forma final (envase). <\/p>\n<h6>Consejos de preparaci\u00f3n:<\/h6>\n<ul>\n<li><em><strong>Dosificaci\u00f3n:<\/strong><\/em> 12 &#8211; 15 g\/L<\/li>\n<li><em><strong>Tiempo de infusi\u00f3n :<\/strong><\/em> 3 &#8211; 5 minutos<\/li>\n<li><strong><em>Temperatura de cocci\u00f3n<\/em><\/strong> : 100\u00b0 C<\/li>\n<\/ul>\n","protected":false},"excerpt":{"rendered":"<p>Este t\u00e9 negro indio procede de la regi\u00f3n de Kerala, en el suroeste de la India. Esta variedad de t\u00e9 se cultiva y consume desde hace siglos en esta regi\u00f3n, donde suele prepararse con cierto dulzor y sabor caracter\u00edstico.<\/p>\n<p>Este t\u00e9 negro de la India tiene un delicado sabor a medio camino entre el t\u00e9 negro y el verde, con notas de frutos rojos y flores frescas. Suele ser menos fuerte que otras variedades de t\u00e9 negro y tiene un sabor m\u00e1s sutil y refrescante.<\/p>\n<p>Beneficios del t\u00e9 negro indio :<\/p>\n<p>Este t\u00e9 negro indio, como todos los t\u00e9s, es rico en antioxidantes que protegen al organismo de los da\u00f1os causados por los radicales libres. Tambi\u00e9n contiene flavonoides y polifenoles que pueden ayudar a reducir la inflamaci\u00f3n y mejorar la salud cardiovascular. Adem\u00e1s, es rico en cafe\u00edna, que puede ayudar a estimular el metabolismo y aumentar la atenci\u00f3n y la concentraci\u00f3n.<\/p>\n<p>Para preparar t\u00e9 negro indio, calienta agua hasta que hierva y d\u00e9jala enfriar un poco antes de verterla en una taza. A\u00f1ada az\u00facar o miel y leche (si lo prefiere) y agite bien para que se formen gotas de l\u00edquido en las hojas. Dejar infusionar unos minutos y servir caliente o a temperatura ambiente. Puedes a\u00f1adir especias como cardamomo o pimienta negra para realzar el sabor \u00fanico del t\u00e9 negro indio.<\/p>\n","protected":false},"featured_media":17942,"comment_status":"open","ping_status":"closed","template":"","meta":[],"product_cat":[169,152,174],"product_tag":[],"class_list":{"0":"post-8274","1":"product","2":"type-product","3":"status-publish","4":"has-post-thumbnail","6":"product_brand-bird-of-paradise","7":"product_cat-tes-negros-es","8":"product_cat-india-es","9":"product_cat-tes-de-desayuno-es","11":"first","12":"outofstock","13":"taxable","14":"shipping-taxable","15":"product-type-variable"},"_links":{"self":[{"href":"https:\/\/birdofparadise.pt\/es\/wp-json\/wp\/v2\/product\/8274","targetHints":{"allow":["GET"]}}],"collection":[{"href":"https:\/\/birdofparadise.pt\/es\/wp-json\/wp\/v2\/product"}],"about":[{"href":"https:\/\/birdofparadise.pt\/es\/wp-json\/wp\/v2\/types\/product"}],"replies":[{"embeddable":true,"href":"https:\/\/birdofparadise.pt\/es\/wp-json\/wp\/v2\/comments?post=8274"}],"version-history":[{"count":0,"href":"https:\/\/birdofparadise.pt\/es\/wp-json\/wp\/v2\/product\/8274\/revisions"}],"wp:featuredmedia":[{"embeddable":true,"href":"https:\/\/birdofparadise.pt\/es\/wp-json\/wp\/v2\/media\/17942"}],"wp:attachment":[{"href":"https:\/\/birdofparadise.pt\/es\/wp-json\/wp\/v2\/media?parent=8274"}],"wp:term":[{"taxonomy":"product_cat","embeddable":true,"href":"https:\/\/birdofparadise.pt\/es\/wp-json\/wp\/v2\/product_cat?post=8274"},{"taxonomy":"product_tag","embeddable":true,"href":"https:\/\/birdofparadise.pt\/es\/wp-json\/wp\/v2\/product_tag?post=8274"}],"curies":[{"name":"wp","href":"https:\/\/api.w.org\/{rel}","templated":true}]}}