{"id":8289,"date":"2023-12-17T18:43:37","date_gmt":"2023-12-17T17:43:37","guid":{"rendered":"https:\/\/birdofparadise.pt\/?post_type=product&#038;p=8289"},"modified":"2025-04-01T15:57:42","modified_gmt":"2025-04-01T14:57:42","slug":"hoja-cortada-de-hierba-limon","status":"publish","type":"product","link":"https:\/\/birdofparadise.pt\/es\/produit\/limonero-hoja-cortada-bio\/","title":{"rendered":"hoja cortada de limonero"},"content":{"rendered":"<p>Hoja cortada de Hierba lim\u00f3n*.<\/p>\n<p>*Ingredientes procedentes de la agricultura ecol\u00f3gica FR-BIO-01 (Certificado conforme al reglamento europeo sobre agricultura ecol\u00f3gica. Agricultura de la UE \/Agricultura fuera de la UE). Producto no certificado ecol\u00f3gico en su forma final (envase). <\/p>\n<p><strong>ORIGEN:<\/strong> Portugal<\/p>\n<p><strong>Nombre latino : <\/strong><strong><i>Cymbopogon citratus<\/i><\/strong><\/p>\n<h6>Consejos de preparaci\u00f3n:<\/h6>\n<ul>\n<li><em><strong>Dosificaci\u00f3n : <\/strong><\/em>12 &#8211; 15 g\/L<\/li>\n<li><em><strong>Tiempo de infusi\u00f3n<\/strong><\/em> 2 &#8211; 4 minutos<\/li>\n<li><em><strong>Temperatura de cocci\u00f3n<\/strong><\/em> : 80\u00b0 C<\/li>\n<\/ul>\n","protected":false},"excerpt":{"rendered":"<p>La hierba lim\u00f3n es una planta arom\u00e1tica muy utilizada en la cocina del sudeste asi\u00e1tico. El Cymbopogon citratus, que posee numerosas virtudes en fitoterapia, se utiliza habitualmente en tisanas por sus propiedades digestivas (antiespasm\u00f3dicas y calmantes), hipotensoras y antiinflamatorias, y para tratar el estr\u00e9s, la ansiedad y el insomnio (efecto hipotensor y antiespasm\u00f3dico). <\/p>\n<p>Tambi\u00e9n es eficaz en el tratamiento de la gripe, la fiebre y los resfriados (acci\u00f3n bactericida).<\/p>\n<p>Para qu\u00e9 sirve:<\/p>\n<p>La hierba lim\u00f3n puede a\u00f1adirse al agua del ba\u00f1o para combatir la fatiga nerviosa y los episodios de fiebre. En caso de gripe o resfriado, se recomienda tomar 3 tazas de infusi\u00f3n de hierba lim\u00f3n (1 cucharada por taza) al d\u00eda, o una taza despu\u00e9s de las comidas para facilitar la digesti\u00f3n. <\/p>\n<p>Precauciones que deben tomarse:<\/p>\n<p>Mantener fuera del alcance de los ni\u00f1os. Las mujeres embarazadas o en periodo de lactancia y los ni\u00f1os menores de tres a\u00f1os no deben consumir citronela. Antes de utilizarlas internamente, es aconsejable filtrar las infusiones de hierba lim\u00f3n, ya que contienen microfilamentos que pueden irritar la garganta.  <\/p>\n","protected":false},"featured_media":18080,"comment_status":"open","ping_status":"closed","template":"","meta":[],"product_cat":[192,178,185],"product_tag":[],"class_list":{"0":"post-8289","1":"product","2":"type-product","3":"status-publish","4":"has-post-thumbnail","6":"product_brand-bird-of-paradise","7":"product_cat-infusiones-es","8":"product_cat-tes-de-primavera-es","9":"product_cat-tes-terapeuticos-es","11":"first","12":"instock","13":"taxable","14":"shipping-taxable","15":"purchasable","16":"product-type-variable"},"_links":{"self":[{"href":"https:\/\/birdofparadise.pt\/es\/wp-json\/wp\/v2\/product\/8289","targetHints":{"allow":["GET"]}}],"collection":[{"href":"https:\/\/birdofparadise.pt\/es\/wp-json\/wp\/v2\/product"}],"about":[{"href":"https:\/\/birdofparadise.pt\/es\/wp-json\/wp\/v2\/types\/product"}],"replies":[{"embeddable":true,"href":"https:\/\/birdofparadise.pt\/es\/wp-json\/wp\/v2\/comments?post=8289"}],"version-history":[{"count":0,"href":"https:\/\/birdofparadise.pt\/es\/wp-json\/wp\/v2\/product\/8289\/revisions"}],"wp:featuredmedia":[{"embeddable":true,"href":"https:\/\/birdofparadise.pt\/es\/wp-json\/wp\/v2\/media\/18080"}],"wp:attachment":[{"href":"https:\/\/birdofparadise.pt\/es\/wp-json\/wp\/v2\/media?parent=8289"}],"wp:term":[{"taxonomy":"product_cat","embeddable":true,"href":"https:\/\/birdofparadise.pt\/es\/wp-json\/wp\/v2\/product_cat?post=8289"},{"taxonomy":"product_tag","embeddable":true,"href":"https:\/\/birdofparadise.pt\/es\/wp-json\/wp\/v2\/product_tag?post=8289"}],"curies":[{"name":"wp","href":"https:\/\/api.w.org\/{rel}","templated":true}]}}