{"id":8302,"date":"2023-12-13T17:38:40","date_gmt":"2023-12-13T16:38:40","guid":{"rendered":"https:\/\/birdofparadise.pt\/?post_type=product&#038;p=8302"},"modified":"2025-04-01T17:01:22","modified_gmt":"2025-04-01T16:01:22","slug":"te-negro-english-breakfast","status":"publish","type":"product","link":"https:\/\/birdofparadise.pt\/es\/produit\/te-negro-english-breakfast\/","title":{"rendered":"T\u00e9 negro English Breakfast"},"content":{"rendered":"<h6><strong><span style=\"vertical-align: inherit;\"><span style=\"vertical-align: inherit;\">T\u00e9 negro English Breakfast<br \/>\n<\/span><\/span><\/strong><\/h6>\n<p><strong><span style=\"vertical-align: inherit;\"><span style=\"vertical-align: inherit;\">Ingredientes :<\/span><\/span><\/strong><span style=\"vertical-align: inherit;\"><span style=\"vertical-align: inherit;\"> T\u00e9 negro 100% a granel, mezcla de diferentes t\u00e9s org\u00e1nicos de Assam* y Ceil\u00e1n*.<\/span><\/span><\/p>\n<p>*Ingredientes procedentes de la agricultura ecol\u00f3gica FR-BIO-01 (Certificado conforme al reglamento europeo sobre agricultura ecol\u00f3gica. Agricultura de la UE \/Agricultura fuera de la UE). Producto no certificado ecol\u00f3gico en su forma final (envase). <\/p>\n<h6>Consejos de preparaci\u00f3n:<\/h6>\n<ul>\n<li><em><strong><span style=\"vertical-align: inherit;\"><span style=\"vertical-align: inherit;\">Dosificaci\u00f3n<\/span><\/span><\/strong><\/em><span style=\"vertical-align: inherit;\"><span style=\"vertical-align: inherit;\"> 12 g\/L<\/span><\/span><\/li>\n<li><em><strong><span style=\"vertical-align: inherit;\"><span style=\"vertical-align: inherit;\">Tiempo de infusi\u00f3n<\/span><\/span><\/strong><\/em><span style=\"vertical-align: inherit;\"><span style=\"vertical-align: inherit;\"> 3 &#8211; 5 minutos<\/span><\/span><\/li>\n<li><strong><em><span style=\"vertical-align: inherit;\"><span style=\"vertical-align: inherit;\">Temperatura de cocci\u00f3n<\/span><\/span><\/em><\/strong><span style=\"vertical-align: inherit;\"><span style=\"vertical-align: inherit;\"> : 100\u00b0 C<\/span><\/span><\/li>\n<\/ul>\n","protected":false},"excerpt":{"rendered":"<p><span style=\"vertical-align: inherit;\"><span style=\"vertical-align: inherit;\">El t\u00e9 negro English Breakfast se cre\u00f3 en el siglo XIX para las clases altas brit\u00e1nicas, que buscaban una bebida fuerte y reconfortante para empezar el d\u00eda. Generalmente se elaboraba con tres tipos distintos de hoja de t\u00e9, Assam, Kenia y Sri Lanka (Ceil\u00e1n), molidos juntos. Hoy en d\u00eda, el t\u00e9 negro English Breakfast sigue siendo muy popular en el Reino Unido y en todo el mundo, sobre todo por su fuerte sabor y rico aroma.<\/span><\/span><\/p>\n<p><span style=\"vertical-align: inherit;\"><span style=\"vertical-align: inherit;\">Aqu\u00ed te ofrecemos un T\u00e9 Negro English Breakfast elaborado con una combinaci\u00f3n \u00fanica de dos de los mejores t\u00e9s del mundo: Assam y Ceil\u00e1n, ambos de cultivo ecol\u00f3gico:<\/span><\/span><\/p>\n<ul>\n<li><span style=\"vertical-align: inherit;\"><span style=\"vertical-align: inherit;\">Assam: un campo de t\u00e9 del noreste de la India, conocido por su sabor malteado y con cuerpo. Las hojas de t\u00e9 de Assam se muelen para darles un sabor intenso y un rico aroma; <\/span><\/span><\/li>\n<li><span style=\"vertical-align: inherit;\"><span style=\"vertical-align: inherit;\">Ceil\u00e1n (Sri Lanka): Un campo de t\u00e9 en Sri Lanka, conocido por su sabor dulce y arom\u00e1tico. Las hojas de t\u00e9 de Ceil\u00e1n se seleccionan y muelen cuidadosamente para ofrecer un sabor intenso y un aroma agradable.<\/span><\/span><\/li>\n<\/ul>\n<p><span style=\"vertical-align: inherit;\"><span style=\"vertical-align: inherit;\">Para una experiencia de sabor \u00fanica y muy brit\u00e1nica, recomendamos infusionar en agua hirviendo y probar cada pocos minutos hasta encontrar el tiempo de infusi\u00f3n que m\u00e1s le convenga. Su licor dorado tiene un sabor muy arom\u00e1tico.<\/span><\/span><\/p>\n","protected":false},"featured_media":18105,"comment_status":"open","ping_status":"closed","template":"","meta":[],"product_cat":[169,145,166,174],"product_tag":[],"class_list":{"0":"post-8302","1":"product","2":"type-product","3":"status-publish","4":"has-post-thumbnail","6":"product_brand-bird-of-paradise","7":"product_cat-tes-negros-es","8":"product_cat-agricultura-biologica-es","9":"product_cat-tes-clasicos-es","10":"product_cat-tes-de-desayuno-es","12":"first","13":"outofstock","14":"taxable","15":"shipping-taxable","16":"product-type-variable"},"_links":{"self":[{"href":"https:\/\/birdofparadise.pt\/es\/wp-json\/wp\/v2\/product\/8302","targetHints":{"allow":["GET"]}}],"collection":[{"href":"https:\/\/birdofparadise.pt\/es\/wp-json\/wp\/v2\/product"}],"about":[{"href":"https:\/\/birdofparadise.pt\/es\/wp-json\/wp\/v2\/types\/product"}],"replies":[{"embeddable":true,"href":"https:\/\/birdofparadise.pt\/es\/wp-json\/wp\/v2\/comments?post=8302"}],"version-history":[{"count":0,"href":"https:\/\/birdofparadise.pt\/es\/wp-json\/wp\/v2\/product\/8302\/revisions"}],"wp:featuredmedia":[{"embeddable":true,"href":"https:\/\/birdofparadise.pt\/es\/wp-json\/wp\/v2\/media\/18105"}],"wp:attachment":[{"href":"https:\/\/birdofparadise.pt\/es\/wp-json\/wp\/v2\/media?parent=8302"}],"wp:term":[{"taxonomy":"product_cat","embeddable":true,"href":"https:\/\/birdofparadise.pt\/es\/wp-json\/wp\/v2\/product_cat?post=8302"},{"taxonomy":"product_tag","embeddable":true,"href":"https:\/\/birdofparadise.pt\/es\/wp-json\/wp\/v2\/product_tag?post=8302"}],"curies":[{"name":"wp","href":"https:\/\/api.w.org\/{rel}","templated":true}]}}