{"id":8308,"date":"2023-12-17T17:58:28","date_gmt":"2023-12-17T16:58:28","guid":{"rendered":"https:\/\/birdofparadise.pt\/?post_type=product&#038;p=8308"},"modified":"2025-04-01T15:07:02","modified_gmt":"2025-04-01T14:07:02","slug":"te-de-hierbas-para-mejorar-el-transito","status":"publish","type":"product","link":"https:\/\/birdofparadise.pt\/es\/produit\/tisana-para-mejorar-el-transito\/","title":{"rendered":"T\u00e9 de hierbas para mejorar el tr\u00e1nsito"},"content":{"rendered":"<p><strong>Tisana para mejorar el tr\u00e1nsito:<\/strong><\/p>\n<p><strong>Ingredientes : <\/strong>Malvavisco, cortado*; Malva, cortada*; Fresno, cortado*; Badiana, triturada*; Hinojo dulce, cortado*.<\/p>\n<p>*Ingredientes procedentes de la agricultura ecol\u00f3gica FR-BIO-01 (Certificado conforme al reglamento europeo sobre agricultura ecol\u00f3gica. Agricultura de la UE \/Agricultura fuera de la UE). Producto no certificado ecol\u00f3gico en su forma final (envase). <\/p>\n<h6>Consejos de preparaci\u00f3n:<\/h6>\n<ul>\n<li><strong><em>Dosificaci\u00f3n<\/em><\/strong>: 6 g\/L<\/li>\n<li><strong><em>Tiempo de infusi\u00f3n<\/em><\/strong>: 7 &#8211; 10 minutos<\/li>\n<li><strong><em>Temperatura de infusi\u00f3n<\/em><\/strong>: 100\u00b0C<\/li>\n<\/ul>\n<p><strong>Consejos de utilizaci\u00f3n <\/strong>: Se sabe que el fruto dulce del hinojo contribuye al buen tr\u00e1nsito intestinal. Para una toma diaria de 6 gramos de esta mezcla.<\/p>\n<p><strong>Contraindicaciones: <\/strong>No recomendado para ni\u00f1os menores de 12 a\u00f1os.<\/p>\n","protected":false},"excerpt":{"rendered":"<p>Esta tisana para mejorar el tr\u00e1nsito est\u00e1 elaborada con plantas seleccionadas por su eficacia en el tratamiento de los problemas del tr\u00e1nsito digestivo.<\/p>\n<ul>\n<li>El malvavisco cortado y la hoja de malva cortada son conocidos por sus propiedades calmantes y antiinflamatorias;<\/li>\n<li>Las hojas de fresno de calidad extra cortadas aportan la fibra esencial para un tr\u00e1nsito regular;<\/li>\n<li>La hoja de malva cortada es conocida por sus propiedades calmantes y antiinflamatorias, que pueden ayudar a reducir la inflamaci\u00f3n del tracto gastrointestinal. Tambi\u00e9n puede ayudar a calmar los espasmos intestinales y mejorar la circulaci\u00f3n del agua en el organismo.<\/li>\n<li>El an\u00eds estrellado triturado es conocido por su acci\u00f3n antiespasm\u00f3dica, que puede ayudar a reducir los espasmos del aparato digestivo. Tambi\u00e9n contiene propiedades antimicrobianas, que pueden ayudar a eliminar las bacterias nocivas del tracto gastrointestinal.<\/li>\n<li>El fruto del hinojo dulce triturado es reconocido por su contribuci\u00f3n a un tr\u00e1nsito intestinal sano y ayuda a evacuar el agua de forma natural. Esta tisana es perfecta para quienes sufren estre\u00f1imiento u otros problemas de tr\u00e1nsito digestivo. Puede consumirse a diario, pero no m\u00e1s de dos tazas al d\u00eda.<\/li>\n<\/ul>\n","protected":false},"featured_media":17971,"comment_status":"open","ping_status":"closed","template":"","meta":[],"product_cat":[192,185],"product_tag":[],"class_list":{"0":"post-8308","1":"product","2":"type-product","3":"status-publish","4":"has-post-thumbnail","6":"product_brand-bird-of-paradise","7":"product_cat-infusiones-es","8":"product_cat-tes-terapeuticos-es","10":"first","11":"instock","12":"taxable","13":"shipping-taxable","14":"purchasable","15":"product-type-variable"},"_links":{"self":[{"href":"https:\/\/birdofparadise.pt\/es\/wp-json\/wp\/v2\/product\/8308","targetHints":{"allow":["GET"]}}],"collection":[{"href":"https:\/\/birdofparadise.pt\/es\/wp-json\/wp\/v2\/product"}],"about":[{"href":"https:\/\/birdofparadise.pt\/es\/wp-json\/wp\/v2\/types\/product"}],"replies":[{"embeddable":true,"href":"https:\/\/birdofparadise.pt\/es\/wp-json\/wp\/v2\/comments?post=8308"}],"version-history":[{"count":0,"href":"https:\/\/birdofparadise.pt\/es\/wp-json\/wp\/v2\/product\/8308\/revisions"}],"wp:featuredmedia":[{"embeddable":true,"href":"https:\/\/birdofparadise.pt\/es\/wp-json\/wp\/v2\/media\/17971"}],"wp:attachment":[{"href":"https:\/\/birdofparadise.pt\/es\/wp-json\/wp\/v2\/media?parent=8308"}],"wp:term":[{"taxonomy":"product_cat","embeddable":true,"href":"https:\/\/birdofparadise.pt\/es\/wp-json\/wp\/v2\/product_cat?post=8308"},{"taxonomy":"product_tag","embeddable":true,"href":"https:\/\/birdofparadise.pt\/es\/wp-json\/wp\/v2\/product_tag?post=8308"}],"curies":[{"name":"wp","href":"https:\/\/api.w.org\/{rel}","templated":true}]}}