{"id":8325,"date":"2023-12-17T18:26:06","date_gmt":"2023-12-17T17:26:06","guid":{"rendered":"https:\/\/birdofparadise.pt\/?post_type=product&#038;p=8325"},"modified":"2025-04-01T15:07:14","modified_gmt":"2025-04-01T14:07:14","slug":"te-ayurvedico-de-hierbas-serenity","status":"publish","type":"product","link":"https:\/\/birdofparadise.pt\/es\/produit\/infusion-ayurvedica-serenity\/","title":{"rendered":"T\u00e9 ayurv\u00e9dico de hierbas Serenity"},"content":{"rendered":"<p><strong>Infusi\u00f3n ayurv\u00e9dica Serenity : <\/strong><\/p>\n<p><strong>Porci\u00f3n sugerida<\/strong>: cura de desintoxicaci\u00f3n de 28 d\u00edas. Caliente o helado.<\/p>\n<p><strong>Ingredientes : <\/strong>Manzana*, lemongrass*, hinojo*, alcaravea*, melisa*, granos de cacao triturados*, manzanilla*, chokeberry*, coneflower p\u00farpura*, tulsi*, aciano*.<\/p>\n<p>*Ingredientes procedentes de la agricultura ecol\u00f3gica FR-BIO-01 (Certificado conforme al reglamento europeo sobre agricultura ecol\u00f3gica. Agricultura de la UE \/Agricultura fuera de la UE). Producto no certificado ecol\u00f3gico en su forma final (envase). <\/p>\n<h6>Consejos de preparaci\u00f3n:<\/h6>\n<ul>\n<li><em><strong>Dosificaci\u00f3n<\/strong><\/em> 15 &#8211; 20 g\/L<\/li>\n<li><em><strong>Tiempo de infusi\u00f3n<\/strong><\/em> 7 &#8211; 10 minutos<\/li>\n<li><strong><em>Temperatura de infusi\u00f3n<\/em><\/strong> : 100 \u00b0 C<\/li>\n<\/ul>\n","protected":false},"excerpt":{"rendered":"<p>\u00bfBusca un poco de calma y serenidad en su vida? No busque m\u00e1s: \u00a1nuestra tisana ayurv\u00e9dica Serenity! Esta relajante mezcla es perfecta para antes o despu\u00e9s de una sesi\u00f3n de yoga o meditaci\u00f3n, ya que le ayudar\u00e1 a sentirse m\u00e1s relajado y centrado.<\/p>\n<p>Nuestro t\u00e9 ayurv\u00e9dico de hierbas Serenity est\u00e1 elaborado con ingredientes org\u00e1nicos totalmente naturales que trabajan juntos para desintoxicar suavemente su cuerpo, limpiar sus canales de energ\u00eda y estimular su metabolismo, mente y cuerpo.<\/p>\n<p>Con su relajante mezcla de granada, manzanilla, hinojo, alcaravea, melisa, granos de cacao, bayas de aronia, ar\u00e1ndano rojo y albahaca santa (tulsi), este t\u00e9 le ayudar\u00e1 a relajarse y a liberar el estr\u00e9s o la tensi\u00f3n que pueda sentir.<\/p>\n<p>Disfrute hoy mismo de la calma de nuestro t\u00e9 ayurv\u00e9dico Serenity. Es una forma deliciosa de recuperar la calma interior y lograr un mayor equilibrio en tu vida.<\/p>\n","protected":false},"featured_media":17980,"comment_status":"open","ping_status":"closed","template":"","meta":[],"product_cat":[192,185],"product_tag":[],"class_list":{"0":"post-8325","1":"product","2":"type-product","3":"status-publish","4":"has-post-thumbnail","6":"product_brand-bird-of-paradise","7":"product_cat-infusiones-es","8":"product_cat-tes-terapeuticos-es","10":"first","11":"instock","12":"taxable","13":"shipping-taxable","14":"purchasable","15":"product-type-variable"},"_links":{"self":[{"href":"https:\/\/birdofparadise.pt\/es\/wp-json\/wp\/v2\/product\/8325","targetHints":{"allow":["GET"]}}],"collection":[{"href":"https:\/\/birdofparadise.pt\/es\/wp-json\/wp\/v2\/product"}],"about":[{"href":"https:\/\/birdofparadise.pt\/es\/wp-json\/wp\/v2\/types\/product"}],"replies":[{"embeddable":true,"href":"https:\/\/birdofparadise.pt\/es\/wp-json\/wp\/v2\/comments?post=8325"}],"version-history":[{"count":0,"href":"https:\/\/birdofparadise.pt\/es\/wp-json\/wp\/v2\/product\/8325\/revisions"}],"wp:featuredmedia":[{"embeddable":true,"href":"https:\/\/birdofparadise.pt\/es\/wp-json\/wp\/v2\/media\/17980"}],"wp:attachment":[{"href":"https:\/\/birdofparadise.pt\/es\/wp-json\/wp\/v2\/media?parent=8325"}],"wp:term":[{"taxonomy":"product_cat","embeddable":true,"href":"https:\/\/birdofparadise.pt\/es\/wp-json\/wp\/v2\/product_cat?post=8325"},{"taxonomy":"product_tag","embeddable":true,"href":"https:\/\/birdofparadise.pt\/es\/wp-json\/wp\/v2\/product_tag?post=8325"}],"curies":[{"name":"wp","href":"https:\/\/api.w.org\/{rel}","templated":true}]}}