{"id":177,"date":"2023-05-12T07:43:02","date_gmt":"2023-05-12T07:43:02","guid":{"rendered":"https:\/\/demo2wpopal.b-cdn.net\/teapoz\/?page_id=177"},"modified":"2024-03-13T20:23:20","modified_gmt":"2024-03-13T19:23:20","slug":"qui-nous-sommes","status":"publish","type":"page","link":"https:\/\/birdofparadise.pt\/fr\/qui-nous-sommes\/","title":{"rendered":"Qui nous sommes?"},"content":{"rendered":"\t\t<div data-elementor-type=\"wp-page\" data-elementor-id=\"177\" class=\"elementor elementor-177\">\n\t\t\t\t<div class=\"elementor-element elementor-element-01ef04d e-grid e-con-boxed e-con e-parent\" data-id=\"01ef04d\" data-element_type=\"container\" data-e-type=\"container\">\n\t\t\t\t\t<div class=\"e-con-inner\">\n\t\t\t\t<div class=\"elementor-element elementor-element-d6961d4 elementor-widget elementor-widget-image\" data-id=\"d6961d4\" data-element_type=\"widget\" data-e-type=\"widget\" data-widget_type=\"image.default\">\n\t\t\t\t<div class=\"elementor-widget-container\">\n\t\t\t\t\t\t\t\t\t\t\t\t\t\t\t<img fetchpriority=\"high\" decoding=\"async\" width=\"1280\" height=\"854\" src=\"https:\/\/birdofparadise.pt\/wp-content\/uploads\/2023\/05\/photo_2023-09-12_21-35-15.jpg\" class=\"attachment-full size-full wp-image-6199\" alt=\"Qui nous sommes?\" srcset=\"https:\/\/birdofparadise.pt\/wp-content\/uploads\/2023\/05\/photo_2023-09-12_21-35-15.jpg 1280w, https:\/\/birdofparadise.pt\/wp-content\/uploads\/2023\/05\/photo_2023-09-12_21-35-15-300x200.jpg 300w, https:\/\/birdofparadise.pt\/wp-content\/uploads\/2023\/05\/photo_2023-09-12_21-35-15-1024x683.jpg 1024w, https:\/\/birdofparadise.pt\/wp-content\/uploads\/2023\/05\/photo_2023-09-12_21-35-15-768x512.jpg 768w, https:\/\/birdofparadise.pt\/wp-content\/uploads\/2023\/05\/photo_2023-09-12_21-35-15-1200x800.jpg 1200w, https:\/\/birdofparadise.pt\/wp-content\/uploads\/2023\/05\/photo_2023-09-12_21-35-15-600x400.jpg 600w, https:\/\/birdofparadise.pt\/wp-content\/uploads\/2023\/05\/photo_2023-09-12_21-35-15-850x567.jpg 850w\" sizes=\"(max-width: 1280px) 100vw, 1280px\" \/>\t\t\t\t\t\t\t\t\t\t\t\t\t\t\t<\/div>\n\t\t\t\t<\/div>\n\t\t\t\t<div class=\"elementor-element elementor-element-8cfb05d elementor-widget elementor-widget-text-editor\" data-id=\"8cfb05d\" data-element_type=\"widget\" data-e-type=\"widget\" data-widget_type=\"text-editor.default\">\n\t\t\t\t<div class=\"elementor-widget-container\">\n\t\t\t\t\t\t\t\t\t<h4>Qui nous sommes<\/h4>\n<p>Bienvenue chez Bird of Paradise, une entreprise familiale n\u00e9e de notre passion commune pour le th\u00e9 et la sant\u00e9. Chez nous, chaque tasse de th\u00e9 est bien plus qu&rsquo;une simple boisson. C&rsquo;est une invitation \u00e0 embrasser une vie \u00e9quilibr\u00e9e, \u00e0 nourrir le corps et l&rsquo;esprit, et \u00e0 cultiver une harmonie essentielle pour une sant\u00e9 durable.<\/p>\n<h5>Notre Histoire<\/h5>\n<p>Fond\u00e9e en famille, Bird of Paradise est le fruit d&rsquo;une passion profonde pour le th\u00e9, associ\u00e9e \u00e0 notre engagement envers la qualit\u00e9, l&rsquo;agriculture biologique et des m\u00e9thodes de production respectueuses de l&rsquo;environnement. Nous croyons fermement en l&rsquo;id\u00e9e que ce que nous consommons a un impact direct sur notre bien-\u00eatre.<\/p>\n<h5>Notre Vision<\/h5>\n<p>Nous nous effor\u00e7ons d&rsquo;offrir \u00e0 nos clients des th\u00e9s d&rsquo;une qualit\u00e9 exceptionnelle, cultiv\u00e9s de mani\u00e8re biologique et durable. Notre engagement envers des pratiques respectueuses de l&rsquo;environnement va de pair avec notre conviction en la puissance des plantes pour promouvoir la sant\u00e9.<\/p>\n<h5>La Puissance des Plantes<\/h5>\n<p>Dans un monde o\u00f9 l&rsquo;alimentation industrielle et la m\u00e9decine allopathique r\u00e9v\u00e8lent leurs limites, nous croyons en la force des th\u00e9rapies \u00e0 base de plantes. Notre s\u00e9lection de th\u00e9s n&rsquo;est pas seulement une invitation \u00e0 savourer des saveurs exquises, mais aussi un voyage vers une vie plus saine et \u00e9quilibr\u00e9e.<\/p>\n<h5>Retrouver l&rsquo;Harmonie<\/h5>\n<p>Nous croyons en la n\u00e9cessit\u00e9 de retrouver un rapport sain avec notre corps et notre esprit. Le th\u00e9, en tant que rem\u00e8de naturel, offre une voie vers la s\u00e9r\u00e9nit\u00e9 int\u00e9rieure et l&rsquo;harmonie. C&rsquo;est un moyen de renouer avec la nature, de prendre soin de soi et de cr\u00e9er un \u00e9quilibre pr\u00e9cieux dans nos vies bien remplies.<\/p>\n<h5>Le Chemin vers la Long\u00e9vit\u00e9<\/h5>\n<p>Chez Bird of Paradise, nous voyons le th\u00e9 comme un compagnon sur le chemin de la long\u00e9vit\u00e9. En choisissant des produits de qualit\u00e9, cultiv\u00e9s de mani\u00e8re durable, nous investissons dans notre sant\u00e9 et dans celle de la plan\u00e8te, cr\u00e9ant ainsi une alliance durable entre bien-\u00eatre personnel et respect de l&rsquo;environnement.<\/p>\n\n<p>Rejoignez-nous dans cette aventure sensorielle et bienfaisante. D\u00e9couvrez l&rsquo;essence m\u00eame du th\u00e9 chez Bird of Paradise, o\u00f9 chaque feuille raconte une histoire de tradition, de sant\u00e9, et d&rsquo;amour pour la vie.<\/p>\t\t\t\t\t\t\t\t<\/div>\n\t\t\t\t<\/div>\n\t\t\t\t\t<\/div>\n\t\t\t\t<\/div>\n\t\t\t\t<\/div>\n\t\t","protected":false},"excerpt":{"rendered":"<p>Qui nous sommes Bienvenue chez Bird of Paradise, une entreprise familiale n\u00e9e de notre passion commune pour le th\u00e9 et la sant\u00e9. Chez nous, chaque tasse de th\u00e9 est bien plus qu&rsquo;une simple boisson. C&rsquo;est une invitation \u00e0 embrasser une vie \u00e9quilibr\u00e9e, \u00e0 nourrir le corps et l&rsquo;esprit, et \u00e0 cultiver une harmonie essentielle pour [&hellip;]<\/p>\n","protected":false},"author":1,"featured_media":0,"parent":0,"menu_order":0,"comment_status":"closed","ping_status":"closed","template":"template-homepage.php","meta":{"footnotes":""},"class_list":["post-177","page","type-page","status-publish","hentry"],"_links":{"self":[{"href":"https:\/\/birdofparadise.pt\/fr\/wp-json\/wp\/v2\/pages\/177","targetHints":{"allow":["GET"]}}],"collection":[{"href":"https:\/\/birdofparadise.pt\/fr\/wp-json\/wp\/v2\/pages"}],"about":[{"href":"https:\/\/birdofparadise.pt\/fr\/wp-json\/wp\/v2\/types\/page"}],"author":[{"embeddable":true,"href":"https:\/\/birdofparadise.pt\/fr\/wp-json\/wp\/v2\/users\/1"}],"replies":[{"embeddable":true,"href":"https:\/\/birdofparadise.pt\/fr\/wp-json\/wp\/v2\/comments?post=177"}],"version-history":[{"count":0,"href":"https:\/\/birdofparadise.pt\/fr\/wp-json\/wp\/v2\/pages\/177\/revisions"}],"wp:attachment":[{"href":"https:\/\/birdofparadise.pt\/fr\/wp-json\/wp\/v2\/media?parent=177"}],"curies":[{"name":"wp","href":"https:\/\/api.w.org\/{rel}","templated":true}]}}