{"id":6749,"date":"2023-11-05T18:52:45","date_gmt":"2023-11-05T17:52:45","guid":{"rendered":"https:\/\/birdofparadise.pt\/wp\/?page_id=6749"},"modified":"2024-10-13T14:15:17","modified_gmt":"2024-10-13T13:15:17","slug":"conditions-generales-de-vente","status":"publish","type":"page","link":"https:\/\/birdofparadise.pt\/fr\/conditions-generales-de-vente\/","title":{"rendered":"Conditions g\u00e9n\u00e9rales de vente"},"content":{"rendered":"\t\t<div data-elementor-type=\"wp-page\" data-elementor-id=\"6749\" class=\"elementor elementor-6749\">\n\t\t\t\t<div class=\"elementor-element elementor-element-b0c6ffe e-flex e-con-boxed e-con e-parent\" data-id=\"b0c6ffe\" data-element_type=\"container\" data-e-type=\"container\">\n\t\t\t\t\t<div class=\"e-con-inner\">\n\t\t\t\t<div class=\"elementor-element elementor-element-3b56cc5 elementor-widget elementor-widget-text-editor\" data-id=\"3b56cc5\" data-element_type=\"widget\" data-e-type=\"widget\" data-widget_type=\"text-editor.default\">\n\t\t\t\t<div class=\"elementor-widget-container\">\n\t\t\t\t\t\t\t\t\t<h3>1. Acceptation des Conditions G\u00e9n\u00e9rales de Vente<\/h3><p>En effectuant un achat sur le site web de Bird of Paradise, vous acceptez les pr\u00e9sentes Conditions G\u00e9n\u00e9rales de Vente. Veuillez les lire attentivement avant de proc\u00e9der \u00e0 une commande.<\/p><h3>2. Produits et Commandes<\/h3><h4>2.1. Description des Produits<\/h4><p>Nous nous effor\u00e7ons de fournir des descriptions pr\u00e9cises de nos produits. Cependant, des variations peuvent exister. Les images, bien que bas\u00e9es sur des \u00e9chantillons de chaque produit que nous vendons, sont fournies \u00e0 titre illustratif seulement. Des variations naturelles d&rsquo;un lot \u00e0 l&rsquo;autre peuvent exister sans que la qualit\u00e9 du produit n&rsquo;en soit alt\u00e9r\u00e9e.<\/p><h4>2.2. Commandes<\/h4><p>En passant une commande, vous nous garantissez que vous avez l&rsquo;\u00e2ge l\u00e9gal pour acheter les produits.<\/p><h3>3. Prix et Paiement<\/h3><h4>3.1. Prix<\/h4><p>Les prix des produits sont indiqu\u00e9s en euros. Ils sont sujets \u00e0 modification sans pr\u00e9avis, sauf pour les commandes d\u00e9j\u00e0 confirm\u00e9es.<\/p><h4>3.2. Paiement<\/h4><p>Les paiements sont trait\u00e9s de mani\u00e8re s\u00e9curis\u00e9e. Les options de paiement disponibles sont sp\u00e9cifi\u00e9es lors du processus de commande.<\/p><h3>4. Livraison<\/h3><h4>4.1. Frais de Livraison<\/h4><p>Les frais de livraison sont indiqu\u00e9s lors du processus de commande. Ils d\u00e9pendent de la destination et du poids de la commande. Pour toute commande sup\u00e9rieure \u00e0 40 euros, nous vous offrons les frais de livraison.<\/p><h4>4.2. D\u00e9lais de Livraison<\/h4><p>Les d\u00e9lais de livraison estim\u00e9s sont fournis \u00e0 titre indicatif. Nous nous engageons \u00e0 envoyer votre commande le jour ouvrable suivant ou le jour m\u00eame si la commande est pass\u00e9e avant 13h (UTC+1). Tous nos th\u00e9s en vente sur le site sont en stock pr\u00eats \u00e0 \u00eatre envoy\u00e9s, \u00e0 l&rsquo;exception des accessoires pour lesquels nous nous donnons un d\u00e9lai de 72h maximum au cas o\u00f9 l&rsquo;article ne serait pas en stock. Nous ne sommes pas responsables des retards imputables aux transporteurs. Nous nous engageons \u00e0 vous fournir un suivi de la livraison.<\/p><h3>5. Droit de R\u00e9tractation<\/h3><h4>5.1. D\u00e9lai de R\u00e9tractation<\/h4><p>Conform\u00e9ment \u00e0 la l\u00e9gislation de l&rsquo;Union Europ\u00e9enne, vous avez le droit de vous r\u00e9tracter de votre achat dans un d\u00e9lai de 14 jours \u00e0 compter de la r\u00e9ception des produits, sauf pour les produits exclus du droit de r\u00e9tractation (voir notre Politique de retours et remboursements).<\/p><h4>5.2. Exceptions au Droit de R\u00e9tractation<\/h4><p>Les sachets ouverts sont exclus du droit de r\u00e9tractation, conform\u00e9ment \u00e0 la l\u00e9gislation europ\u00e9enne.<\/p><h3>6. Remboursements et Retours<\/h3><p>Les d\u00e9tails concernant les remboursements et les retours sont sp\u00e9cifi\u00e9s dans notre Politique de Remboursement et de Retours disponible sur notre site web.<\/p><h3>7. Limitation de Responsabilit\u00e9<\/h3><p>Bird of Paradise ne peut \u00eatre tenu responsable des dommages indirects, cons\u00e9cutifs ou sp\u00e9ciaux r\u00e9sultant de l&rsquo;utilisation de nos produits. Il appartient au client de se renseigner sur les contre-indications m\u00e9dicamenteuses ou une condition m\u00e9dicale particuli\u00e8re qui rendrait la consommation du th\u00e9 non-d\u00e9sirable.<\/p><h3>8. Modifications des Conditions G\u00e9n\u00e9rales de Vente<\/h3><p>Nous nous r\u00e9servons le droit de modifier les pr\u00e9sentes Conditions G\u00e9n\u00e9rales de Vente \u00e0 tout moment. Les modifications seront effectives d\u00e8s leur publication sur notre site web.<\/p><h3>9. Contact<\/h3><p>Pour toute question concernant vos commandes ou ces Conditions G\u00e9n\u00e9rales de Vente, veuillez nous contacter \u00e0 <a href=\"mailto:info@birdofparadise.pt\">info@birdofparadise.pt<\/a><\/p><p>Merci de faire confiance \u00e0 Bird of Paradise !<\/p>\t\t\t\t\t\t\t\t<\/div>\n\t\t\t\t<\/div>\n\t\t\t\t\t<\/div>\n\t\t\t\t<\/div>\n\t\t\t\t<\/div>\n\t\t","protected":false},"excerpt":{"rendered":"<p>1. Acceptation des Conditions G\u00e9n\u00e9rales de Vente En effectuant un achat sur le site web de Bird of Paradise, vous acceptez les pr\u00e9sentes Conditions G\u00e9n\u00e9rales de Vente. Veuillez les lire attentivement avant de proc\u00e9der \u00e0 une commande. 2. Produits et Commandes 2.1. Description des Produits Nous nous effor\u00e7ons de fournir des descriptions pr\u00e9cises de nos [&hellip;]<\/p>\n","protected":false},"author":1,"featured_media":0,"parent":0,"menu_order":0,"comment_status":"closed","ping_status":"closed","template":"","meta":{"footnotes":""},"class_list":["post-6749","page","type-page","status-publish","hentry"],"_links":{"self":[{"href":"https:\/\/birdofparadise.pt\/fr\/wp-json\/wp\/v2\/pages\/6749","targetHints":{"allow":["GET"]}}],"collection":[{"href":"https:\/\/birdofparadise.pt\/fr\/wp-json\/wp\/v2\/pages"}],"about":[{"href":"https:\/\/birdofparadise.pt\/fr\/wp-json\/wp\/v2\/types\/page"}],"author":[{"embeddable":true,"href":"https:\/\/birdofparadise.pt\/fr\/wp-json\/wp\/v2\/users\/1"}],"replies":[{"embeddable":true,"href":"https:\/\/birdofparadise.pt\/fr\/wp-json\/wp\/v2\/comments?post=6749"}],"version-history":[{"count":0,"href":"https:\/\/birdofparadise.pt\/fr\/wp-json\/wp\/v2\/pages\/6749\/revisions"}],"wp:attachment":[{"href":"https:\/\/birdofparadise.pt\/fr\/wp-json\/wp\/v2\/media?parent=6749"}],"curies":[{"name":"wp","href":"https:\/\/api.w.org\/{rel}","templated":true}]}}