{"id":9999,"date":"2024-01-23T12:37:18","date_gmt":"2024-01-23T11:37:18","guid":{"rendered":"https:\/\/birdofparadise.pt\/?page_id=9999"},"modified":"2024-03-17T17:06:09","modified_gmt":"2024-03-17T16:06:09","slug":"origine-de-nos-ingredients","status":"publish","type":"page","link":"https:\/\/birdofparadise.pt\/fr\/origine-de-nos-ingredients\/","title":{"rendered":"Origine de nos ingr\u00e9dients"},"content":{"rendered":"\t\t<div data-elementor-type=\"wp-page\" data-elementor-id=\"9999\" class=\"elementor elementor-9999\">\n\t\t\t\t<div class=\"elementor-element elementor-element-415ca90 e-flex e-con-boxed e-con e-parent\" data-id=\"415ca90\" data-element_type=\"container\" data-e-type=\"container\">\n\t\t\t\t\t<div class=\"e-con-inner\">\n\t\t\t\t<div class=\"elementor-element elementor-element-14241b9 elementor-widget elementor-widget-heading\" data-id=\"14241b9\" data-element_type=\"widget\" data-e-type=\"widget\" data-widget_type=\"heading.default\">\n\t\t\t\t<div class=\"elementor-widget-container\">\n\t\t\t\t\t<h3 class=\"elementor-heading-title elementor-size-default\">Origine de nos ingr\u00e9dients<\/h3>\t\t\t\t<\/div>\n\t\t\t\t<\/div>\n\t\t\t\t\t<\/div>\n\t\t\t\t<\/div>\n\t\t<div class=\"elementor-element elementor-element-45d38e2 e-flex e-con-boxed e-con e-parent\" data-id=\"45d38e2\" data-element_type=\"container\" data-e-type=\"container\">\n\t\t\t\t\t<div class=\"e-con-inner\">\n\t\t\t\t<div class=\"elementor-element elementor-element-d878b51 elementor-widget elementor-widget-text-editor\" data-id=\"d878b51\" data-element_type=\"widget\" data-e-type=\"widget\" data-widget_type=\"text-editor.default\">\n\t\t\t\t<div class=\"elementor-widget-container\">\n\t\t\t\t\t\t\t\t\t<p><a href=\"https:\/\/birdofparadise.pt\/wp-content\/uploads\/2024\/01\/MapChart_Map-e1706010402303.png\"><img fetchpriority=\"high\" decoding=\"async\" class=\"alignnone wp-image-10003 size-full\" title=\"Origine de nos ingr\u00e9dients\" src=\"https:\/\/birdofparadise.pt\/wp-content\/uploads\/2024\/01\/MapChart_Map-e1706010402303.png\" alt=\"Origine de nos ingr\u00e9dients\" width=\"600\" height=\"316\" \/><\/a><\/p><table width=\"1155\"><tbody><tr><td width=\"160\">AFRIQUE DU SUD<\/td><td width=\"995\">Rooibos<\/td><\/tr><tr><td>ALLEMAGNE<\/td><td width=\"995\">Carvi, Ciboulette, Estragon, Marjolaine, Moutarde, Persil, Thym<\/td><\/tr><tr><td>AUTRICHE<\/td><td width=\"995\">Alch\u00e9mille, M\u00e9lisse, Menthes, Moutardes, Ortie, Panais, Liv\u00e8che<\/td><\/tr><tr><td>BOSNIE<\/td><td width=\"995\">Geni\u00e8vre, Laurier, Sauge, Ail des ours<\/td><\/tr><tr><td>BR\u00c9SIL<\/td><td width=\"995\">F\u00e8ve de Tonka<\/td><\/tr><tr><td>BR\u00c9SIL<\/td><td width=\"995\">Mat\u00e9 vert<\/td><\/tr><tr><td>BURKINA-FASO<\/td><td width=\"995\">Hibiscus<\/td><\/tr><tr><td>CAMBODGE<\/td><td width=\"995\">Poivre de Kampot noir IGP, Poivre de Kampot rouge IGP<\/td><\/tr><tr><td>CHINE<\/td><td width=\"995\">Th\u00e9 vert, th\u00e9 noir<\/td><\/tr><tr><td>\u00c9GYPTE<\/td><td width=\"995\">Basilic, Marjolaine, Oignon, Hibiscus<\/td><\/tr><tr><td>ESPAGNE<\/td><td width=\"995\">Citron (\u00e9corce), Orange (\u00e9corces), Piment doux, R\u00e9glisse, Thym, Thym citronn\u00e9, Verveine<\/td><\/tr><tr><td>FRANCE<\/td><td width=\"995\">Origan vert, Romarin, Sarriette -Thym, Thym citronn\u00e9, Cassis, Achill\u00e9e millefeuille, Bardane, Bourrache, Hysope, Olivier, Origan, Pissenlit, Tilleul aubier, Tilleul bract\u00e9e, Lavande Bleuet, Mauve, Souci, Anis, Carvi, Coriandre graine, Cumin, Fenouil, Nigelle, Pavot, M\u00e9lisse, Menthe douce, Menthe poivr\u00e9e, Sauge Ail, \u00c9chalote, Oignon, Aub\u00e9pine, Bouleau, Bruy\u00e8re, Cynorrhodon, Framboisier, Fr\u00eane, Gentiane, Guimauve, Myrtillier, Pin (bourgeons), Reine des Pr\u00e9s, Sureau, Vigne rouge- Piment d&rsquo;Espelette, Fenugrec, Marjolaine<\/td><\/tr><tr><td>GR\u00c8CE<\/td><td width=\"995\">Laurier, Origan, Romarin, Thym<\/td><\/tr><tr><td>GUATEMALA<\/td><td width=\"995\">Cardamome, Piment de la Jama\u00efque<\/td><\/tr><tr><td>HONGRIE<\/td><td width=\"995\">Betterave, Panais, Paprika, Poireau<\/td><\/tr><tr><td>INDE (K\u00e9rala)<\/td><td width=\"995\">Poivre vert, Th\u00e9s noir et vert, Moutarde<\/td><\/tr><tr><td>IRAN<\/td><td width=\"995\">Rose de Damas, Safran, Cumin, Sumac<\/td><\/tr><tr><td>ITALIE<\/td><td width=\"995\">R\u00e9glisse, Tomate<\/td><\/tr><tr><td>JAPON<\/td><td width=\"995\">Th\u00e9 Matcha<\/td><\/tr><tr><td>LITUANIE<\/td><td width=\"995\">Carvi<\/td><\/tr><tr><td>MADAGASCAR<\/td><td width=\"995\">Poivre noir, Curcuma, Vanille Baies Roses, Cannelle tuyaux, Cannelle \u00e9corce gratt\u00e9e, Cannelle \u00e9corce non gratt\u00e9e, Combava -Gingembre, Girofle<\/td><\/tr><tr><td>MAROC<\/td><td width=\"995\">Bigaradier, Boutons, feuilles et \u00e9corces d&rsquo;Oranger, \u00c9corce de citron, verveine<\/td><\/tr><tr><td>PARAGUAY<\/td><td width=\"995\">Sucre de canne<\/td><\/tr><tr><td>P\u00c9ROU<\/td><td width=\"995\">Gingembre<\/td><\/tr><tr><td>PORTUGAL<\/td><td width=\"995\">Citronnelle, Eucalyptus, Thym, Thym citronn\u00e9, Verveine<\/td><\/tr><tr><td>SRI-LANKA<\/td><td width=\"995\">Citronnelle, Girofle, Muscade<\/td><\/tr><tr><td>TURQUIE<\/td><td width=\"995\">Anis, Cumin, Fenouil, Queues de cerise<\/td><\/tr><\/tbody><\/table>\t\t\t\t\t\t\t\t<\/div>\n\t\t\t\t<\/div>\n\t\t\t\t\t<\/div>\n\t\t\t\t<\/div>\n\t\t\t\t<\/div>\n\t\t","protected":false},"excerpt":{"rendered":"<p>Origine de nos ingr\u00e9dients AFRIQUE DU SUD Rooibos ALLEMAGNE Carvi, Ciboulette, Estragon, Marjolaine, Moutarde, Persil, Thym AUTRICHE Alch\u00e9mille, M\u00e9lisse, Menthes, Moutardes, Ortie, Panais, Liv\u00e8che BOSNIE Geni\u00e8vre, Laurier, Sauge, Ail des ours BR\u00c9SIL F\u00e8ve de Tonka BR\u00c9SIL Mat\u00e9 vert BURKINA-FASO Hibiscus CAMBODGE Poivre de Kampot noir IGP, Poivre de Kampot rouge IGP CHINE Th\u00e9 vert, th\u00e9 [&hellip;]<\/p>\n","protected":false},"author":1,"featured_media":10003,"parent":0,"menu_order":0,"comment_status":"closed","ping_status":"closed","template":"elementor_theme","meta":{"footnotes":""},"class_list":["post-9999","page","type-page","status-publish","has-post-thumbnail","hentry"],"_links":{"self":[{"href":"https:\/\/birdofparadise.pt\/fr\/wp-json\/wp\/v2\/pages\/9999","targetHints":{"allow":["GET"]}}],"collection":[{"href":"https:\/\/birdofparadise.pt\/fr\/wp-json\/wp\/v2\/pages"}],"about":[{"href":"https:\/\/birdofparadise.pt\/fr\/wp-json\/wp\/v2\/types\/page"}],"author":[{"embeddable":true,"href":"https:\/\/birdofparadise.pt\/fr\/wp-json\/wp\/v2\/users\/1"}],"replies":[{"embeddable":true,"href":"https:\/\/birdofparadise.pt\/fr\/wp-json\/wp\/v2\/comments?post=9999"}],"version-history":[{"count":0,"href":"https:\/\/birdofparadise.pt\/fr\/wp-json\/wp\/v2\/pages\/9999\/revisions"}],"wp:featuredmedia":[{"embeddable":true,"href":"https:\/\/birdofparadise.pt\/fr\/wp-json\/wp\/v2\/media\/10003"}],"wp:attachment":[{"href":"https:\/\/birdofparadise.pt\/fr\/wp-json\/wp\/v2\/media?parent=9999"}],"curies":[{"name":"wp","href":"https:\/\/api.w.org\/{rel}","templated":true}]}}