{"id":13945,"date":"2024-06-03T11:32:24","date_gmt":"2024-06-03T10:32:24","guid":{"rendered":"https:\/\/birdofparadise.pt\/produit\/chai-latte\/"},"modified":"2025-04-02T15:40:31","modified_gmt":"2025-04-02T14:40:31","slug":"chai-latte","status":"publish","type":"product","link":"https:\/\/birdofparadise.pt\/fr\/produit\/chai-latte\/","title":{"rendered":"Cha\u00ef Latte"},"content":{"rendered":"<p>O cha\u00ef latte tem uma longa hist\u00f3ria. Le th\u00e9 est originaire de l&rsquo;Inde, o\u00f9 il est utilis\u00e9 depuis des si\u00e8cles comme rem\u00e8de \u00e0 divers maux.<\/p>\n<p>Il s&rsquo;agit d&rsquo;un th\u00e9 compos\u00e9 de th\u00e9 noir Assam et d&rsquo;\u00e9pices telles que la cannelle, le gingembre, l&rsquo;anis et la cardamome. Cette combinaison d&rsquo;\u00e9pices conf\u00e8re au th\u00e9 sa saveur caract\u00e9ristique et son ar\u00f4me d\u00e9licieux.<\/p>\n<p>Le Chai Latte est quelque chose de tr\u00e8s sp\u00e9cial : il est fabriqu\u00e9 avec des ingr\u00e9dients de haute qualit\u00e9, sans exhausteurs de go\u00fbt artificiels ni fruits confits. Notre chai latte biologique est pr\u00e9par\u00e9 selon des recettes traditionnelles &#8211; avec un ar\u00f4me naturel de vanille bourbon, de la racine de r\u00e9glisse, du poivre noir et des morceaux de vanille pour une touche sp\u00e9ciale.<\/p>\n<p>Il a un go\u00fbt cors\u00e9 et un d\u00e9licieux ar\u00f4me de vanille &#8211; un moment de plaisir parfait ! Tous les ingr\u00e9dients sont 100 % biologiques et soumis aux contr\u00f4les de qualit\u00e9 les plus stricts. Profitez du charme \u00e9pic\u00e9 de l&rsquo;Orient.<\/p>\n<h6>Composition :<\/h6>\n<p>Th\u00e9 noir d&rsquo;Assam* (Inde), cannelle*, gingembre*, anis*, ar\u00f4me naturel de vanille bourbon, racine de r\u00e9glisse*, cardamome*, poivre noir*, morceaux de vanille*.<\/p>\n<p>*Ingr\u00e9dients issus de l&rsquo;agriculture biologique DE-\u00d6KO-039 (Certifi\u00e9 conform\u00e9ment au r\u00e8glement europ\u00e9en sur l&rsquo;agriculture biologique. Agriculture UE \/Agriculture en dehors de l&rsquo;UE). Produit non certifi\u00e9 bio dans sa forme finale (conditionnement). <\/p>\n<h6>Conseils de pr\u00e9paration :<\/h6>\n<ul>\n<li>Dosage : 12 &#8211; 15 g\/L<\/li>\n<li>Dur\u00e9e d&rsquo;infusion: 2 &#8211; 4 minutes<\/li>\n<li>Temp\u00e9rature d&rsquo;infusion : 80\u00b0 C<\/li>\n<\/ul>\n","protected":false},"excerpt":{"rendered":"<p>Un d\u00e9licieux m\u00e9lange aromatique de th\u00e9s noirs indiens avec les \u00e9pices traditionnelles du chai. Le th\u00e9 CHAI LATTE est un v\u00e9ritable regain d&rsquo;\u00e9nergie gr\u00e2ce \u00e0 des \u00e9pices telles que la cannelle, le gingembre, la r\u00e9glisse, le fenouil, le poivre rose et le clou de girofle. Il peut \u00eatre bu en infusion ou en d\u00e9coction, dans un style plus hindou.<\/p>\n<p>Le masala chai est une boisson typique du sud de l&rsquo;Inde, faite d&rsquo;un m\u00e9lange de th\u00e9 avec des \u00e9pices, des herbes et du sucre. Th\u00e9 noir \u00e9nergisant, stimulant et d\u00e9toxifiant aux \u00e9pices.<\/p>\n","protected":false},"featured_media":18198,"comment_status":"open","ping_status":"closed","template":"","meta":[],"product_cat":[60,94,267,38,66],"product_tag":[],"class_list":{"0":"post-13945","1":"product","2":"type-product","3":"status-publish","4":"has-post-thumbnail","6":"product_brand-bird-of-paradise","7":"product_cat-thes-noirs","8":"product_cat-inde","9":"product_cat-thes-de-noel","10":"product_cat-thes-classiques","11":"product_cat-thes-therapeutiques","13":"first","14":"outofstock","15":"taxable","16":"shipping-taxable","17":"product-type-variable"},"_links":{"self":[{"href":"https:\/\/birdofparadise.pt\/fr\/wp-json\/wp\/v2\/product\/13945","targetHints":{"allow":["GET"]}}],"collection":[{"href":"https:\/\/birdofparadise.pt\/fr\/wp-json\/wp\/v2\/product"}],"about":[{"href":"https:\/\/birdofparadise.pt\/fr\/wp-json\/wp\/v2\/types\/product"}],"replies":[{"embeddable":true,"href":"https:\/\/birdofparadise.pt\/fr\/wp-json\/wp\/v2\/comments?post=13945"}],"version-history":[{"count":0,"href":"https:\/\/birdofparadise.pt\/fr\/wp-json\/wp\/v2\/product\/13945\/revisions"}],"wp:featuredmedia":[{"embeddable":true,"href":"https:\/\/birdofparadise.pt\/fr\/wp-json\/wp\/v2\/media\/18198"}],"wp:attachment":[{"href":"https:\/\/birdofparadise.pt\/fr\/wp-json\/wp\/v2\/media?parent=13945"}],"wp:term":[{"taxonomy":"product_cat","embeddable":true,"href":"https:\/\/birdofparadise.pt\/fr\/wp-json\/wp\/v2\/product_cat?post=13945"},{"taxonomy":"product_tag","embeddable":true,"href":"https:\/\/birdofparadise.pt\/fr\/wp-json\/wp\/v2\/product_tag?post=13945"}],"curies":[{"name":"wp","href":"https:\/\/api.w.org\/{rel}","templated":true}]}}